{"id":953,"date":"2014-10-05T11:58:47","date_gmt":"2014-10-05T09:58:47","guid":{"rendered":"http:\/\/wp1.tv-jugenheim.de\/?page_id=953"},"modified":"2026-01-06T17:46:12","modified_gmt":"2026-01-06T16:46:12","slug":"walking","status":"publish","type":"page","link":"https:\/\/tv-jugenheim.de\/wp2\/abteilung\/fitness\/walking\/","title":{"rendered":"Walking"},"content":{"rendered":"<p><a href=\"https:\/\/tv-jugenheim.de\/wp-media\/2025\/02\/walking.jpg\"><img loading=\"lazy\" decoding=\"async\" class=\"aligncenter wp-image-6446\" src=\"https:\/\/tv-jugenheim.de\/wp-media\/2025\/02\/walking-1024x768.jpg\" alt=\"Walking Gruppe\" width=\"1024\" height=\"768\" srcset=\"https:\/\/tv-jugenheim.de\/wp2\/..\/wp-media\/2025\/02\/walking-1024x768.jpg 1024w, https:\/\/tv-jugenheim.de\/wp2\/..\/wp-media\/2025\/02\/walking-300x225.jpg 300w, https:\/\/tv-jugenheim.de\/wp2\/..\/wp-media\/2025\/02\/walking-768x576.jpg 768w, https:\/\/tv-jugenheim.de\/wp2\/..\/wp-media\/2025\/02\/walking.jpg 1200w\" sizes=\"auto, (max-width: 1024px) 100vw, 1024px\" \/><\/a><\/p>\n<p>Gehen (engl. Walken), die nat\u00fcrlichste Fortbewegungsart des Menschen, ist in den letzten Jahrzehnten durch Autos, sitzende T\u00e4tigkeiten im Beruf und in der Freizeit immer mehr verdr\u00e4ngt worden. Gleichzeitig haben Herz-Kreislauf-Erkrankungen, \u00dcbergewicht und R\u00fcckenprobleme zugenommen und jeder wei\u00df, dass es da einen signifikanten Zusammenhang gibt. Weniger bekannt ist, dass Walking in der Gruppe auch zum Beispiel gegen Depressionen hilft, weil nicht nur das k\u00f6rperliche Wohlbefinden gesteigert wird sondern auch das Selbstwertgef\u00fchl und das Durchhalteverm\u00f6gen.<\/p>\n<p>Walking ist zudem die ideale Sportart in der Krebsnachsorge und bei Tumorerkrankungen, bei Immunerkrankungen, Diabetes, Osteoporose und nat\u00fcrlich den Herz-Kreislauferkrankungen.<\/p>\n<p>Jetzt fragen sich viele: Warum soll ich denn einen Kurs in einem Verein machen? Das kann ich ja auch alleine. Richtig! Aber tun Sie es auch?<\/p>\n<p>Au\u00dfer netter Gesellschaft bietet Ihnen dieser Kurs die M\u00f6glichkeit, Power-Walken und Intervall-Walken kennen zu lernen, gymnastische \u00dcbungen in den Gehpausen zu absolvieren und Fragen zu den Themen Herz-Kreislauf, Muskulatur und Knochen, Nervensystem und Entspannung, Ern\u00e4hrung und Stressabbau beantwortet zu bekommen<\/p>\n<h2>Und wann soll das Ganze stattfinden?<\/h2>\n<p>Jeden <strong>Montag<\/strong> <strong>10:15 Uhr &#8211; 11:15 Uhr<br \/>\n<\/strong><\/p>\n<p>Bitte beachtet die <a href=\"https:\/\/tv-jugenheim.de\/wp2\/2026\/01\/q1-2026-termine-und-treffpunkte-walking\/\">aktuellen Hinweise zu den Terminen<\/a><\/p>\n<h2>\u00dcbungsleiterinnen<\/h2>\n<p><strong>Karin Tempel<br \/>\n<\/strong>Telefon: 06257 \/ 1317<br \/>\n<strong>Beatrix Fries<\/strong><br \/>\nTel. 06257 \/ 69449<strong><br \/>\n<\/strong><br \/>\neMail: <a href=\"mailto:walking@tv-jugenheim.de\">walking@tv-jugenheim.de<\/a><\/p>\n<figure id=\"attachment_6342\" aria-describedby=\"caption-attachment-6342\" style=\"width: 1200px\" class=\"wp-caption aligncenter\"><img loading=\"lazy\" decoding=\"async\" class=\"wp-image-6342 size-full\" src=\"https:\/\/tv-jugenheim.de\/wp-media\/2024\/10\/20241007_110645.jpg\" alt=\"\" width=\"1200\" height=\"899\" srcset=\"https:\/\/tv-jugenheim.de\/wp2\/..\/wp-media\/2024\/10\/20241007_110645.jpg 1200w, https:\/\/tv-jugenheim.de\/wp2\/..\/wp-media\/2024\/10\/20241007_110645-300x225.jpg 300w, https:\/\/tv-jugenheim.de\/wp2\/..\/wp-media\/2024\/10\/20241007_110645-1024x767.jpg 1024w, https:\/\/tv-jugenheim.de\/wp2\/..\/wp-media\/2024\/10\/20241007_110645-768x575.jpg 768w\" sizes=\"auto, (max-width: 1200px) 100vw, 1200px\" \/><figcaption id=\"caption-attachment-6342\" class=\"wp-caption-text\">Trotz Regen ist die Walkinggruppe unterwegs. Hier am neuen Spielplatz beim Alsbacher Schloss. ( Auf dem Foto fehlen 6 &#8222;Mitwalker&#8220;, darunter auch 3 M\u00e4nner)<\/figcaption><\/figure>\n","protected":false},"excerpt":{"rendered":"<p>Gehen (engl. Walken), die nat\u00fcrlichste Fortbewegungsart des Menschen, ist in den letzten Jahrzehnten durch Autos, sitzende T\u00e4tigkeiten im Beruf und in der Freizeit immer mehr verdr\u00e4ngt worden. Gleichzeitig haben Herz-Kreislauf-Erkrankungen, \u00dcbergewicht und R\u00fcckenprobleme zugenommen und jeder wei\u00df, dass es da einen signifikanten Zusammenhang gibt. Weniger bekannt ist, dass Walking in <a class=\"more-link\" href=\"https:\/\/tv-jugenheim.de\/wp2\/abteilung\/fitness\/walking\/\"><span class=\"screen-reader-text\">  Walking<\/span> weiterlesen<span class=\"meta-nav\">&rarr;<\/span><\/a><\/p>\n","protected":false},"author":2,"featured_media":0,"parent":5263,"menu_order":0,"comment_status":"closed","ping_status":"open","template":"","meta":{"footnotes":""},"class_list":["post-953","page","type-page","status-publish","hentry"],"_links":{"self":[{"href":"https:\/\/tv-jugenheim.de\/wp2\/wp-json\/wp\/v2\/pages\/953","targetHints":{"allow":["GET"]}}],"collection":[{"href":"https:\/\/tv-jugenheim.de\/wp2\/wp-json\/wp\/v2\/pages"}],"about":[{"href":"https:\/\/tv-jugenheim.de\/wp2\/wp-json\/wp\/v2\/types\/page"}],"author":[{"embeddable":true,"href":"https:\/\/tv-jugenheim.de\/wp2\/wp-json\/wp\/v2\/users\/2"}],"replies":[{"embeddable":true,"href":"https:\/\/tv-jugenheim.de\/wp2\/wp-json\/wp\/v2\/comments?post=953"}],"version-history":[{"count":38,"href":"https:\/\/tv-jugenheim.de\/wp2\/wp-json\/wp\/v2\/pages\/953\/revisions"}],"predecessor-version":[{"id":6738,"href":"https:\/\/tv-jugenheim.de\/wp2\/wp-json\/wp\/v2\/pages\/953\/revisions\/6738"}],"up":[{"embeddable":true,"href":"https:\/\/tv-jugenheim.de\/wp2\/wp-json\/wp\/v2\/pages\/5263"}],"wp:attachment":[{"href":"https:\/\/tv-jugenheim.de\/wp2\/wp-json\/wp\/v2\/media?parent=953"}],"curies":[{"name":"wp","href":"https:\/\/api.w.org\/{rel}","templated":true}]}}