{"id":817,"date":"2014-10-04T19:56:20","date_gmt":"2014-10-04T17:56:20","guid":{"rendered":"http:\/\/wp1.tv-jugenheim.de\/?page_id=817"},"modified":"2023-02-05T15:52:55","modified_gmt":"2023-02-05T14:52:55","slug":"veranstaltungen","status":"publish","type":"page","link":"https:\/\/tv-jugenheim.de\/wp2\/abteilung\/jiu-jitsu\/veranstaltungen\/","title":{"rendered":"Veranstaltungen"},"content":{"rendered":"<p>Auch neben dem regul\u00e4ren <a href=\"https:\/\/tv-jugenheim.de\/wp2\/abteilung\/jiu-jitsu\/trainingszeiten\/\">Trainingsangebot<\/a> ist die Jiu-Jitsu-Abteilung aktiv, ob bei verschiedenen <a href=\"https:\/\/tv-jugenheim.de\/wp2\/abteilung\/jiu-jitsu\/veranstaltungen\/jiu-jitsu-lehrgaenge\/\">Lehrg\u00e4ngen<\/a>, bei <a href=\"https:\/\/tv-jugenheim.de\/wp2\/abteilung\/jiu-jitsu\/veranstaltungen\/jiu-jitsu-pruefungen\/\">G\u00fcrtelpr\u00fcfungen<\/a> oder der j\u00e4hrlichen <a href=\"https:\/\/tv-jugenheim.de\/wp2\/abteilung\/jiu-jitsu\/veranstaltungen\/jiu-jitsu-freizeiten\/\">Jiu-Jitsu-Freizeit<\/a> f\u00fcr die Kinder.<\/p>\n","protected":false},"excerpt":{"rendered":"<p>Auch neben dem regul\u00e4ren Trainingsangebot ist die Jiu-Jitsu-Abteilung aktiv, ob bei verschiedenen Lehrg\u00e4ngen, bei G\u00fcrtelpr\u00fcfungen oder der j\u00e4hrlichen Jiu-Jitsu-Freizeit f\u00fcr die Kinder.<\/p>\n","protected":false},"author":10,"featured_media":0,"parent":62,"menu_order":6,"comment_status":"closed","ping_status":"open","template":"","meta":{"footnotes":""},"class_list":["post-817","page","type-page","status-publish","hentry"],"_links":{"self":[{"href":"https:\/\/tv-jugenheim.de\/wp2\/wp-json\/wp\/v2\/pages\/817","targetHints":{"allow":["GET"]}}],"collection":[{"href":"https:\/\/tv-jugenheim.de\/wp2\/wp-json\/wp\/v2\/pages"}],"about":[{"href":"https:\/\/tv-jugenheim.de\/wp2\/wp-json\/wp\/v2\/types\/page"}],"author":[{"embeddable":true,"href":"https:\/\/tv-jugenheim.de\/wp2\/wp-json\/wp\/v2\/users\/10"}],"replies":[{"embeddable":true,"href":"https:\/\/tv-jugenheim.de\/wp2\/wp-json\/wp\/v2\/comments?post=817"}],"version-history":[{"count":3,"href":"https:\/\/tv-jugenheim.de\/wp2\/wp-json\/wp\/v2\/pages\/817\/revisions"}],"predecessor-version":[{"id":5551,"href":"https:\/\/tv-jugenheim.de\/wp2\/wp-json\/wp\/v2\/pages\/817\/revisions\/5551"}],"up":[{"embeddable":true,"href":"https:\/\/tv-jugenheim.de\/wp2\/wp-json\/wp\/v2\/pages\/62"}],"wp:attachment":[{"href":"https:\/\/tv-jugenheim.de\/wp2\/wp-json\/wp\/v2\/media?parent=817"}],"curies":[{"name":"wp","href":"https:\/\/api.w.org\/{rel}","templated":true}]}}