{"id":66,"date":"2014-06-28T17:33:59","date_gmt":"2014-06-28T17:33:59","guid":{"rendered":"http:\/\/wp.tv-jugenheim.de\/?page_id=66"},"modified":"2025-07-02T10:33:44","modified_gmt":"2025-07-02T08:33:44","slug":"sport-fuer-kinder","status":"publish","type":"page","link":"https:\/\/tv-jugenheim.de\/wp2\/abteilung\/sport-fuer-kinder\/","title":{"rendered":"Kinderturnen"},"content":{"rendered":"<p>Der TV Jugenheim bietet f\u00fcr Kinder und Jugendliche jeden Alters ein passendes Angebot:<\/p>\n<ul>\n<li><a title=\"Kinderturnden 8 Monate bis 2 Jahre\" href=\"https:\/\/tv-jugenheim.de\/wp2\/abteilung\/sport-fuer-kinder\/kinderturnen-0-3\/\">Eltern-Kind-Turnen (0 bis 3 Jahre)<\/a><\/li>\n<li><a title=\"Kinderturnen 4 bis 14 Jahre\" href=\"https:\/\/tv-jugenheim.de\/wp2\/abteilung\/sport-fuer-kinder\/kinderturnen-3-14\/\">Kunterbuntes Sportprogramm f\u00fcr Kinder (3 bis 14 Jahre)<\/a><\/li>\n<\/ul>\n<p>Mit dem Eltern-Kind-Turnen werden die j\u00fcngsten Altersgruppen angesprochen. Qualifizierte \u00dcbungsleiterinnen sorgen daf\u00fcr, dass den Kindern Spa\u00df, Bewegung und Sicherheit geboten wird. In dieser Altersgruppe ist die Anwesenheit eines Elternteils m\u00f6glich und dann meist bald aber gar nicht mehr n\u00f6tig.<\/p>\n<p>Das Kinderturnen f\u00f6rdert Kinder der \u00e4lteren Jahrg\u00e4nge. Neben Spielen steht Turnen als wertvolle motorische Grundausbildung im Mittelpunkt. H\u00e4ufig f\u00fchrt der sportliche Weg der Kinder von hier aus in die verschiedenen Sportarten.<\/p>\n<h3>Neuigkeiten der Abteilung<\/h3>\n<ul class=\"lcp_catlist\" id=\"lcp_instance_0\"><li><a href=\"https:\/\/tv-jugenheim.de\/wp2\/2022\/08\/kreativer-kindertanz\/\">Neu ab 23.09.2022: Kreativer Kindertanz<\/a><\/li><li><a href=\"https:\/\/tv-jugenheim.de\/wp2\/2022\/04\/bewegungsfreudige-kinder-gesucht\/\">Bewegungsfreudige Kinder gesucht<\/a><\/li><li><a href=\"https:\/\/tv-jugenheim.de\/wp2\/2022\/03\/eltern-kind-turnen-wird-ab-29-03-wieder-angeboten\/\">Eltern-Kind-Turnen wird ab 29.03. wieder angeboten<\/a><\/li><li><a href=\"https:\/\/tv-jugenheim.de\/wp2\/2021\/10\/uebungsleiter-in-fuer-eltern-kind-turnen-gesucht\/\">\u00dcbungsleiter\/in f\u00fcr Eltern-Kind-Turnen gesucht<\/a><\/li><li><a href=\"https:\/\/tv-jugenheim.de\/wp2\/2017\/12\/weihnachten-2017-kinderturnabteilung\/\">Weihnachten 2017 Kinderturnabteilung<\/a><\/li><li><a href=\"https:\/\/tv-jugenheim.de\/wp2\/2017\/02\/weihnachtsfeier-2016\/\">Weihnachtsfeier 2016<\/a><\/li><li><a href=\"https:\/\/tv-jugenheim.de\/wp2\/2017\/02\/anschaffung-einer-airtrackbahn\/\">Anschaffung einer AIRTRACKBAHN<\/a><\/li><li><a href=\"https:\/\/tv-jugenheim.de\/wp2\/2017\/02\/sportabzeichen-2016\/\">Sportabzeichen 2016<\/a><\/li><li><a href=\"https:\/\/tv-jugenheim.de\/wp2\/2017\/02\/kinderturnen-ab-8-jahre\/\">Kinderturnen ab 8 Jahre<\/a><\/li><li><a href=\"https:\/\/tv-jugenheim.de\/wp2\/2016\/08\/melibokus-rundblick-artikel-auszug-aus-der-festschrift-125-jaehriges\/\">Melibokus Rundblick Artikel<\/a><\/li><\/ul>\n","protected":false},"excerpt":{"rendered":"<p>Der TV Jugenheim bietet f\u00fcr Kinder und Jugendliche jeden Alters ein passendes Angebot: Eltern-Kind-Turnen (0 bis 3 Jahre) Kunterbuntes Sportprogramm f\u00fcr Kinder (3 bis 14 Jahre) Mit dem Eltern-Kind-Turnen werden die j\u00fcngsten Altersgruppen angesprochen. Qualifizierte \u00dcbungsleiterinnen sorgen daf\u00fcr, dass den Kindern Spa\u00df, Bewegung und Sicherheit geboten wird. In dieser Altersgruppe <a class=\"more-link\" href=\"https:\/\/tv-jugenheim.de\/wp2\/abteilung\/sport-fuer-kinder\/\"><span class=\"screen-reader-text\">  Kinderturnen<\/span> weiterlesen<span class=\"meta-nav\">&rarr;<\/span><\/a><\/p>\n","protected":false},"author":2,"featured_media":0,"parent":5,"menu_order":0,"comment_status":"closed","ping_status":"open","template":"","meta":{"footnotes":""},"class_list":["post-66","page","type-page","status-publish","hentry"],"_links":{"self":[{"href":"https:\/\/tv-jugenheim.de\/wp2\/wp-json\/wp\/v2\/pages\/66","targetHints":{"allow":["GET"]}}],"collection":[{"href":"https:\/\/tv-jugenheim.de\/wp2\/wp-json\/wp\/v2\/pages"}],"about":[{"href":"https:\/\/tv-jugenheim.de\/wp2\/wp-json\/wp\/v2\/types\/page"}],"author":[{"embeddable":true,"href":"https:\/\/tv-jugenheim.de\/wp2\/wp-json\/wp\/v2\/users\/2"}],"replies":[{"embeddable":true,"href":"https:\/\/tv-jugenheim.de\/wp2\/wp-json\/wp\/v2\/comments?post=66"}],"version-history":[{"count":21,"href":"https:\/\/tv-jugenheim.de\/wp2\/wp-json\/wp\/v2\/pages\/66\/revisions"}],"predecessor-version":[{"id":6608,"href":"https:\/\/tv-jugenheim.de\/wp2\/wp-json\/wp\/v2\/pages\/66\/revisions\/6608"}],"up":[{"embeddable":true,"href":"https:\/\/tv-jugenheim.de\/wp2\/wp-json\/wp\/v2\/pages\/5"}],"wp:attachment":[{"href":"https:\/\/tv-jugenheim.de\/wp2\/wp-json\/wp\/v2\/media?parent=66"}],"curies":[{"name":"wp","href":"https:\/\/api.w.org\/{rel}","templated":true}]}}