{"id":598,"date":"2014-09-28T14:39:46","date_gmt":"2014-09-28T12:39:46","guid":{"rendered":"http:\/\/wp1.tv-jugenheim.de\/?page_id=598"},"modified":"2025-06-01T12:44:29","modified_gmt":"2025-06-01T10:44:29","slug":"trainingszeiten","status":"publish","type":"page","link":"https:\/\/tv-jugenheim.de\/wp2\/abteilung\/jiu-jitsu\/trainingszeiten\/","title":{"rendered":"Trainingsangebot"},"content":{"rendered":"<p>Die Jiu-Jitsu-Abteilung bietet einmal die Woche Training f\u00fcr <a href=\"https:\/\/tv-jugenheim.de\/wp2\/abteilung\/jiu-jitsu\/trainingszeiten\/kindertraining-2\/\">Kinder <\/a>(6-10 Jahre) und bis zu zweimal die Woche Training f\u00fcr <a href=\"https:\/\/tv-jugenheim.de\/wp2\/abteilung\/jiu-jitsu\/trainingszeiten\/jugendtraining-2\/\">Jugendliche<\/a> (11-15 Jahre), sowie f\u00fcr <a href=\"https:\/\/tv-jugenheim.de\/wp2\/abteilung\/jiu-jitsu\/trainingszeiten\/erwachsenentraining\/\">Erwachsene<\/a> (ab 16 Jahren) an. Die<a href=\"https:\/\/tv-jugenheim.de\/wp2\/abteilung\/jiu-jitsu\/trainingszeiten\/frauen-selbst-sicherheit\/\"> Frauen-Selbst-Sicherheits-Kurse<\/a> werden unregelm\u00e4\u00dfig f\u00fcr M\u00e4dchen und Frauen (ab 16 Jahren) angeboten. <span style=\"color: #a4161c;\">Ein unverbindliches Probetraining in den Gruppen ist jederzeit m\u00f6glich.<\/span> Weitere Informationen erhaltet ihr \u00fcber die <a href=\"https:\/\/tv-jugenheim.de\/wp2\/abteilung\/jiu-jitsu\/trainerteam-2\/\">Trainerinnen und Trainer<\/a> vor Ort oder per E-Mail \u00fcber die Abteilungsleitung (siehe <a href=\"https:\/\/tv-jugenheim.de\/wp2\/abteilung\/jiu-jitsu\/kontakt\/\">Kontakt<\/a>).<\/p>\n<p><span style=\"color: #a4161c;\">In den hessischen Schulferien findet grunds\u00e4tzlich <strong>KEIN<\/strong> Training statt!<\/span><\/p>\n<table>\n<tbody>\n<tr>\n<td width=\"85\"><span style=\"color: #a4161c;\"><strong>Wochentag<\/strong><\/span><\/td>\n<td width=\"179\"><span style=\"color: #a4161c;\"><strong>Trainingsgruppe<\/strong><\/span><\/td>\n<td width=\"163\"><span style=\"color: #a4161c;\"><strong>Trainingszeiten<\/strong><\/span><\/td>\n<td width=\"165\"><span style=\"color: #a4161c;\"><strong>Anschrift des D\u014dj\u014d<\/strong><\/span><\/td>\n<\/tr>\n<tr>\n<td width=\"85\"><strong>Montag<\/strong><\/td>\n<td width=\"179\"><strong>Jugendliche<\/strong><br \/>\n(11-15 Jahre)<\/td>\n<td width=\"163\">19:00 Uhr bis 21:00 Uhr<\/td>\n<td width=\"165\"><a href=\"https:\/\/w3w.co\/bestellt.gesundes.rappen\">B\u00fcrgerhalle Jugenheim (Sportlereingang Gutenbergstra\u00dfe)<\/a>, Bahnhofstra\u00dfe 12<\/td>\n<\/tr>\n<tr>\n<td width=\"85\"><strong>Montag<\/strong><\/td>\n<td width=\"179\"><strong>Erwachsene<\/strong><br \/>\n(ab 16 Jahren)<\/td>\n<td width=\"163\">19:00 Uhr bis 21:00 Uhr<\/td>\n<td width=\"165\"><a href=\"https:\/\/w3w.co\/bestellt.gesundes.rappen\">B\u00fcrgerhalle Jugenheim (Sportlereingang Gutenbergstra\u00dfe)<\/a>, Bahnhofstra\u00dfe 12<\/td>\n<\/tr>\n<tr>\n<td width=\"85\"><strong>Freitag<\/strong><\/td>\n<td width=\"179\"><strong>Kinder <\/strong><br \/>\n(6-10 Jahre)<\/td>\n<td width=\"163\">17:30 Uhr bis 19:00 Uhr<\/td>\n<td width=\"165\">Schuldorf Bergstra\u00dfe, <a href=\"https:\/\/w3w.co\/k\u00fchl.differenz.leine\">Sporthalle 27<\/a>, Sandstra\u00dfe (Seeheim)<\/td>\n<\/tr>\n<tr>\n<td width=\"85\"><strong>Freitag<\/strong><\/td>\n<td width=\"179\"><strong>Jugendliche<\/strong><br \/>\n(11-15 Jahre)<\/td>\n<td width=\"163\">19:00 Uhr bis 20:30 Uhr<\/td>\n<td width=\"165\">Schuldorf Bergstra\u00dfe, <a href=\"https:\/\/w3w.co\/k\u00fchl.differenz.leine\">Sporthalle 27<\/a>, Sandstra\u00dfe (Seeheim)<\/td>\n<\/tr>\n<tr>\n<td width=\"85\"><strong>Freitag<\/strong><\/td>\n<td width=\"179\"><strong>Erwachsene<\/strong><br \/>\n(ab 16 Jahren)<\/td>\n<td width=\"163\">20:30 Uhr bis 22:00 Uhr<\/td>\n<td width=\"165\">Schuldorf Bergstra\u00dfe, <a href=\"https:\/\/w3w.co\/k\u00fchl.differenz.leine\">Sporthalle 27<\/a>, Sandstra\u00dfe (Seeheim)<\/td>\n<\/tr>\n<\/tbody>\n<\/table>\n<p>&nbsp;<\/p>\n","protected":false},"excerpt":{"rendered":"<p>Die Jiu-Jitsu-Abteilung bietet einmal die Woche Training f\u00fcr Kinder (6-10 Jahre) und bis zu zweimal die Woche Training f\u00fcr Jugendliche (11-15 Jahre), sowie f\u00fcr Erwachsene (ab 16 Jahren) an. Die Frauen-Selbst-Sicherheits-Kurse werden unregelm\u00e4\u00dfig f\u00fcr M\u00e4dchen und Frauen (ab 16 Jahren) angeboten. Ein unverbindliches Probetraining in den Gruppen ist jederzeit m\u00f6glich. <a class=\"more-link\" href=\"https:\/\/tv-jugenheim.de\/wp2\/abteilung\/jiu-jitsu\/trainingszeiten\/\"><span class=\"screen-reader-text\">  Trainingsangebot<\/span> weiterlesen<span class=\"meta-nav\">&rarr;<\/span><\/a><\/p>\n","protected":false},"author":10,"featured_media":0,"parent":62,"menu_order":1,"comment_status":"closed","ping_status":"open","template":"","meta":{"footnotes":""},"class_list":["post-598","page","type-page","status-publish","hentry"],"_links":{"self":[{"href":"https:\/\/tv-jugenheim.de\/wp2\/wp-json\/wp\/v2\/pages\/598","targetHints":{"allow":["GET"]}}],"collection":[{"href":"https:\/\/tv-jugenheim.de\/wp2\/wp-json\/wp\/v2\/pages"}],"about":[{"href":"https:\/\/tv-jugenheim.de\/wp2\/wp-json\/wp\/v2\/types\/page"}],"author":[{"embeddable":true,"href":"https:\/\/tv-jugenheim.de\/wp2\/wp-json\/wp\/v2\/users\/10"}],"replies":[{"embeddable":true,"href":"https:\/\/tv-jugenheim.de\/wp2\/wp-json\/wp\/v2\/comments?post=598"}],"version-history":[{"count":37,"href":"https:\/\/tv-jugenheim.de\/wp2\/wp-json\/wp\/v2\/pages\/598\/revisions"}],"predecessor-version":[{"id":6571,"href":"https:\/\/tv-jugenheim.de\/wp2\/wp-json\/wp\/v2\/pages\/598\/revisions\/6571"}],"up":[{"embeddable":true,"href":"https:\/\/tv-jugenheim.de\/wp2\/wp-json\/wp\/v2\/pages\/62"}],"wp:attachment":[{"href":"https:\/\/tv-jugenheim.de\/wp2\/wp-json\/wp\/v2\/media?parent=598"}],"curies":[{"name":"wp","href":"https:\/\/api.w.org\/{rel}","templated":true}]}}