{"id":5389,"date":"2022-12-19T15:24:22","date_gmt":"2022-12-19T14:24:22","guid":{"rendered":"http:\/\/wp1.tv-jugenheim.de\/?page_id=5389"},"modified":"2022-12-24T12:25:28","modified_gmt":"2022-12-24T11:25:28","slug":"historie","status":"publish","type":"page","link":"https:\/\/tv-jugenheim.de\/wp2\/abteilung\/jiu-jitsu\/ueber-jiu-jitsu\/historie\/","title":{"rendered":"Historie"},"content":{"rendered":"<p style=\"text-align: center;\"><em><strong>\u201eJiu-Jitsu hat es mit manchen anderen gro\u00dfen Weisheiten, die von Generation zu Generation unter den Menschen lebendig sind, gemeinsam, da\u00df \u00fcber seinem Ursprung ein geheimnisvoller Schleier liegt.\u201c<\/strong><\/em><br \/>\n\u2013 <em>Hiro Hasegawa<\/em> \u2013<sup><a id=\"anker1\" title=\"Zur Erl\u00e4uterung\" href=\"#fn1\">[1] <\/a><\/sup><\/p>\n<p>&#8211; in Bearbeitung &#8211;<\/p>\n<p>Jiu-Jitsu wurde von Samurai praktiziert, um bei einem Verlust oder Verbot der Hauptwaffen (Japanisches Schwert (Katana), Speer, Schwertlanze, Bogen) waffenlos oder mit Zweitwaffen weiterk\u00e4mpfen zu k\u00f6nnen. Es wurde zun\u00e4chst als geheime Kunst nur innerhalb des Adels weitergegeben, im Laufe der Zeit wurde es aber auch von nichtadligen Japanern ausge\u00fcbt.<\/p>\n<p>Ziel des Jiu-Jitsu ist es, einen Angreifer \u2013 ungeachtet dessen, ob er bewaffnet ist oder nicht \u2013 m\u00f6glichst effizient unsch\u00e4dlich zu machen. Dies kann durch Schlag-, Tritt-, Sto\u00df-, Wurf-, Hebel- und W\u00fcrgetechniken geschehen, indem der Angreifer unter Kontrolle gebracht oder kampfunf\u00e4hig gemacht wird. Dabei soll beim Jiu-Jitsu nicht Kraft gegen Kraft aufgewendet werden, sondern \u2013 nach dem Prinzip<\/p>\n<p>\u201eSiegen durch Nachgeben\u201c<\/p>\n<p>so viel wie m\u00f6glich der Kraft des Angreifers gegen ihn selbst verwendet werden.<\/p>\n<p>Geschichte und Realit\u00e4t<\/p>\n<p>Den Ursprung f\u00fcr die meisten Budo-Sportarten vermutet man in Verbindung mit der \u00fcber 3000 Jahre alten indischen Massagekunst, in der schon \u00fcber 100 schmerz- und lebensempfindliche Stellen am menschlichen K\u00f6rper bekannt waren. Genaue Herkunft und historischer Ursprung des Jiu-Jitsu sind unbekannt. Verschiedene Thesen, die einander nicht ausschlie\u00dfen, werden dazu genannt.<\/p>\n<p>Erw\u00e4hnenswert ist dazu folgendes:<br \/>\nJiu-Jitsu ist offenbar im Zuge des Kulturaustausches durch M\u00f6nche und H\u00e4ndler nach Japan gekommen. Belegt ist aber auch, dass die Samurai waffenlose Kampfsysteme kannten, mit denen sie sich verteidigen konnten, wenn sie vom Pferd gefallen oder entwaffnet worden waren. Da das Sumo schon lange in Japan bekannt war, ist davon auszugehen, dass die Ringtechniken der Krieger in R\u00fcstungen, die Kumiuchi genannt wurden, schon gewisse Griffe beinhalteten, die sp\u00e4ter im Jiu-Jitsu auftauchten.<\/p>\n<p>Schon im 12. Jahrhundert hat es eine japanische Schule f\u00fcr den Handkampf gegeben, die von Shinra Saburo gegr\u00fcndet wurde. Inwieweit hier bereits chinesische Techniken Einfluss nahmen, ist nicht nachvollziehbar.<br \/>\nDer eigentliche Impuls ging vom Chinesen Chin-Gen-Pin aus, der 1659 nach Japan kam und dort drei Samurai in einer Art des chinesischen Boxens unterrichtete. Diese Samurai verbanden diese Techniken mit dem, was sie schon kannten und nannten es \u201eJiu-Jitsu\u201c, die nachgiebige Kriegstechnik.<\/p>\n<p>Nachdem das Jiu-Jitsu einmal bekannt war, wurde es an vielen Schulen, die ihre speziellen Techniken jedoch geheim hielten, vermittelt. In B\u00fcchern und Schriftrollen waren die verschiedenen Techniken zwar beschrieben, diese Dokumente blieben aber innerhalb der Schulen und wurden immer nur dem jeweiligen Oberhaupt \u00fcbergeben. W\u00e4hrend der Tokugawa-Zeit gab es \u00fcber 100 Schulen f\u00fcr Jiu-Jitsu. Aus diesem Umstand erkl\u00e4rt sich die Vielfalt des Jiu-Jitsu.<br \/>\nIn Japan selbst ist der Ausdruck Jiu-Jitsu weniger gel\u00e4ufig, als die unter diesem Sammelbegriff subsummierten traditionellen Schulen beziehungsweise Stilrichtungen wie Takeuchi, Tai Jitsu, Yoshin ryu, Shinyo ryu, Yawara, Aiki Jitsu der Daito ryu oder Hakko ryu. All diese Stile sind im Laufe des 20. Jahrhunderts vereinzelt nach Europa gekommen. Die meisten erreichten uns jedoch erst nach dem 2. Weltkrieg.<\/p>\n<p>Jiu-Jitsu hat eine weltweite Verbreitung gefunden. Das Weltzentrum f\u00fcr Jiu-Jitsu, die Nippon Seibukan Academy in Kyoto, Japan, wurde 1968 durch die UNESCO als B-Mitglied international anerkannt. Japanisches Jiu-Jitsu, wie es heute noch in verschiedenen Stilformen \u00fcberliefert wird, ist weit \u00fcber seinen Selbstverteidigungswert hinaus ein Lebensstil von hoher Ethik, \u00d6konomie und \u00c4sthetik. Wenngleich die Praxis einen sportlichen Aspekt hat, so ist Jiu-Jitsu nicht in erster Linie Sport.<\/p>\n<hr \/>\n<div style=\"font-size: 12px;\">\n<ul style=\"list-style-type: none;\">\n<li id=\"fn1\"><a href=\"#anker1\">[1]<\/a>\u00a0 <em>Hasegawa<\/em>, Jiu-Jitsu, Judo &#8211; Die Kunst der Selbstverteidigung, Lindau (Bodensee) 1957 , S. 19.<\/li>\n<\/ul>\n<\/div>\n","protected":false},"excerpt":{"rendered":"<p>\u201eJiu-Jitsu hat es mit manchen anderen gro\u00dfen Weisheiten, die von Generation zu Generation unter den Menschen lebendig sind, gemeinsam, da\u00df \u00fcber seinem Ursprung ein geheimnisvoller Schleier liegt.\u201c \u2013 Hiro Hasegawa \u2013[1] &#8211; in Bearbeitung &#8211; Jiu-Jitsu wurde von Samurai praktiziert, um bei einem Verlust oder Verbot der Hauptwaffen (Japanisches Schwert <a class=\"more-link\" href=\"https:\/\/tv-jugenheim.de\/wp2\/abteilung\/jiu-jitsu\/ueber-jiu-jitsu\/historie\/\"><span class=\"screen-reader-text\">  Historie<\/span> weiterlesen<span class=\"meta-nav\">&rarr;<\/span><\/a><\/p>\n","protected":false},"author":10,"featured_media":0,"parent":5382,"menu_order":0,"comment_status":"closed","ping_status":"closed","template":"","meta":{"footnotes":""},"class_list":["post-5389","page","type-page","status-publish","hentry"],"_links":{"self":[{"href":"https:\/\/tv-jugenheim.de\/wp2\/wp-json\/wp\/v2\/pages\/5389","targetHints":{"allow":["GET"]}}],"collection":[{"href":"https:\/\/tv-jugenheim.de\/wp2\/wp-json\/wp\/v2\/pages"}],"about":[{"href":"https:\/\/tv-jugenheim.de\/wp2\/wp-json\/wp\/v2\/types\/page"}],"author":[{"embeddable":true,"href":"https:\/\/tv-jugenheim.de\/wp2\/wp-json\/wp\/v2\/users\/10"}],"replies":[{"embeddable":true,"href":"https:\/\/tv-jugenheim.de\/wp2\/wp-json\/wp\/v2\/comments?post=5389"}],"version-history":[{"count":7,"href":"https:\/\/tv-jugenheim.de\/wp2\/wp-json\/wp\/v2\/pages\/5389\/revisions"}],"predecessor-version":[{"id":5482,"href":"https:\/\/tv-jugenheim.de\/wp2\/wp-json\/wp\/v2\/pages\/5389\/revisions\/5482"}],"up":[{"embeddable":true,"href":"https:\/\/tv-jugenheim.de\/wp2\/wp-json\/wp\/v2\/pages\/5382"}],"wp:attachment":[{"href":"https:\/\/tv-jugenheim.de\/wp2\/wp-json\/wp\/v2\/media?parent=5389"}],"curies":[{"name":"wp","href":"https:\/\/api.w.org\/{rel}","templated":true}]}}