{"id":4893,"date":"2021-11-28T22:44:02","date_gmt":"2021-11-28T21:44:02","guid":{"rendered":"http:\/\/wp1.tv-jugenheim.de\/?page_id=4893"},"modified":"2022-12-01T22:04:09","modified_gmt":"2022-12-01T21:04:09","slug":"pilates-2","status":"publish","type":"page","link":"https:\/\/tv-jugenheim.de\/wp2\/abteilung\/gymnastik\/pilates-2\/","title":{"rendered":"Pilates"},"content":{"rendered":"<p>Pilates ist pr\u00e4ventives figurformendes Ganzk\u00f6rpertraining. Es verbindet Kraft mit Beweglichkeit. Tief liegende schw\u00e4chere Muskelgruppen werden angesprochen. Pilates umfasst, Stretching, Krafttraining und bewusste Atmung. Kein Muskel wird isoliert trainiert. Die K\u00f6rperwahrnehmung wird erh\u00f6ht und der Kreislauf angeregt. Pilates schont Muskeln und Gelenke durch langsame und kontrollierte pr\u00e4zise Bewegungen. K\u00f6rper und Geist werden in Balance gebracht und das Wohlbefinden beg\u00fcnstigt.<\/p>\n<h2>\u00dcbungszeiten<\/h2>\n<p>Donnerstag 20:00 &#8211; 21:00 Uhr, B\u00fcrgerhalle Jugenheim<\/p>\n<h2>\u00dcbungsleiterin<\/h2>\n<p>Katrin Scheuren<br \/>\nE-Mail <a href=\"mailto:pilates@tv-jugenheim.de\">pilates@tv-jugenheim.de<\/a><\/p>\n","protected":false},"excerpt":{"rendered":"<p>Pilates ist pr\u00e4ventives figurformendes Ganzk\u00f6rpertraining. Es verbindet Kraft mit Beweglichkeit. Tief liegende schw\u00e4chere Muskelgruppen werden angesprochen. Pilates umfasst, Stretching, Krafttraining und bewusste Atmung. Kein Muskel wird isoliert trainiert. Die K\u00f6rperwahrnehmung wird erh\u00f6ht und der Kreislauf angeregt. Pilates schont Muskeln und Gelenke durch langsame und kontrollierte pr\u00e4zise Bewegungen. K\u00f6rper und Geist <a class=\"more-link\" href=\"https:\/\/tv-jugenheim.de\/wp2\/abteilung\/gymnastik\/pilates-2\/\"><span class=\"screen-reader-text\">  Pilates<\/span> weiterlesen<span class=\"meta-nav\">&rarr;<\/span><\/a><\/p>\n","protected":false},"author":2,"featured_media":0,"parent":5261,"menu_order":0,"comment_status":"closed","ping_status":"closed","template":"","meta":{"footnotes":""},"class_list":["post-4893","page","type-page","status-publish","hentry"],"_links":{"self":[{"href":"https:\/\/tv-jugenheim.de\/wp2\/wp-json\/wp\/v2\/pages\/4893","targetHints":{"allow":["GET"]}}],"collection":[{"href":"https:\/\/tv-jugenheim.de\/wp2\/wp-json\/wp\/v2\/pages"}],"about":[{"href":"https:\/\/tv-jugenheim.de\/wp2\/wp-json\/wp\/v2\/types\/page"}],"author":[{"embeddable":true,"href":"https:\/\/tv-jugenheim.de\/wp2\/wp-json\/wp\/v2\/users\/2"}],"replies":[{"embeddable":true,"href":"https:\/\/tv-jugenheim.de\/wp2\/wp-json\/wp\/v2\/comments?post=4893"}],"version-history":[{"count":3,"href":"https:\/\/tv-jugenheim.de\/wp2\/wp-json\/wp\/v2\/pages\/4893\/revisions"}],"predecessor-version":[{"id":5213,"href":"https:\/\/tv-jugenheim.de\/wp2\/wp-json\/wp\/v2\/pages\/4893\/revisions\/5213"}],"up":[{"embeddable":true,"href":"https:\/\/tv-jugenheim.de\/wp2\/wp-json\/wp\/v2\/pages\/5261"}],"wp:attachment":[{"href":"https:\/\/tv-jugenheim.de\/wp2\/wp-json\/wp\/v2\/media?parent=4893"}],"curies":[{"name":"wp","href":"https:\/\/api.w.org\/{rel}","templated":true}]}}