{"id":3973,"date":"2018-09-23T09:58:23","date_gmt":"2018-09-23T07:58:23","guid":{"rendered":"http:\/\/wp1.tv-jugenheim.de\/?page_id=3973"},"modified":"2020-02-22T14:20:10","modified_gmt":"2020-02-22T13:20:10","slug":"datenschutzhinweise","status":"publish","type":"page","link":"https:\/\/tv-jugenheim.de\/wp2\/verein\/datenschutzhinweise\/","title":{"rendered":"Datenschutzhinweise"},"content":{"rendered":"<p>Datenschutzerkl\u00e4rung des TV Jugenheim 1888 e.V. nach Artikel 6 Absatz 1 der Datenschutzgrundverordnung (DSGVO)<\/p>\n<p>Der TV Jugenheim 1888 e.V erhebt, verarbeitet und speichert personenbezogene Daten seiner Mitglieder in automatisierter und nichtautomatisierter Form. Folgende Daten werden im Zuge Ihres Beitritts in unseren Verein erhoben:<br \/>\nName, Vorname , Geburtsdatum, Anschrift, Telefonnummer, ggf. E-Mail. Bei minderj\u00e4hrigen Vereinsmitgliedern werden zus\u00e4tzlich die Namen und Vornamen, sowie Anschrift des oder der Erziehungsberechtigten erhoben. Weiterhin werden die Bankdaten des Zahlungspflichtigen f\u00fcr den Einzug der Mitgliedsbeitr\u00e4ge erhoben, verarbeitet und gespeichert.<\/p>\n<p>Die Erhebung Ihrer Daten stehen im Zusammenhang mit der Inanspruchnahme des Angebotes unseres Vereins. Eine Inanspruchnahme des Vereinsangebotes ist mit einem verbindlichen Beitritt verbunden. Im Zuge dieses Vereinsbeitritts werden Ihre, und ggf. die Daten Ihres Kindes erhoben, verarbeitet und gespeichert.<\/p>\n<p>Eine Weitergabe Ihrer personenbezogenen Daten an Dritte erfolgt nur im Zusammenhang mit dem \u00dcbungsbetrieb an die jeweiligen Verb\u00e4nde, so z.B. zur Ausstellung von Spielerp\u00e4ssen und Lizenzen oder zur Teilnahme an Lehrg\u00e4ngen der jeweiligen Fachverb\u00e4nde.<\/p>\n<p>Grunds\u00e4tzlich werden Ihre Daten gel\u00f6scht, sobald sie f\u00fcr die Inanspruchnahme des Vereinsangebotes nicht mehr ben\u00f6tigt werden (Austritt). Sp\u00e4testens jedoch nach Ablauf des Jahres, in dem die Mitgliedschaft endet, sofern keine gesetzlichen oder satzungsgem\u00e4\u00dfen Aufbewahrungsfristen dem entgegenstehen.<\/p>\n<p>Ihre Rechte als Mitglied sind in den Artikeln 15 (Auskunftsrecht) ,16 (Datenberichtigung), 17 (L\u00f6schung) und 21 (Widerspruch) der DS-GVO niedergelegt. Sie haben das Recht auf:<\/p>\n<ul>\n<li><strong>Auskunft<\/strong><br \/>\nSie haben das Recht auf Auskunft \u00fcber die zu Ihnen gespeicherten personenbezogenen Daten.<\/li>\n<li><strong>L\u00f6schung<\/strong><br \/>\nSie haben das Recht darauf, dass wir Ihre Daten l\u00f6schen, wenn diese nicht mehr gespeichert werden m\u00fcssen.<\/li>\n<li><strong>Berichtigung<\/strong><br \/>\nSie haben ein Recht auf Korrektur Ihrer personenbezogenen Daten, sollten wir diese unrichtig gespeichert haben.<\/li>\n<li><strong>Widerspruch<br \/>\n<\/strong>Sie haben ein Recht gegen die Verarbeitung Ihrer personenbezogener Daten Widerspruch einzulegen<\/li>\n<\/ul>\n<p>Diese Rechte k\u00f6nnen beim bei dem gesch\u00e4ftsf\u00fchrenden Vorstand (siehe <a href=\"https:\/\/tv-jugenheim.de\/wp2\/verein\/kontakt\/\">Kontakt<\/a>), per Telefon (06257 9994828) und E-Mail (<a href=\"mailto:vorstand@tv-jugenheim.de\">vorstand@tv-jugenheim.de<\/a>) oder geltend gemacht werden. Weiterhin besteht das Recht der Beschwerde \u00fcber die Datenverarbeitung des Vereins bei dem Datenschutzbeaufgragten (<a href=\"mailto:klaus.beate@tv-jugenheim.de\">klaus.beate@tv-jugenheim.de<\/a>, Burkhardstr. 41, 64342 Seeheim-Jugenheim) oder der zust\u00e4ndigen Aufsichtsbeh\u00f6rde: Hessischer Datenschutzbeauftragter, https:\/\/datenschutz.hessen.de.<\/p>\n","protected":false},"excerpt":{"rendered":"<p>Datenschutzerkl\u00e4rung des TV Jugenheim 1888 e.V. nach Artikel 6 Absatz 1 der Datenschutzgrundverordnung (DSGVO) Der TV Jugenheim 1888 e.V erhebt, verarbeitet und speichert personenbezogene Daten seiner Mitglieder in automatisierter und nichtautomatisierter Form. Folgende Daten werden im Zuge Ihres Beitritts in unseren Verein erhoben: Name, Vorname , Geburtsdatum, Anschrift, Telefonnummer, ggf. <a class=\"more-link\" href=\"https:\/\/tv-jugenheim.de\/wp2\/verein\/datenschutzhinweise\/\"><span class=\"screen-reader-text\">  Datenschutzhinweise<\/span> weiterlesen<span class=\"meta-nav\">&rarr;<\/span><\/a><\/p>\n","protected":false},"author":2,"featured_media":0,"parent":29,"menu_order":99,"comment_status":"closed","ping_status":"closed","template":"","meta":{"footnotes":""},"class_list":["post-3973","page","type-page","status-publish","hentry"],"_links":{"self":[{"href":"https:\/\/tv-jugenheim.de\/wp2\/wp-json\/wp\/v2\/pages\/3973","targetHints":{"allow":["GET"]}}],"collection":[{"href":"https:\/\/tv-jugenheim.de\/wp2\/wp-json\/wp\/v2\/pages"}],"about":[{"href":"https:\/\/tv-jugenheim.de\/wp2\/wp-json\/wp\/v2\/types\/page"}],"author":[{"embeddable":true,"href":"https:\/\/tv-jugenheim.de\/wp2\/wp-json\/wp\/v2\/users\/2"}],"replies":[{"embeddable":true,"href":"https:\/\/tv-jugenheim.de\/wp2\/wp-json\/wp\/v2\/comments?post=3973"}],"version-history":[{"count":11,"href":"https:\/\/tv-jugenheim.de\/wp2\/wp-json\/wp\/v2\/pages\/3973\/revisions"}],"predecessor-version":[{"id":4447,"href":"https:\/\/tv-jugenheim.de\/wp2\/wp-json\/wp\/v2\/pages\/3973\/revisions\/4447"}],"up":[{"embeddable":true,"href":"https:\/\/tv-jugenheim.de\/wp2\/wp-json\/wp\/v2\/pages\/29"}],"wp:attachment":[{"href":"https:\/\/tv-jugenheim.de\/wp2\/wp-json\/wp\/v2\/media?parent=3973"}],"curies":[{"name":"wp","href":"https:\/\/api.w.org\/{rel}","templated":true}]}}