{"id":31,"date":"2014-06-19T14:33:01","date_gmt":"2014-06-19T12:33:01","guid":{"rendered":"http:\/\/wp.tv-jugenheim.de\/?page_id=31"},"modified":"2025-03-08T17:23:29","modified_gmt":"2025-03-08T16:23:29","slug":"kontakt","status":"publish","type":"page","link":"https:\/\/tv-jugenheim.de\/wp2\/verein\/kontakt\/","title":{"rendered":"Kontakt"},"content":{"rendered":"<h2>B\u00fcrozeiten<\/h2>\n<p>f\u00fcr Mitglieder oder Interessierte bieten wir ca. einmal im Monat eine B\u00fcrozeit an im Vereinsheim im Christian-Stock Stadion an. Die aktuellen Termine sehen sie links im Men\u00fc, bzw. auf Mobilger\u00e4ten unterhalb der Artikel.<\/p>\n<h2>eMail und Telefon<\/h2>\n<ul>\n<li><a href=\"mailto:info@tv-jugenheim.de\">info@tv-jugenheim.de<\/a><\/li>\n<li><em>Hinweis: sollten sie Fragen zum Trainingsangebot der Abteilungen haben, wenden sie sich bitte direkt an den jeweiligen \u00dcbungsleiter. <a href=\"https:\/\/tv-jugenheim.de\/wp2\/verein\/sportangebot\/\">Hier <\/a>finden sie eine entsprechende \u00dcbersicht.<\/em><\/li>\n<\/ul>\n<h2>Adresse<\/h2>\n<p>TV-Jugenheim 1888 e.V.<br \/>\nPostfach 2105<br \/>\n64336 Seeheim-Jugenheim<\/p>\n<h2>1. Vorsitzender<\/h2>\n<p><img loading=\"lazy\" decoding=\"async\" class=\"alignleft wp-image-218 size-full\" src=\"https:\/\/tv-jugenheim.de\/wp-media\/2014\/06\/person_green-e1406055365898.png\" alt=\"person_green\" width=\"100\" height=\"117\" \/>Stefan Wolf<br \/>\nErnst-Ludwig-Weg 42<br \/>\nD-64404 Bickenbach<br \/>\nE-Mail: <a href=\"mailto:stefan.wolf@tv-jugenheim.net\">stefan.wolf@tv-jugenheim.net<br \/>\n<\/a>Telefon: 06257 7976<\/p>\n<h2 style=\"clear: left;\">2. Vorsitzende<\/h2>\n<p><img loading=\"lazy\" decoding=\"async\" class=\"alignleft wp-image-218 size-full\" src=\"https:\/\/tv-jugenheim.de\/wp-media\/2014\/06\/person_green-e1406055365898.png\" alt=\"person_green\" width=\"100\" height=\"117\" \/>Daniela Schmall<br \/>\nE-Mail: <a href=\"mailto:daniela.schmall@tv-jugenheim.net\">daniela.schmall@tv-jugenheim.net<\/a><\/p>\n<h2 style=\"clear: left;\">Rechner<\/h2>\n<p><img loading=\"lazy\" decoding=\"async\" class=\"alignleft wp-image-218 size-full\" src=\"https:\/\/tv-jugenheim.de\/wp-media\/2014\/06\/person_green-e1406055365898.png\" alt=\"person_green\" width=\"100\" height=\"117\" \/>Stefan Meyer<br \/>\nE-Mail: <a href=\"mailto:stefan.meyer@tv-jugenheim.net\">stefan.meyer@tv-jugenheim.net<\/a><\/p>\n<h2 style=\"clear: left;\">Schriftf\u00fchrerin<\/h2>\n<p><img loading=\"lazy\" decoding=\"async\" class=\"alignleft wp-image-219 size-full\" src=\"https:\/\/tv-jugenheim.de\/wp-media\/2014\/06\/person_orange-e1406061775885.png\" alt=\"person_orange\" width=\"100\" height=\"117\" \/><br \/>\nCornelia Muik<br \/>\nE-Mail: <a href=\"mailto:cornelia.muik@tv-jugenheim.net\">cornelia.muik@tv-jugenheim.net<\/a><\/p>\n<h2 style=\"clear: left;\">Kinderschutzbeauftragter<\/h2>\n<p><img loading=\"lazy\" decoding=\"async\" class=\"alignleft wp-image-218 size-full\" src=\"https:\/\/tv-jugenheim.de\/wp-media\/2014\/06\/person_green-e1406055365898.png\" alt=\"person_green\" width=\"100\" height=\"117\" \/>Dr. Thomas Fischbach<br \/>\nE-Mail: <a href=\"mailto:thomas.fischbach@tv-jugenheim.net\">thomas.fischbach@tv-jugenheim.net<\/a><\/p>\n<h2 style=\"clear: left;\"><\/h2>\n<figure id=\"attachment_5824\" aria-describedby=\"caption-attachment-5824\" style=\"width: 530px\" class=\"wp-caption aligncenter\"><img loading=\"lazy\" decoding=\"async\" class=\"wp-image-5824 size-large\" src=\"https:\/\/tv-jugenheim.de\/wp-media\/2023\/11\/Vorstand_2023-1024x768.jpeg\" alt=\"Vorstand 2023\" width=\"530\" height=\"398\" srcset=\"https:\/\/tv-jugenheim.de\/wp2\/..\/wp-media\/2023\/11\/Vorstand_2023-1024x768.jpeg 1024w, https:\/\/tv-jugenheim.de\/wp2\/..\/wp-media\/2023\/11\/Vorstand_2023-300x225.jpeg 300w, https:\/\/tv-jugenheim.de\/wp2\/..\/wp-media\/2023\/11\/Vorstand_2023-768x576.jpeg 768w, https:\/\/tv-jugenheim.de\/wp2\/..\/wp-media\/2023\/11\/Vorstand_2023.jpeg 1200w\" sizes=\"auto, (max-width: 530px) 100vw, 530px\" \/><figcaption id=\"caption-attachment-5824\" class=\"wp-caption-text\">Heide Emmerich (Besitzerin Beitragseinzug) &#8211; Daniela Schmall (2. Vorsitzende) &#8211; Stefan Wolf (1. Vorsitzender) &#8211; Stefan Meyer (Rechner) &#8211; Cornelia Muik (Schriftf\u00fchrerin)<\/figcaption><\/figure>\n","protected":false},"excerpt":{"rendered":"<p>B\u00fcrozeiten f\u00fcr Mitglieder oder Interessierte bieten wir ca. einmal im Monat eine B\u00fcrozeit an im Vereinsheim im Christian-Stock Stadion an. Die aktuellen Termine sehen sie links im Men\u00fc, bzw. auf Mobilger\u00e4ten unterhalb der Artikel. eMail und Telefon info@tv-jugenheim.de Hinweis: sollten sie Fragen zum Trainingsangebot der Abteilungen haben, wenden sie sich <a class=\"more-link\" href=\"https:\/\/tv-jugenheim.de\/wp2\/verein\/kontakt\/\"><span class=\"screen-reader-text\">  Kontakt<\/span> weiterlesen<span class=\"meta-nav\">&rarr;<\/span><\/a><\/p>\n","protected":false},"author":2,"featured_media":0,"parent":29,"menu_order":5,"comment_status":"closed","ping_status":"closed","template":"","meta":{"footnotes":""},"class_list":["post-31","page","type-page","status-publish","hentry"],"_links":{"self":[{"href":"https:\/\/tv-jugenheim.de\/wp2\/wp-json\/wp\/v2\/pages\/31","targetHints":{"allow":["GET"]}}],"collection":[{"href":"https:\/\/tv-jugenheim.de\/wp2\/wp-json\/wp\/v2\/pages"}],"about":[{"href":"https:\/\/tv-jugenheim.de\/wp2\/wp-json\/wp\/v2\/types\/page"}],"author":[{"embeddable":true,"href":"https:\/\/tv-jugenheim.de\/wp2\/wp-json\/wp\/v2\/users\/2"}],"replies":[{"embeddable":true,"href":"https:\/\/tv-jugenheim.de\/wp2\/wp-json\/wp\/v2\/comments?post=31"}],"version-history":[{"count":21,"href":"https:\/\/tv-jugenheim.de\/wp2\/wp-json\/wp\/v2\/pages\/31\/revisions"}],"predecessor-version":[{"id":6465,"href":"https:\/\/tv-jugenheim.de\/wp2\/wp-json\/wp\/v2\/pages\/31\/revisions\/6465"}],"up":[{"embeddable":true,"href":"https:\/\/tv-jugenheim.de\/wp2\/wp-json\/wp\/v2\/pages\/29"}],"wp:attachment":[{"href":"https:\/\/tv-jugenheim.de\/wp2\/wp-json\/wp\/v2\/media?parent=31"}],"curies":[{"name":"wp","href":"https:\/\/api.w.org\/{rel}","templated":true}]}}