{"id":2687,"date":"2016-08-07T10:50:13","date_gmt":"2016-08-07T08:50:13","guid":{"rendered":"http:\/\/wp1.tv-jugenheim.de\/?page_id=2687"},"modified":"2025-04-21T13:41:52","modified_gmt":"2025-04-21T11:41:52","slug":"ausgleichs-yoga","status":"publish","type":"page","link":"https:\/\/tv-jugenheim.de\/wp2\/abteilung\/gymnastik\/ausgleichs-yoga\/","title":{"rendered":"Ausgleichs-Yoga"},"content":{"rendered":"<div class=\"entry-content\">\n<p>In diesem Yogakurs geht es darum, den eigenen K\u00f6rper in den \u00dcbungen zu sp\u00fcren, sich auf sich selbst einzulassen und somit vom Alltag zu entspannen und neue Kraft zu sammeln. Yoga als Ausgleich zum Alltag.<\/p>\n<h2>\u00dcbungszeit<\/h2>\n<p>Dienstags, 18:15 \u2013 19:45 Uhr im Sportheim im Christian-Stock-Stadion<\/p>\n<h2>\u00dcbungsleiterin<\/h2>\n<p>Astrid Deichmann<\/p>\n<h2>Ablauf und Ziele<\/h2>\n<p>Wir beginnen die Stunde jeweils mit einer Anfangsentspannung, die das Ankommen bei sich selbst und in der Stunde erleichtert.\u00a0 Danach \u00fcben wir gemeinsam eine Kombination aus verschiedenen Asanas (K\u00f6rperstellungen) und Pranayama (Atem\u00fcbungen). Dabei geht es nicht um k\u00f6rperliche Fitness und eine tolle Dehnung, das Schielen zum Nachbar ist nicht n\u00f6tig! Jeder soll in der f\u00fcr sich selbst angenehmen Form die \u00dcbungen praktizieren, ohne sich \u201eweh\u201c zu tun. Der freundliche Umgang mit sich selbst und seinem K\u00f6rper steht im Mittelpunkt.<\/p>\n<p>Die Stunde endet immer mit einer Tiefenentspannung, die die erarbeiteten Energien harmonisiert. Hier k\u00f6nnen wir wunderbar loslassen und mit neuer Kraft und Energie zur\u00fcck in den Alltag gehen.<\/p>\n<p>Yoga kann in allen Lebensphasen praktiziert werden und f\u00fcr Yoga ist man auch nie zu alt. Dieser Yogakurs ist somit f\u00fcr alle Altersgruppen und auch f\u00fcr Einsteiger geeignet.<\/p>\n<p>Yoga tut gut, macht Spa\u00df und f\u00f6rdert die Gesundheit. Es gilt als eines der besten \u201eMittel\u201c der Stressbew\u00e4ltigung. Das ist wissenschaftlich nachgewiesen. Verspannungen l\u00f6sen sich, wodurch stressbedingte R\u00fccken-, Nacken- und Kopfschmerzen gelindert werden oder gar nicht erst entstehen. Die Abwehrkr\u00e4fte werden erh\u00f6ht und das Immunsystem st\u00e4rkt sich. Neben besserer Laune und mehr Energie berichten Yoga-\u00dcbende von geistiger Klarheit und erh\u00f6hter Konzentration. Auch f\u00f6rdert Yoga Gelassenheit und innere Ruhe. Erfahren Sie selbst, wie Yoga bei Ihnen wirkt.<\/p>\n<p>Eine Probestunde ist mit vorheriger Anmeldung und Absprache mit der \u00dcbungsleiterin m\u00f6glich.<\/p>\n<\/div>\n","protected":false},"excerpt":{"rendered":"<p>In diesem Yogakurs geht es darum, den eigenen K\u00f6rper in den \u00dcbungen zu sp\u00fcren, sich auf sich selbst einzulassen und somit vom Alltag zu entspannen und neue Kraft zu sammeln. Yoga als Ausgleich zum Alltag. \u00dcbungszeit Dienstags, 18:15 \u2013 19:45 Uhr im Sportheim im Christian-Stock-Stadion \u00dcbungsleiterin Astrid Deichmann Ablauf und <a class=\"more-link\" href=\"https:\/\/tv-jugenheim.de\/wp2\/abteilung\/gymnastik\/ausgleichs-yoga\/\"><span class=\"screen-reader-text\">  Ausgleichs-Yoga<\/span> weiterlesen<span class=\"meta-nav\">&rarr;<\/span><\/a><\/p>\n","protected":false},"author":20,"featured_media":0,"parent":5261,"menu_order":0,"comment_status":"closed","ping_status":"closed","template":"","meta":{"footnotes":""},"class_list":["post-2687","page","type-page","status-publish","hentry"],"_links":{"self":[{"href":"https:\/\/tv-jugenheim.de\/wp2\/wp-json\/wp\/v2\/pages\/2687","targetHints":{"allow":["GET"]}}],"collection":[{"href":"https:\/\/tv-jugenheim.de\/wp2\/wp-json\/wp\/v2\/pages"}],"about":[{"href":"https:\/\/tv-jugenheim.de\/wp2\/wp-json\/wp\/v2\/types\/page"}],"author":[{"embeddable":true,"href":"https:\/\/tv-jugenheim.de\/wp2\/wp-json\/wp\/v2\/users\/20"}],"replies":[{"embeddable":true,"href":"https:\/\/tv-jugenheim.de\/wp2\/wp-json\/wp\/v2\/comments?post=2687"}],"version-history":[{"count":11,"href":"https:\/\/tv-jugenheim.de\/wp2\/wp-json\/wp\/v2\/pages\/2687\/revisions"}],"predecessor-version":[{"id":6501,"href":"https:\/\/tv-jugenheim.de\/wp2\/wp-json\/wp\/v2\/pages\/2687\/revisions\/6501"}],"up":[{"embeddable":true,"href":"https:\/\/tv-jugenheim.de\/wp2\/wp-json\/wp\/v2\/pages\/5261"}],"wp:attachment":[{"href":"https:\/\/tv-jugenheim.de\/wp2\/wp-json\/wp\/v2\/media?parent=2687"}],"curies":[{"name":"wp","href":"https:\/\/api.w.org\/{rel}","templated":true}]}}