{"id":2180,"date":"2016-01-29T13:47:20","date_gmt":"2016-01-29T11:47:20","guid":{"rendered":"http:\/\/wp1.tv-jugenheim.de\/?page_id=2180"},"modified":"2025-11-29T18:37:51","modified_gmt":"2025-11-29T17:37:51","slug":"jiu-jitsu-pruefungen","status":"publish","type":"page","link":"https:\/\/tv-jugenheim.de\/wp2\/abteilung\/jiu-jitsu\/veranstaltungen\/jiu-jitsu-pruefungen\/","title":{"rendered":"Jiu-Jitsu Pr\u00fcfungen"},"content":{"rendered":"<h5><span style=\"color: #a4161c;\"><strong>Vereinspr\u00fcfung am 29.11.2025 in Jugenheim<\/strong><\/span><\/h5>\n<p>Am Samstag, den 29.11.2025 fand die zweite G\u00fcrtelpr\u00fcfung der Abteilung Jiu-Jitsu des TV Jugenheim in diesem Jahr statt. Nachdem im Juni die Jiu-Jitsuka der Kinder- und Jugendgruppen gepr\u00fcft wurden, waren im November nun die <a href=\"https:\/\/tv-jugenheim.de\/wp2\/abteilung\/jiu-jitsu\/trainingszeiten\/erwachsenentraining\/\">Erwachsenen<\/a> dran. \u201eHeute war eine der sch\u00f6nsten Pr\u00fcfungen seit Langem und ich habe schon einige erlebt\u201c, kommentierte Abteilungsleiter und Pr\u00fcfer <em>G\u00fcnter Daum<\/em> (3. Dan Jiu-Jitsu) den Pr\u00fcfungstag. Die Pr\u00fcflinge \u00fcberzeugten mit dynamischen und anspruchsvollen Verteidigungstechniken gegen waffenlose und bewaffnete Angriffe, wie sie in der japanischen Kampfkunst gelehrt werden.<br \/>\nBei den hervorragenden Pr\u00fcfungsleistungen war es keine gro\u00dfe \u00dcberraschung, dass alle zw\u00f6lf Pr\u00fcflinge der Abteilung bestanden haben. Sechs Jiu-Jitsuka der Erwachsenengruppe werden in Zukunft den Orangegurt (4. Kyu) und vier den darauffolgenden Gr\u00fcngurt (3. Kyu) zur <a href=\"https:\/\/tv-jugenheim.de\/wp2\/abteilung\/jiu-jitsu\/ueber-jiu-jitsu\/graduierungssystem\/\">Budokleidung<\/a> tragen. Besonders hervorzuheben sind zwei Jugendliche, die bereits im Juni ihre besonders guten Leistungen unter Beweis stellten und heute mit dem Orangegurt (4. Kyu) gleich ihre n\u00e4chsth\u00f6here Graduierung erreichen konnten. Damit honorierte das <a href=\"https:\/\/tv-jugenheim.de\/wp2\/abteilung\/jiu-jitsu\/trainerteam-2\/\">Trainerteam<\/a> eine kontinuierliche Weiterentwicklung der Techniken durch regelm\u00e4\u00dfiges und intensives Training. Der heutige Pr\u00fcfungstag war f\u00fcr alle Pr\u00fcflinge der H\u00f6hepunkt monatelanger Vorbereitung und harter Arbeit an sich selbst.<\/p>\n<figure id=\"attachment_5663\" aria-describedby=\"caption-attachment-5663\" style=\"width: 700px\" class=\"wp-caption alignnone\"><a href=\"https:\/\/tv-jugenheim.de\/wp-media\/2025\/11\/2025-11-29-Vereinspruefung-Jiu-Jitsu-in-Jugenheim-3.jpg\"><img loading=\"lazy\" decoding=\"async\" class=\"size-full wp-image-5663\" src=\"https:\/\/tv-jugenheim.de\/wp-media\/2025\/11\/2025-11-29-Vereinspruefung-Jiu-Jitsu-in-Jugenheim-3.jpg\" alt=\"\" width=\"700\" height=\"300\" \/><\/a><figcaption id=\"caption-attachment-5663\" class=\"wp-caption-text\">Foto: TV Jugenheim 1888 e.V. &#8211; Abt. Jiu-Jitsu<\/figcaption><\/figure>\n<hr \/>\n<h5><span style=\"color: #a4161c;\"><strong>Vereinspr\u00fcfung am 28.06.2025 in Jugenheim<\/strong><\/span><\/h5>\n<p>Trotz Au\u00dfentemperaturen von um die 30 \u00b0C legten rund 30 <a href=\"https:\/\/tv-jugenheim.de\/wp2\/abteilung\/jiu-jitsu\/trainingszeiten\/kindertraining-2\/\">Kinder<\/a> und <a href=\"https:\/\/tv-jugenheim.de\/wp2\/abteilung\/jiu-jitsu\/trainingszeiten\/jugendtraining-2\/\">Jugendliche<\/a> am Samstag, den 28.06.2025 erfolgreich ihre G\u00fcrtelpr\u00fcfung im Jiu-Jitsu beim TV Jugenheim ab. Zahlreiche Eltern und Verwandte verfolgten interessiert gemeinsam mit Abteilungsleiter und Pr\u00fcfer <a href=\"https:\/\/tv-jugenheim.de\/wp2\/abteilung\/jiu-jitsu\/trainerteam-2\/\"><em>G\u00fcnter Daum<\/em><\/a> (3. Dan Jiu-Jitsu) den Fortschritt der Pr\u00fcflinge in der japanischen Kampfkunst. Am Ende eines langen Tages stand fest: Es haben alle bestanden und d\u00fcrfen nach den Sommerferien ihre <a href=\"https:\/\/tv-jugenheim.de\/wp2\/abteilung\/jiu-jitsu\/ueber-jiu-jitsu\/graduierungssystem\/\">neuen G\u00fcrtel<\/a> in wei\u00df-gelb, gelb und gelb-orange im Training tragen! Wir gratulieren allen herzlich zur bestandenen Pr\u00fcfung und w\u00fcnschen erholsame Sommerferien!<\/p>\n<figure id=\"attachment_5663\" aria-describedby=\"caption-attachment-5663\" style=\"width: 700px\" class=\"wp-caption alignnone\"><a href=\"https:\/\/tv-jugenheim.de\/wp-media\/2025\/07\/2025-06-28-Vereinspruefung-Jiu-Jitsu-in-Jugenheim.jpg\"><img loading=\"lazy\" decoding=\"async\" class=\"size-full wp-image-5663\" src=\"https:\/\/tv-jugenheim.de\/wp-media\/2025\/07\/2025-06-28-Vereinspruefung-Jiu-Jitsu-in-Jugenheim.jpg\" alt=\"\" width=\"700\" height=\"300\" \/><\/a><figcaption id=\"caption-attachment-5663\" class=\"wp-caption-text\">Foto: TV Jugenheim 1888 e.V. &#8211; Abt. Jiu-Jitsu<\/figcaption><\/figure>\n<hr \/>\n<h5><span style=\"color: #a4161c;\"><strong>Vereinspr\u00fcfung am 13.07.2024 in Jugenheim<\/strong><\/span><\/h5>\n<p>Gleich zu Beginn der hessischen Sommerferien (13.07.2024) fand bei der <a href=\"https:\/\/tv-jugenheim.de\/wp2\/abteilung\/jiu-jitsu\/\">Abteilung Jiu-Jitsu<\/a> eine erfolgreiche G\u00fcrtelpr\u00fcfung statt. Hier konnten 37 Jiu-Jitsuka der <a href=\"https:\/\/tv-jugenheim.de\/wp2\/abteilung\/jiu-jitsu\/trainingszeiten\/kindertraining-2\/\">Kinder<\/a>-, <a href=\"https:\/\/tv-jugenheim.de\/wp2\/abteilung\/jiu-jitsu\/trainingszeiten\/jugendtraining-2\/\">Jugend-<\/a> und <a href=\"https:\/\/tv-jugenheim.de\/wp2\/abteilung\/jiu-jitsu\/trainingszeiten\/erwachsenentraining\/\">Erwachsenengruppe<\/a> des Vereins zeitgleich ihr K\u00f6nnen unter Beweis stellen. Vor dem wohlverdienten Urlaub zeigten sie zum Teil beeindruckende Leistungen und erlangten neue <a href=\"https:\/\/tv-jugenheim.de\/wp2\/abteilung\/jiu-jitsu\/ueber-jiu-jitsu\/graduierungssystem\/\">Graduierungen<\/a> in der japanischen Kampfkunst. Acht Jiu-Jitsuka erreichten den wei\u00df-gelben G\u00fcrtel, neunzehn den gelben G\u00fcrtel, drei den gelb-orangenen G\u00fcrtel und sieben den orangenen G\u00fcrtel. \u201eIn der Gesamtbetrachtung lassen sich herausragende Leistungen einzelner Teilnehmer erkennen, die durch ihren besonderen Einsatz und Trainingsaufwand hervorstechen\u201c, res\u00fcmiert <a href=\"https:\/\/tv-jugenheim.de\/wp2\/abteilung\/jiu-jitsu\/trainerteam-2\/\">Pr\u00fcferin <em>Jule Wolf<\/em><\/a> (1. Dan Jiu-Jitsu) den Tag. F\u00fcr viele Kinder, Jugendliche und auch Erwachsene war es ihre erste G\u00fcrtelpr\u00fcfung. Zahlreiche Familienmitglieder und Freunde nutzen die gute Gelegenheit, um einen Eindruck von dem Fortschritt ihrer Lieben und der Kampfkunst Jiu-Jitsu zu bekommen. Wir gratulieren allen herzlich zur bestandenen Pr\u00fcfung und w\u00fcnschen erholsame Sommerferien!<\/p>\n<figure id=\"attachment_5663\" aria-describedby=\"caption-attachment-5663\" style=\"width: 700px\" class=\"wp-caption alignnone\"><a href=\"https:\/\/tv-jugenheim.de\/wp-media\/2024\/07\/2024-07-13-Vereinspruefung-Jiu-Jitsu-in-Jugenheim.jpg\"><img loading=\"lazy\" decoding=\"async\" class=\"size-full wp-image-5663\" src=\"https:\/\/tv-jugenheim.de\/wp-media\/2024\/07\/2024-07-13-Vereinspruefung-Jiu-Jitsu-in-Jugenheim.jpg\" alt=\"\" width=\"700\" height=\"300\" \/><\/a><figcaption id=\"caption-attachment-5663\" class=\"wp-caption-text\">Foto: TV Jugenheim 1888 e.V. &#8211; Abt. Jiu-Jitsu<\/figcaption><\/figure>\n<hr \/>\n<h5><span style=\"color: #a4161c;\"><strong>Vereinspr\u00fcfung am 08.07.2023 in Jugenheim<\/strong><\/span><\/h5>\n<p>Am Samstag, den 08.07.2023 richtete die Abteilung Jiu-Jitsu des TV Jugenheim 1888 e.V. ihre zweite Vereinspr\u00fcfung in diesem Jahr aus. Durch die Corona-Pandmie und die damit verbundenen Einschr\u00e4nkungen im Trainingsbetrieb, gab es nun mehr Pr\u00fcflinge, als Pr\u00fcfungen an einem Tag abgenommen werden konnten. Bei ihrer ersten Pr\u00fcfung erreichten die Kinder jeweils den 6.1. Ky\u016b (wei\u00df-gelber G\u00fcrtel) und die Erwachsenen direkt den 5. Ky\u016b (gelber G\u00fcrtel). Als Pr\u00fcfer fugierte der Abteilungsleiter <em>G\u00fcnter Daum<\/em> (u.a. 3. Dan Jiu-Jitsu), der sich mit den gezeigten Leistungen insgesamt zufrieden zeigte. Vielen Dank an die zahlreichen Eltern, welche bestens f\u00fcr das leibliche Wohl sorgten, sowie alle aktiven Jiu-Jitsuka, die als Uke (Trainingspartner) f\u00fcr die Pr\u00fcfung zur Verf\u00fcgung standen.<br \/>\n<a href=\"https:\/\/tv-jugenheim.de\/wp-media\/2023\/07\/2023-07-08-Vereinspruefung-Jiu-Jitsu.jpg\"><img loading=\"lazy\" decoding=\"async\" class=\"alignnone wp-image-5720\" src=\"https:\/\/tv-jugenheim.de\/wp-media\/2023\/07\/2023-07-08-Vereinspruefung-Jiu-Jitsu.jpg\" alt=\"\" width=\"150\" height=\"150\" \/><\/a><\/p>\n<hr \/>\n<h5><span style=\"color: #a4161c;\"><strong>Vereinspr\u00fcfung am 28.01.2023 in Jugenheim<\/strong><\/span><\/h5>\n<p>Nach langer \u201eCorona-Pause\u201c fand am 28.01.2023 wieder eine Vereinspr\u00fcfung der Jiu-Jitsu-Abteilung des TV Jugenheim statt. Von den 22 Pr\u00fcflingen aus den <a href=\"https:\/\/tv-jugenheim.de\/wp2\/abteilung\/jiu-jitsu\/trainingszeiten\/kindertraining-2\/\">Kinder<\/a>-, <a href=\"https:\/\/tv-jugenheim.de\/wp2\/abteilung\/jiu-jitsu\/trainingszeiten\/jugendtraining-2\/\">Jugend<\/a>-, und <a href=\"https:\/\/tv-jugenheim.de\/wp2\/abteilung\/jiu-jitsu\/trainingszeiten\/erwachsenentraining\/\">Erwachsen<\/a>gruppen erreichten neun den 6.1. Ky\u016b (wei\u00df-gelber G\u00fcrtel), acht den 5. Ky\u016b (gelber G\u00fcrtel), zwei den 5.1. Ky\u016b (gelb-orangener G\u00fcrtel), eine den 4. Ky\u016b (orangener G\u00fcrtel), sowie zwei den 3. Ky\u016b (gr\u00fcner G\u00fcrtel). F\u00fcr viele Kinder und Jugendliche war es ihre erste G\u00fcrtelpr\u00fcfung. Pr\u00fcferin <em>Jule Wolf<\/em> (1. Dan Jiu-Jitsu) zeigte sich nach dem hohen Trainingsaufwand mit den gezeigten Leistungen insgesamt sehr zufrieden, sah aber an einigen Stellen \u2013 insbesondere bei den h\u00f6her Graduierten \u2013 noch Luft nach oben. F\u00fcr die zahlreichen anwesenden Eltern war die Pr\u00fcfung eine gute Gelegenheit die Fortschritte ihrer Kinder zu sehen und einen Eindruck von der japanischen Kampfkunst Jiu-Jitsu zu bekommen. Auch f\u00fcr das leibliche Wohl aller war bestens gesorgt.<br \/>\n<a href=\"https:\/\/tv-jugenheim.de\/wp-media\/2023\/02\/2023-01-28-Vereinspruefung-Jiu-Jitsu-in-Jugenheim.jpg\"><img loading=\"lazy\" decoding=\"async\" class=\"alignnone size-thumbnail wp-image-1640\" src=\"https:\/\/tv-jugenheim.de\/wp-media\/2023\/02\/2023-01-28-Vereinspruefung-Jiu-Jitsu-in-Jugenheim.jpg\" alt=\"Vereinspr\u00fcfung am 28.01.2023 in Jugenheim\" width=\"150\" height=\"150\" \/><\/a><\/p>\n<hr \/>\n<h5><span style=\"color: #a4161c;\"><strong>Vereinspr\u00fcfung am 15.06.2019 in Jugenheim<\/strong><\/span><\/h5>\n<p>Am 15.06.2019 fand unsere erste Vereinspr\u00fcfung 2019 in der B\u00fcrgerhalle Jugenheim statt. An der Pr\u00fcfung nahmen insgesamt 16 Kinder, Jugendliche und Erwachsene teil. Im Rahmen dieser Vereinspr\u00fcfung wurden zwei Erwachsene, zwei Jugendliche und zw\u00f6lf Kinder auf die n\u00e4chst h\u00f6here Graduierung gepr\u00fcft. Die Pr\u00fcfung war ein voller Erfolg. Die Pr\u00fcflinge haben mit guten Leistungen, nach hohem Trainingsaufwand und hohem Engagement ihre Pr\u00fcfung abgelegt.<br \/>\nSechs Pr\u00fcflinge erreichten dabei den 6.1. Ky\u016b (wei\u00df-gelber G\u00fcrtel), f\u00fcnf Pr\u00fcfling den 5. Ky\u016b (gelber G\u00fcrtel), zwei Pr\u00fcflinge den 5.1. Ky\u016b (gelb-orangener G\u00fcrtel), zwei Pr\u00fcfling den 4. Ky\u016b (orangener G\u00fcrtel) und ein Pr\u00fcfling den 3. Ky\u016b (gr\u00fcner G\u00fcrtel).<br \/>\nEine gro\u00dfe Anzahl von Eltern war heute bei der Pr\u00fcfung wieder dabei, um die Fortschritte ihrer Kinder live mitzuerleben. Durch ihre tatkr\u00e4ftige Unterst\u00fctzung war f\u00fcr das leibliche Wohl aller Pr\u00fcflinge wieder gesorgt. An dieser Stelle nochmals allen Eltern und Spendern ein herzliches Dankesch\u00f6n.<br \/>\n<a href=\"https:\/\/tv-jugenheim.de\/wp-media\/2019\/06\/thumbnail.jpg\"><img loading=\"lazy\" decoding=\"async\" class=\"alignnone size-thumbnail wp-image-1640\" src=\"https:\/\/tv-jugenheim.de\/wp-media\/2019\/06\/thumbnail.jpg\" alt=\"Vereinspr\u00fcfung am 15.06.2019 in Jugenheim\" width=\"150\" height=\"150\" \/><\/a><\/p>\n<hr \/>\n<h5><span style=\"color: #a4161c;\"><strong>Landespr\u00fcfung der DJJU am 25.05.2019 in Lorsch<\/strong><\/span><\/h5>\n<p>Unsere beiden Sch\u00fcler <em>Dirk Pickny<\/em> und <em>Andreas Schulze<\/em> nahmen am 25.05.2019 an der diesj\u00e4hrigen Landespr\u00fcfung der Deutschen Jiu-Jitsu-Union (DJJU) in Lorsch teil. Dirk stellte sich der Pr\u00fcfung zum 1. Ky\u016b (brauner G\u00fcrtel) und Andreas der Pr\u00fcfung zum 1. Dan (schwarzer G\u00fcrtel). Nach erfolgreich absolvierter Pr\u00fcfung k\u00f6nnen wir nun einen neuen Meistersch\u00fcler und einen weiteren Schwarzgurttr\u00e4ger in unseren Reihen begr\u00fc\u00dfen. Herzlichen Gl\u00fcckwunsch.<br \/>\n<a href=\"https:\/\/tv-jugenheim.de\/wp-media\/2019\/06\/20190525_175225.jpg\"><img loading=\"lazy\" decoding=\"async\" class=\"alignnone size-thumbnail wp-image-1640\" src=\"https:\/\/tv-jugenheim.de\/wp-media\/2019\/06\/20190525_175225.jpg\" alt=\"Landespr\u00fcfung der DJJU am 25.05.2019 in Lorsch\" width=\"150\" height=\"150\" \/><\/a><\/p>\n<hr \/>\n<h5><span style=\"color: #a4161c;\"><strong>Vereinspr\u00fcfung am 08.12.2018 in Jugenheim<\/strong><\/span><\/h5>\n<p>Am 08.12.2018 haben insgesamt 15 Pr\u00fcflinge ihren n\u00e4chst h\u00f6heren Ky\u016b-Grad erreicht. Im Rahmen der Vereinspr\u00fcfung wurden zwei Erwachsene und 13 Kinder gepr\u00fcft. Die Pr\u00fcfung war ein voller Erfolg. Die Pr\u00fcflinge haben mit guten Leistungen, nach hohem Trainingsaufwand und hohem Engagement ihre Pr\u00fcfung abgelegt. Einige Eltern haben w\u00e4hrend der Pr\u00fcfung die Fortschritte ihrer Kinder live miterleben k\u00f6nnen. Durch ihre tatkr\u00e4ftige Unterst\u00fctzung war f\u00fcr das leibliche Wohl aller Pr\u00fcflinge wieder gesorgt. An dieser Stelle nochmals allen Eltern und Spendern ein herzliches Dankesch\u00f6n.<br \/>\n<a href=\"https:\/\/tv-jugenheim.de\/wp-media\/2018\/12\/thumbnail-1.jpg\"><img loading=\"lazy\" decoding=\"async\" class=\"alignnone size-thumbnail wp-image-1640\" src=\"https:\/\/tv-jugenheim.de\/wp-media\/2018\/12\/thumbnail-1.jpg\" alt=\"Vereinspr\u00fcfung am 08.12.2018 in Jugenheim\" width=\"150\" height=\"150\" \/><\/a><\/p>\n<hr \/>\n<h5><span style=\"color: #a4161c;\"><strong>Landespr\u00fcfung des HJJV am 10.12.2016 in Jugenheim<\/strong><\/span><\/h5>\n<p>Am 10.12.2016 fand die diesj\u00e4hrige Landespr\u00fcfung des Hessischen Ju-Jutsu Verbands (HJJV) beim TV Jugenheim statt. Es wurden die Graduierungen ab dem blauen G\u00fcrtel (2. Ky\u016b) gepr\u00fcft. Zu dieser Pr\u00fcfung in der B\u00fcrgerhalle Jugenheim traten elf Pr\u00fcflinge aus ganz Hessen an, um ihren n\u00e4chst h\u00f6heren G\u00fcrtelgrad zu erreichen. Nach \u00fcber sieben st\u00fcndiger Pr\u00fcfung war es dann geschafft und die Pr\u00fcflinge hatten alle ihre Pr\u00fcfung bestanden. Von den drei Pr\u00fcfern <em>Uwe Gehrisch<\/em> (5. Dan Jiu-Jitsu), <em>Juan de la Fuente<\/em> (5. Dan Jiu-Jitsu) und <em>Ra\u00fal de la Fuente<\/em> (4. Dan Jiu-Jitsu), die extra aus Rheinland-Pfalz nach Hessen gekommen waren, wurden die gute Leistung und die Dynamik der \u00e4lteren Pr\u00fcflinge gelobt und den J\u00fcngeren als Ansporn gegeben. Vom TV Jugenheim d\u00fcrfen nun <em>Tim Dietzel<\/em>, <em>Dirk Pickny<\/em>, <em>Erik Sokoll <\/em>den 2. Ky\u016b (blauer G\u00fcrtel), sowie <em>Fabian von Minckwitz<\/em> und <em>Andreas Schulze<\/em> den 1. Ky\u016b (brauner G\u00fcrtel) tragen. <em>G\u00fcnter Daum<\/em> tr\u00e4gt nun den 3. Dan (schwarzen G\u00fcrtel mit drei Streifen).<br \/>\n<a href=\"https:\/\/tv-jugenheim.de\/wp-media\/2016\/12\/IMG_0694.jpg\"><img loading=\"lazy\" decoding=\"async\" class=\"alignnone size-thumbnail wp-image-1640\" src=\"https:\/\/tv-jugenheim.de\/wp-media\/2016\/12\/IMG_0694.jpg\" alt=\"Landespr\u00fcfung des HJJV am 10.12.2016 in Jugenheim\" width=\"150\" height=\"150\" \/><\/a><\/p>\n<hr \/>\n<h5><span style=\"color: #a4161c;\"><strong>Vereinspr\u00fcfung am 30.04.2016 in Jugenheim<\/strong><\/span><\/h5>\n<p>Am Samstag, den 30.04.2016 haben insgesamt 18 Pr\u00fcflinge ihren n\u00e4chst h\u00f6heren G\u00fcrtel- Grad erreicht. Im Rahmen der Vereinspr\u00fcfung wurden sechs Erwachsene und zw\u00f6lf Kinder gepr\u00fcft. Insgesamt konnten acht Pr\u00fcflinge den 6.1. Ky\u016b (wei\u00df-gelber G\u00fcrtel), vier Pr\u00fcfling den 5. Ky\u016b (gelber G\u00fcrtel), drei Pr\u00fcfling den 5.1. Ky\u016b (gelb-orangener G\u00fcrtel), drei Pr\u00fcfling den 4. Ky\u016b (orangener G\u00fcrtel) erreichen. Die Pr\u00fcfung war ein voller Erfolg. Die Pr\u00fcflinge haben mit guten Leistungen, nach hohem Trainingsaufwand und hohem Engagement ihre Pr\u00fcfung abgelegt. Unter den Zuschauern befand sich auch eine Vielzahl an Eltern, die die Fortschritte ihrer Kinder live miterleben konnten.<br \/>\n<a href=\"https:\/\/tv-jugenheim.de\/wp-media\/2016\/05\/Pr\u00fcfungs-Gruppe.jpg\"><img loading=\"lazy\" decoding=\"async\" class=\"alignnone size-thumbnail wp-image-1640\" src=\"https:\/\/tv-jugenheim.de\/wp-media\/2016\/05\/Pr\u00fcfungs-Gruppe.jpg\" alt=\"Vereinspr\u00fcfung am 30.04.2016 in Jugenheim\" width=\"150\" height=\"150\" \/><\/a><\/p>\n<hr \/>\n<h5><span style=\"color: #a4161c;\"><strong>Vereinspr\u00fcfung am 12.12.2015 in Jugenheim<\/strong><\/span><\/h5>\n<p>Am Samstag, den 12.12.2015 haben insgesamt 28 Kinder, Jugendliche, davon neun Erwachsene an unserer zweiten Vereinspr\u00fcfung mit Erfolg teilgenommen. Diesj\u00e4hrig wurde auf zwei Kampffl\u00e4chen gleichzeitig von <em>G\u00fcnter Daum<\/em> (u.a. 2. Dan Jiu-Jitsu) und <em>Michael Ankert<\/em> (2. Dan Jiu-Jitsu) gepr\u00fcft, um die Pr\u00fcfung aufgrund der hohen Teilnehmerzahl in einem vern\u00fcnftigen zeitlichen Rahmen zu halten.<br \/>\nDie Pr\u00fcfer waren mit den gezeigten Leistungen zufrieden. Am Ende der Pr\u00fcfung kann sich die Jiu-Jitsu-Abteilung \u00fcber eine noch reichhaltigere Farbenvielfalt auf der Matte freuen. Begleitet wurde die Pr\u00fcfung wieder von zahlreichen Zuschauern unter diesen auch viele Eltern. Durch Kuchenspenden war f\u00fcr das leibliche Wohl der Pr\u00fcflinge wie immer ausgezeichnet gesorgt. Hierf\u00fcr nochmals einen Dank an alle Spender.<br \/>\n<a href=\"https:\/\/tv-jugenheim.de\/wp-media\/2015\/12\/IMG_4731-Gruppenbild-12_12_2015.jpg\"><img loading=\"lazy\" decoding=\"async\" class=\"alignnone wp-image-1901 size-thumbnail\" src=\"https:\/\/tv-jugenheim.de\/wp-media\/2015\/12\/IMG_4731-Gruppenbild-12_12_2015-150x150.jpg\" alt=\"IMG_4731 Gruppenbild 12_12_2015\" width=\"150\" height=\"150\" \/><\/a><\/p>\n<hr \/>\n<h5><span style=\"color: #a4161c;\"><strong>Landespr\u00fcfung des HJJV am 05.12.2015 in Gladenbach<\/strong><\/span><\/h5>\n<p>Am 05.12.2015 nahmen drei Jiu-Jitsuka des TV Jugenheim an der Landespr\u00fcfung Jiu-Jitsu des Hessischen Ju-Jutsu Verbands (HJJV) in Gladenbach teil. <em>Andreas Schulze<\/em> und <em>Fabian von Minckwitz<\/em> tragen nun den 2. Ky\u016b (blauer G\u00fcrtel). <em>Jule Wolf<\/em> legte erfolgreich die Pr\u00fcfung zum 1. Dan (schwarzer G\u00fcrtel) ab.<br \/>\n<a href=\"https:\/\/tv-jugenheim.de\/wp-media\/2015\/12\/IMG_9548.jpg\"><img loading=\"lazy\" decoding=\"async\" class=\"alignnone size-thumbnail wp-image-1640\" src=\"https:\/\/tv-jugenheim.de\/wp-media\/2015\/12\/IMG_9548.jpg\" alt=\"Landespr\u00fcfung des HJJV am 05.12.2015 in Gladenbach\" width=\"150\" height=\"150\" \/><\/a><\/p>\n<hr \/>\n<h5><span style=\"color: #a4161c;\"><strong>Vereinspr\u00fcfung am 18.03.2015 in Jugenheim<\/strong><\/span><\/h5>\n<p>Unsere erste diesj\u00e4hrige Pr\u00fcfung fand aufgrund geringer Pr\u00fcflingszahl im Christian-Stock-Stadion statt. F\u00fcnf Jugendliche konnten erfolgreich ihre Pr\u00fcfung ablegen. Dabei konnten drei Jugendliche den 4.1. Ky\u016b (orange-gr\u00fcner G\u00fcrtel) und zwei Jugendliche den 5.1. Ky\u016b (gelb-orangener G\u00fcrtel) erwerben. Dankenswerter Weise hat sich ein Jugendlicher auch ohne Pr\u00fcfungsteilnahme bereit erkl\u00e4rt, als Pr\u00fcfungspartner (<em>Uke<\/em>) teilzunehmen. Von den gepr\u00fcften Jugendlichen sind zum Jahresende vier in die Erwachsenenabteilung gewechselt.<br \/>\n<strong>\u00a0<a href=\"https:\/\/tv-jugenheim.de\/wp-media\/2015\/12\/20150418_0229.jpg\"><img loading=\"lazy\" decoding=\"async\" class=\"alignnone wp-image-1902 size-thumbnail\" src=\"https:\/\/tv-jugenheim.de\/wp-media\/2015\/12\/20150418_0229-150x150.jpg\" alt=\"20150418_0229\" width=\"150\" height=\"150\" \/><\/a><\/strong><\/p>\n<hr \/>\n<h5><span style=\"color: #a4161c;\"><strong>Landespr\u00fcfung des HJJV im Dezember 2014 in Jugenheim<\/strong><\/span><\/h5>\n<p>Des Weiteren fand die diesj\u00e4hrigen Landespr\u00fcfung des Hessischen Ju-Jutsu Verband (HJJV) Sektion Jiu-Jitsu ebenfalls bei uns in Jugenheim statt, an der zwei Pr\u00fcflinge der Erwachsenen teil genommen haben. Als externer Pr\u00fcfer nahm <em>Christoph M\u00fcller<\/em> (1. Dan Jiu-Jitsu, 3. Dan Ju-Jutsu, Vizeweltmeister Fighting mit der Mannschaft 2014, 5. bei der diesj\u00e4hrigen Weltmeisterschaft in Paris) und <em>G\u00fcnter Daum<\/em> (2. Dan Jiu-Jitsu) die Pr\u00fcfung ab. Folgende Graduierungen wurden mit guten Leistungen erreicht: <em>Gilles Leborgne<\/em> und <em>J\u00f6rg Dietzel<\/em> \u2013 jeweils den 2. Ky\u016b Jiu-Jitsu (blauer G\u00fcrtel).<br \/>\n<a href=\"https:\/\/tv-jugenheim.de\/wp-media\/2014\/12\/20141206_120843.jpg\"><img loading=\"lazy\" decoding=\"async\" class=\"alignnone size-thumbnail wp-image-1640\" src=\"https:\/\/tv-jugenheim.de\/wp-media\/2014\/12\/20141206_120843.jpg\" alt=\"Vereinspr\u00fcfung am 29.03.2014 in Jugenheim\" width=\"150\" height=\"150\" \/><\/a><\/p>\n<hr \/>\n<h5><span style=\"color: #a4161c;\"><strong>Vereinspr\u00fcfung am 29. und 30.11.2014 in Jugenheim<\/strong><\/span><\/h5>\n<p>Am Samstag und Sonntag, den 29. und 30.11.2014 fand die j\u00e4hrliche Pr\u00fcfung bei den Jiu-Jitsu \u2013 Erwachsenen, Jugendlichen und Kindern erstmals in der B\u00fcrgerhalle Jugenheim statt. An der Pr\u00fcfung haben insgesamt 18 Jugendliche und 15 Erwachsene mit Erfolg teilgenommen. Pr\u00fcfer <em>G\u00fcnter Daum<\/em> (u.a. 2. Dan Jiu-Jitsu) war mit den gezeigten Leistungen zufrieden. Am Ende der Pr\u00fcfung kann sich die Jiu-Jitsu-Abteilung \u00fcber eine reichhaltige Farbenvielfalt auf der Matte freuen. Von wei\u00df bis schwarz sind nun alle G\u00fcrtelfarben vertreten. Begleitet wurde die Pr\u00fcfung von zahlreichen Zuschauern unter diesen auch viele Eltern. Durch Kuchenspenden war f\u00fcr das leibliche Wohl der Pr\u00fcflinge wie immer ausgezeichnet gesorgt. Hierf\u00fcr nochmals einen Dank an alle Spender.<br \/>\n<a href=\"https:\/\/tv-jugenheim.de\/wp-media\/2014\/12\/20141130_160759.jpg\"><img loading=\"lazy\" decoding=\"async\" class=\"alignnone size-thumbnail wp-image-1640\" src=\"https:\/\/tv-jugenheim.de\/wp-media\/2014\/12\/20141130_160759.jpg\" alt=\"Vereinspr\u00fcfung am 29. und 30.11.2014 in Jugenheim\" width=\"150\" height=\"150\" \/><\/a> <a href=\"https:\/\/tv-jugenheim.de\/wp-media\/2014\/12\/KinderGruppe-29-11-2014.jpg\"><img loading=\"lazy\" decoding=\"async\" class=\"alignnone size-thumbnail wp-image-1640\" src=\"https:\/\/tv-jugenheim.de\/wp-media\/2014\/12\/KinderGruppe-29-11-2014.jpg\" alt=\"Vereinspr\u00fcfung am 29. und 30.11.2014 in Jugenheim\" width=\"150\" height=\"150\" \/><\/a><\/p>\n<hr \/>\n<h5><span style=\"color: #a4161c;\"><strong>Vereinspr\u00fcfung am 29.03.2014 in Jugenheim<\/strong><\/span><\/h5>\n<p>Am 29.03.2014 fand unsere erste diesj\u00e4hrige Pr\u00fcfung im Christian-Stock-Stadion statt. Zusammen mit den Kindern wurden die Erwachsenen gepr\u00fcft. F\u00fcr die Kinder mit ihren Eltern mal eine tolle Gelegenheit zu sehen, wie sich die Erwachsenen bei einer Pr\u00fcfung so schlagen und die Genugtuung, dass diese nicht minder aufgeregt waren, wie unsere kleinen Pr\u00fcflinge. F\u00fcr die Eltern auch eine Demonstration, wie Jiu-Jitsu auch mal anders aussehen kann.<br \/>\n<a href=\"https:\/\/tv-jugenheim.de\/wp-media\/2014\/10\/IMG_1360.jpg\"><img loading=\"lazy\" decoding=\"async\" class=\"alignnone size-thumbnail wp-image-1640\" src=\"https:\/\/tv-jugenheim.de\/wp-media\/2014\/10\/IMG_1360.jpg\" alt=\"Vereinspr\u00fcfung am 29.03.2014 in Jugenheim\" width=\"150\" height=\"150\" \/><\/a><\/p>\n","protected":false},"excerpt":{"rendered":"<p>Vereinspr\u00fcfung am 29.11.2025 in Jugenheim Am Samstag, den 29.11.2025 fand die zweite G\u00fcrtelpr\u00fcfung der Abteilung Jiu-Jitsu des TV Jugenheim in diesem Jahr statt. Nachdem im Juni die Jiu-Jitsuka der Kinder- und Jugendgruppen gepr\u00fcft wurden, waren im November nun die Erwachsenen dran. \u201eHeute war eine der sch\u00f6nsten Pr\u00fcfungen seit Langem und <a class=\"more-link\" href=\"https:\/\/tv-jugenheim.de\/wp2\/abteilung\/jiu-jitsu\/veranstaltungen\/jiu-jitsu-pruefungen\/\"><span class=\"screen-reader-text\">  Jiu-Jitsu Pr\u00fcfungen<\/span> weiterlesen<span class=\"meta-nav\">&rarr;<\/span><\/a><\/p>\n","protected":false},"author":10,"featured_media":0,"parent":817,"menu_order":0,"comment_status":"closed","ping_status":"closed","template":"","meta":{"footnotes":""},"class_list":["post-2180","page","type-page","status-publish","hentry"],"_links":{"self":[{"href":"https:\/\/tv-jugenheim.de\/wp2\/wp-json\/wp\/v2\/pages\/2180","targetHints":{"allow":["GET"]}}],"collection":[{"href":"https:\/\/tv-jugenheim.de\/wp2\/wp-json\/wp\/v2\/pages"}],"about":[{"href":"https:\/\/tv-jugenheim.de\/wp2\/wp-json\/wp\/v2\/types\/page"}],"author":[{"embeddable":true,"href":"https:\/\/tv-jugenheim.de\/wp2\/wp-json\/wp\/v2\/users\/10"}],"replies":[{"embeddable":true,"href":"https:\/\/tv-jugenheim.de\/wp2\/wp-json\/wp\/v2\/comments?post=2180"}],"version-history":[{"count":42,"href":"https:\/\/tv-jugenheim.de\/wp2\/wp-json\/wp\/v2\/pages\/2180\/revisions"}],"predecessor-version":[{"id":6709,"href":"https:\/\/tv-jugenheim.de\/wp2\/wp-json\/wp\/v2\/pages\/2180\/revisions\/6709"}],"up":[{"embeddable":true,"href":"https:\/\/tv-jugenheim.de\/wp2\/wp-json\/wp\/v2\/pages\/817"}],"wp:attachment":[{"href":"https:\/\/tv-jugenheim.de\/wp2\/wp-json\/wp\/v2\/media?parent=2180"}],"curies":[{"name":"wp","href":"https:\/\/api.w.org\/{rel}","templated":true}]}}