{"id":2129,"date":"2016-01-24T14:46:15","date_gmt":"2016-01-24T12:46:15","guid":{"rendered":"http:\/\/wp1.tv-jugenheim.de\/?page_id=2129"},"modified":"2016-01-24T14:47:26","modified_gmt":"2016-01-24T12:47:26","slug":"2129-2","status":"publish","type":"page","link":"https:\/\/tv-jugenheim.de\/wp2\/abteilung\/jiu-jitsu\/jahresrueckblicke\/2129-2\/","title":{"rendered":"Jahresr\u00fcckblick der Jiu-Jitsu Abteilung 2014"},"content":{"rendered":"<p><em><span style=\"text-decoration: underline;\"><strong>Ein erfolgreiches und abwechslungsreiches Jahr neigt sich wieder dem Ende zu!<\/strong><\/span><\/em><\/p>\n<p><span style=\"text-decoration: underline;\"><strong>Frauenselbstbehauptungskurs ab Februar 2014<\/strong><\/span><\/p>\n<p>Erstmals in diesem Jahr konnten wir im Fr\u00fchjahr einen Frauenselbstbehauptungskurs anbieten. Mit 11 Teilnehmerinnen haben wir eine sehr interessante Zeit verbringen k\u00f6nnen. Aus den R\u00fcckmeldungen der Teilnehmerinnen war danach zu entnehmen, dass der Kurs viele wichtige rechtliche Informationen, hilfreiche Aspekte f\u00fcr den Alltag und leicht umzusetzende Selbstverteidigungstechniken enthalten hat. Uns Trainern und auch den Teilnehmerinnen hat dieser Kurs sehr viel Spa\u00df gemacht.<\/p>\n<p><a href=\"https:\/\/tv-jugenheim.de\/wp-media\/2014\/12\/CIMG15141.jpg\"><img loading=\"lazy\" decoding=\"async\" class=\"alignnone wp-image-1280\" src=\"https:\/\/tv-jugenheim.de\/wp-media\/2014\/12\/CIMG15141-300x168.jpg\" alt=\"CIMG1514\" width=\"267\" height=\"154\" \/><\/a><a href=\"https:\/\/tv-jugenheim.de\/wp-media\/2014\/12\/CIMG17431.jpg\"><img loading=\"lazy\" decoding=\"async\" class=\"alignnone wp-image-1282\" src=\"https:\/\/tv-jugenheim.de\/wp-media\/2014\/12\/CIMG17431-300x168.jpg\" alt=\"CIMG1743\" width=\"266\" height=\"155\" \/><\/a><\/p>\n<p><strong><span style=\"text-decoration: underline;\">Jiu-Jitsu Pr\u00fcfung im M\u00e4rz 2014<\/span><\/strong><\/p>\n<p>Am 29.03.2014 fand unsere erste diesj\u00e4hrige Pr\u00fcfung im Christian-Stock-Stadion statt. Zusammen mit den Kindern \u00a0wurden die Erwachsenen gepr\u00fcft. F\u00fcr die Kids mit ihren Eltern mal eine tolle Gelegenheit zu sehen, wie sich die Erwachsenen bei einer Pr\u00fcfung so schlagen und die Genugtuung, dass diese nicht minder aufgeregt waren, wie unsere kleinen Pr\u00fcflinge.<\/p>\n<p>F\u00fcr die Eltern auch eine Demonstration, wie Jiu auch mal anders aussehen kann.<\/p>\n<p><a href=\"https:\/\/tv-jugenheim.de\/wp-media\/2014\/12\/IMG_13601.jpg\"><img loading=\"lazy\" decoding=\"async\" class=\"alignnone wp-image-1281\" src=\"https:\/\/tv-jugenheim.de\/wp-media\/2014\/12\/IMG_13601-300x174.jpg\" alt=\"IMG_1360\" width=\"445\" height=\"265\" \/><\/a><\/p>\n<p><strong><span style=\"text-decoration: underline;\">Jiu-Jitsu Abteilung mit Sektstand bei der Jugenheimer Kerb im August 2014<\/span><\/strong><\/p>\n<p>An der Kerb haben sich die Jiuka`s diesmal trotz widriger Umst\u00e4nde (Ferien) mit der Ausrichtung und Neuorganisation des Sektstandes beteiligt.<\/p>\n<p><a href=\"https:\/\/tv-jugenheim.de\/wp-media\/2014\/12\/20140823_234135.jpg\"><img loading=\"lazy\" decoding=\"async\" class=\"alignnone size-medium wp-image-1285\" src=\"https:\/\/tv-jugenheim.de\/wp-media\/2014\/12\/20140823_234135-169x300.jpg\" alt=\"20140823_234135\" width=\"169\" height=\"300\" srcset=\"https:\/\/tv-jugenheim.de\/wp2\/..\/wp-media\/2014\/12\/20140823_234135-169x300.jpg 169w, https:\/\/tv-jugenheim.de\/wp2\/..\/wp-media\/2014\/12\/20140823_234135-576x1024.jpg 576w, https:\/\/tv-jugenheim.de\/wp2\/..\/wp-media\/2014\/12\/20140823_234135.jpg 675w\" sizes=\"auto, (max-width: 169px) 100vw, 169px\" \/><\/a><a href=\"https:\/\/tv-jugenheim.de\/wp-media\/2014\/12\/20140823_234049.jpg\"><img loading=\"lazy\" decoding=\"async\" class=\"alignnone size-medium wp-image-1284\" src=\"https:\/\/tv-jugenheim.de\/wp-media\/2014\/12\/20140823_234049-169x300.jpg\" alt=\"20140823_234049\" width=\"169\" height=\"300\" srcset=\"https:\/\/tv-jugenheim.de\/wp2\/..\/wp-media\/2014\/12\/20140823_234049-169x300.jpg 169w, https:\/\/tv-jugenheim.de\/wp2\/..\/wp-media\/2014\/12\/20140823_234049-576x1024.jpg 576w, https:\/\/tv-jugenheim.de\/wp2\/..\/wp-media\/2014\/12\/20140823_234049.jpg 675w\" sizes=\"auto, (max-width: 169px) 100vw, 169px\" \/><\/a><a href=\"https:\/\/tv-jugenheim.de\/wp-media\/2014\/12\/20140823_203711.jpg\"><img loading=\"lazy\" decoding=\"async\" class=\"alignnone size-medium wp-image-1283\" src=\"https:\/\/tv-jugenheim.de\/wp-media\/2014\/12\/20140823_203711-169x300.jpg\" alt=\"20140823_203711\" width=\"169\" height=\"300\" srcset=\"https:\/\/tv-jugenheim.de\/wp2\/..\/wp-media\/2014\/12\/20140823_203711-169x300.jpg 169w, https:\/\/tv-jugenheim.de\/wp2\/..\/wp-media\/2014\/12\/20140823_203711-576x1024.jpg 576w, https:\/\/tv-jugenheim.de\/wp2\/..\/wp-media\/2014\/12\/20140823_203711.jpg 675w\" sizes=\"auto, (max-width: 169px) 100vw, 169px\" \/><\/a><\/p>\n<p>Obwohl die Standortwahl ein wenig ungl\u00fccklich war, hatten wir durchaus viel Spa\u00df, und sogar einen ganz passablen Umsatz zu vermelden. Im n\u00e4chsten Jahr werden wir uns wieder, aber an besserem Standort mit dem Sektstand zur\u00fcckmelden.<\/p>\n<p><strong><span style=\"text-decoration: underline;\">Jiu-Freizeit im September 2014<\/span><\/strong><\/p>\n<p>Vom 11. bis zum 13.09.2014 fand unsere inzwischen schon legend\u00e4re Jiu Freizeit erstmals in der B\u00fcrgerhalle in Jungeheim statt.<\/p>\n<p><a href=\"https:\/\/tv-jugenheim.de\/wp-media\/2014\/12\/IMG_77281.jpg\"><img loading=\"lazy\" decoding=\"async\" class=\"alignnone size-medium wp-image-1286\" src=\"https:\/\/tv-jugenheim.de\/wp-media\/2014\/12\/IMG_77281-300x200.jpg\" alt=\"IMG_7728\" width=\"300\" height=\"200\" srcset=\"https:\/\/tv-jugenheim.de\/wp2\/..\/wp-media\/2014\/12\/IMG_77281-300x200.jpg 300w, https:\/\/tv-jugenheim.de\/wp2\/..\/wp-media\/2014\/12\/IMG_77281-1024x683.jpg 1024w, https:\/\/tv-jugenheim.de\/wp2\/..\/wp-media\/2014\/12\/IMG_77281.jpg 1200w\" sizes=\"auto, (max-width: 300px) 100vw, 300px\" \/><\/a><a href=\"https:\/\/tv-jugenheim.de\/wp-media\/2014\/12\/20140917_1526151.jpg\"><img loading=\"lazy\" decoding=\"async\" class=\"alignnone size-medium wp-image-1288\" src=\"https:\/\/tv-jugenheim.de\/wp-media\/2014\/12\/20140917_1526151-205x300.jpg\" alt=\"20140917_152615\" width=\"205\" height=\"300\" srcset=\"https:\/\/tv-jugenheim.de\/wp2\/..\/wp-media\/2014\/12\/20140917_1526151-205x300.jpg 205w, https:\/\/tv-jugenheim.de\/wp2\/..\/wp-media\/2014\/12\/20140917_1526151-699x1024.jpg 699w, https:\/\/tv-jugenheim.de\/wp2\/..\/wp-media\/2014\/12\/20140917_1526151.jpg 819w\" sizes=\"auto, (max-width: 205px) 100vw, 205px\" \/><\/a><\/p>\n<p>Wie immer nahm eine gro\u00dfe Anzahl unserer Kids an der Freizeit teil. Diesmal konnten wir sowohl auf die Hilfe einzelner Eltern, als auch auf unserer Jungerwachsenen z\u00e4hlen. Alle Beteiligten hatten Samstagabends an unserem bunten Grillabend mit den Eltern (\u00fcber 90 Personen) sehr viel Freude. Alle teilnehmenden Kids erwarben im Rahmen dieser Veranstaltung \u00a0wieder ihr Sportabzeichen.<\/p>\n<p><a href=\"https:\/\/tv-jugenheim.de\/wp-media\/2014\/12\/D3100_32151.jpg\"><img loading=\"lazy\" decoding=\"async\" class=\"alignnone size-medium wp-image-1287\" src=\"https:\/\/tv-jugenheim.de\/wp-media\/2014\/12\/D3100_32151-300x206.jpg\" alt=\"D3100_3215\" width=\"300\" height=\"206\" srcset=\"https:\/\/tv-jugenheim.de\/wp2\/..\/wp-media\/2014\/12\/D3100_32151-300x206.jpg 300w, https:\/\/tv-jugenheim.de\/wp2\/..\/wp-media\/2014\/12\/D3100_32151-1024x703.jpg 1024w, https:\/\/tv-jugenheim.de\/wp2\/..\/wp-media\/2014\/12\/D3100_32151.jpg 1200w\" sizes=\"auto, (max-width: 300px) 100vw, 300px\" \/><\/a><\/p>\n<p><strong><span style=\"text-decoration: underline;\">Frauenselbstbehauptungskurs ab Oktober 2014<\/span><\/strong><\/p>\n<p>Im Herbst konnten wir erfreulicherweise unseren zweiten Frauenselbstbehauptungskurs anbieten. Mit diesmal 8 Teilnehmerinnen haben wir wieder sehr vielf\u00e4ltige und kurzweilige Stunden verbringen k\u00f6nnen. \u00a0Bei diesem Kurs kam auch erstmals unser neu erworbener Fist-Anzug (Schutzanzug) zum Einsatz, an dem sich die Frauen ausgiebig austoben konnten. Unser m\u00e4nnlicher Kursleiter G\u00fcnter Daum erlitt bei der einen oder anderen Verteidigungstechnik \u00a0durchaus sichtbare Blessuren ;-), was mir als weibliche Kursleiterin erspart blieb ;-))<\/p>\n<p><a href=\"https:\/\/tv-jugenheim.de\/wp-media\/2014\/12\/20141119_2027261.jpg\"><img loading=\"lazy\" decoding=\"async\" class=\"alignnone size-medium wp-image-1292\" src=\"https:\/\/tv-jugenheim.de\/wp-media\/2014\/12\/20141119_2027261-169x300.jpg\" alt=\"20141119_202726\" width=\"169\" height=\"300\" srcset=\"https:\/\/tv-jugenheim.de\/wp2\/..\/wp-media\/2014\/12\/20141119_2027261-169x300.jpg 169w, https:\/\/tv-jugenheim.de\/wp2\/..\/wp-media\/2014\/12\/20141119_2027261.jpg 576w\" sizes=\"auto, (max-width: 169px) 100vw, 169px\" \/><\/a><a href=\"https:\/\/tv-jugenheim.de\/wp-media\/2014\/12\/20141119_2028401.jpg\"><img loading=\"lazy\" decoding=\"async\" class=\"alignnone size-medium wp-image-1293\" src=\"https:\/\/tv-jugenheim.de\/wp-media\/2014\/12\/20141119_2028401-300x169.jpg\" alt=\"20141119_202840\" width=\"300\" height=\"169\" srcset=\"https:\/\/tv-jugenheim.de\/wp2\/..\/wp-media\/2014\/12\/20141119_2028401-300x169.jpg 300w, https:\/\/tv-jugenheim.de\/wp2\/..\/wp-media\/2014\/12\/20141119_2028401.jpg 1024w\" sizes=\"auto, (max-width: 300px) 100vw, 300px\" \/><\/a><\/p>\n<p>Auf vielfachen Wunsch unserer Kursteilnehmerinnen, werden wir ab dem n\u00e4chsten Jahr zu den zwei Frauenselbstbehauptungskursen auch Aufbaukurse und ggf. ein regelm\u00e4\u00dfiges Aufbautraining im monatlichen Rhythmus anbieten.<\/p>\n<p><a href=\"https:\/\/tv-jugenheim.de\/wp-media\/2014\/12\/20141126_2110201.jpg\"><img loading=\"lazy\" decoding=\"async\" class=\"alignnone size-medium wp-image-1294\" src=\"https:\/\/tv-jugenheim.de\/wp-media\/2014\/12\/20141126_2110201-300x169.jpg\" alt=\"20141126_211020\" width=\"300\" height=\"169\" srcset=\"https:\/\/tv-jugenheim.de\/wp2\/..\/wp-media\/2014\/12\/20141126_2110201-300x169.jpg 300w, https:\/\/tv-jugenheim.de\/wp2\/..\/wp-media\/2014\/12\/20141126_2110201.jpg 1024w\" sizes=\"auto, (max-width: 300px) 100vw, 300px\" \/><\/a><\/p>\n<p><strong><span style=\"text-decoration: underline;\">Jiu-Jitsu Vereinspr\u00fcfung im November 2014<\/span><\/strong><\/p>\n<p><a href=\"https:\/\/tv-jugenheim.de\/wp-media\/2014\/12\/KinderGruppe-29-11-20141.jpg\"><img loading=\"lazy\" decoding=\"async\" class=\"alignnone size-medium wp-image-1295\" src=\"https:\/\/tv-jugenheim.de\/wp-media\/2014\/12\/KinderGruppe-29-11-20141-300x163.jpg\" alt=\"KinderGruppe 29-11-2014\" width=\"300\" height=\"163\" srcset=\"https:\/\/tv-jugenheim.de\/wp2\/..\/wp-media\/2014\/12\/KinderGruppe-29-11-20141-300x163.jpg 300w, https:\/\/tv-jugenheim.de\/wp2\/..\/wp-media\/2014\/12\/KinderGruppe-29-11-20141.jpg 1024w\" sizes=\"auto, (max-width: 300px) 100vw, 300px\" \/><\/a><\/p>\n<p>Am Samstag und Sonntag, den 29. und 30.11.2014 fand die j\u00e4hrliche Pr\u00fcfung bei den Jiu-Jitsu \u2013 Erwachsenen, Teens und Kids erstmals in Jugenheim statt. An der Pr\u00fcfung haben insgesamt 18 Jugendliche und 15 Erwachsene<\/p>\n<p><a href=\"https:\/\/tv-jugenheim.de\/wp-media\/2014\/12\/20141130_1607591.jpg\"><img loading=\"lazy\" decoding=\"async\" class=\"alignnone size-medium wp-image-1296\" src=\"https:\/\/tv-jugenheim.de\/wp-media\/2014\/12\/20141130_1607591-300x174.jpg\" alt=\"20141130_160759\" width=\"300\" height=\"174\" srcset=\"https:\/\/tv-jugenheim.de\/wp2\/..\/wp-media\/2014\/12\/20141130_1607591-300x174.jpg 300w, https:\/\/tv-jugenheim.de\/wp2\/..\/wp-media\/2014\/12\/20141130_1607591.jpg 1024w\" sizes=\"auto, (max-width: 300px) 100vw, 300px\" \/><\/a><\/p>\n<p>mit Erfolg teilgenommen. G\u00fcnter Daum (2.Dan &#8211; Pr\u00fcfer) war mit den gezeigten Leistungen zu frieden. Am Ende der Pr\u00fcfung kann sich die Jiu Jitsu Abteilung \u00fcber eine reichhaltige Farbenvielfalt auf der Matte freuen. Von wei\u00df bis schwarz sind nun alle G\u00fcrtelfarben vertreten. Begleitet wurde die Pr\u00fcfung von zahlreichen Zuschauern unter diesen auch viele Eltern. Durch Kuchenspenden war f\u00fcr das leibliche Wohl der Pr\u00fcflinge wie immer ausgezeichnet gesorgt. Hierf\u00fcr nochmals einen Dank an alle Spender.<\/p>\n<p><strong><span style=\"text-decoration: underline;\">Jiu-Jitsu Landespr\u00fcfung im Dezember 2014<\/span><\/strong><\/p>\n<p><a href=\"https:\/\/tv-jugenheim.de\/wp-media\/2014\/12\/20141206_1208431.jpg\"><img loading=\"lazy\" decoding=\"async\" class=\"alignnone size-medium wp-image-1297\" src=\"https:\/\/tv-jugenheim.de\/wp-media\/2014\/12\/20141206_1208431-300x169.jpg\" alt=\"20141206_120843\" width=\"300\" height=\"169\" srcset=\"https:\/\/tv-jugenheim.de\/wp2\/..\/wp-media\/2014\/12\/20141206_1208431-300x169.jpg 300w, https:\/\/tv-jugenheim.de\/wp2\/..\/wp-media\/2014\/12\/20141206_1208431.jpg 1024w\" sizes=\"auto, (max-width: 300px) 100vw, 300px\" \/><\/a><\/p>\n<p>Desweiteren fand die diesj\u00e4hrigen Landespr\u00fcfung des Hessischen Ju-Jutsu Verband Sektion Jiu-Jitsu ebenfalls bei uns in Jugenheim statt, an der 2 Pr\u00fcflinge der Erwachsenen teil genommen haben. Als externer Pr\u00fcfer nahm Christoph M\u00fcller (1. DAN Jiu-Jitsu, 3. DAN Ju-Jutsu, Vizeweltmeister Fighting mit der Mannschaft 2014, 5. bei der diesj\u00e4hrigen Weltmeisterschaft in Paris) und G\u00fcnter Daum (2. DAN Jiu-Jitsu) die Pr\u00fcfung ab. Folgende Graduierungen wurden mit guten Leistungen erreicht: Gilles Leborgne und J\u00f6rg Dietzel \u2013 jeweils blau-Gurt<\/p>\n<p><strong><span style=\"text-decoration: underline;\">Jiu-Jitsu Weihnachtsfeier im Rahmen der Gesamtweihnachtsfeier des TVJ am 06. Dezember 2014<\/span><\/strong><\/p>\n<p>Erfreulicherweise nahmen dieses Jahr rund 30 Jiuka`s an der Weihnachtsfeier teil. Die Verleihung der Urkunden erfolgte daher in diesem Jahr in weihnachtlichem Ambiente auf der TV Jugenheim Gesamtweihnachtsfeier.<\/p>\n<p><strong><span style=\"text-decoration: underline;\">Weihnachtsfeier der Kids am 19.12.2014 in Bickenbach<\/span><\/strong><\/p>\n<p><a href=\"https:\/\/tv-jugenheim.de\/wp-media\/2014\/12\/20141219_160727.jpg\"><img loading=\"lazy\" decoding=\"async\" class=\"alignnone wp-image-1298\" src=\"https:\/\/tv-jugenheim.de\/wp-media\/2014\/12\/20141219_160727-300x169.jpg\" alt=\"20141219_160727\" width=\"219\" height=\"127\" \/><\/a><a href=\"https:\/\/tv-jugenheim.de\/wp-media\/2014\/12\/weihnachsfeier.jpg\"><img loading=\"lazy\" decoding=\"async\" class=\"alignnone wp-image-1299\" src=\"https:\/\/tv-jugenheim.de\/wp-media\/2014\/12\/weihnachsfeier-300x169.jpg\" alt=\"weihnachsfeier\" width=\"283\" height=\"164\" \/><\/a><\/p>\n<p>Unsere Weihnachtsfeier fand dieses Jahr im B\u00fcrgerhaus in Bickenbach statt. Vielen Dank daf\u00fcr nochmals an die Familie Tysiak, die uns die Nutzung dieser Lokation erst m\u00f6glich machte. Die Kids vergn\u00fcgten sich bei verschiedenen Spielen mit den Trainern und Nutzung der Kegelbahnen, was auch unseren gr\u00f6\u00dferen Spr\u00f6sslingen die Weihnachtsfeier ein wenig schmackhafter machte.<\/p>\n<p>Mit dieser Feier verabschieden wir uns nun aus einem arbeits- und erlebnisreichen Jahre 2014.<\/p>\n<p><strong>Wir bedanken\u00a0 uns bei allen Aktiven und Eltern und vor allem bei unseren Jungtrainern f\u00fcr das hohe Engagement innerhalb und au\u00dferhalb des Trainings und bei allen Veranstaltungen, die wir im Jahr 2014 geschultert haben und freuen uns auf ein tolles Trainingsjahr 2015 mit hoher Trainingsteilnahme und weiterhin hoher Hilfsbereitschaft unserer Eltern. \u00a0<\/strong><\/p>\n<p>Jule Wolf und G\u00fcnter Daum<\/p>\n","protected":false},"excerpt":{"rendered":"<p>Ein erfolgreiches und abwechslungsreiches Jahr neigt sich wieder dem Ende zu! Frauenselbstbehauptungskurs ab Februar 2014 Erstmals in diesem Jahr konnten wir im Fr\u00fchjahr einen Frauenselbstbehauptungskurs anbieten. Mit 11 Teilnehmerinnen haben wir eine sehr interessante Zeit verbringen k\u00f6nnen. Aus den R\u00fcckmeldungen der Teilnehmerinnen war danach zu entnehmen, dass der Kurs viele <a class=\"more-link\" href=\"https:\/\/tv-jugenheim.de\/wp2\/abteilung\/jiu-jitsu\/jahresrueckblicke\/2129-2\/\"><span class=\"screen-reader-text\">  Jahresr\u00fcckblick der Jiu-Jitsu Abteilung 2014<\/span> weiterlesen<span class=\"meta-nav\">&rarr;<\/span><\/a><\/p>\n","protected":false},"author":10,"featured_media":0,"parent":2126,"menu_order":0,"comment_status":"closed","ping_status":"closed","template":"","meta":{"footnotes":""},"class_list":["post-2129","page","type-page","status-publish","hentry"],"_links":{"self":[{"href":"https:\/\/tv-jugenheim.de\/wp2\/wp-json\/wp\/v2\/pages\/2129","targetHints":{"allow":["GET"]}}],"collection":[{"href":"https:\/\/tv-jugenheim.de\/wp2\/wp-json\/wp\/v2\/pages"}],"about":[{"href":"https:\/\/tv-jugenheim.de\/wp2\/wp-json\/wp\/v2\/types\/page"}],"author":[{"embeddable":true,"href":"https:\/\/tv-jugenheim.de\/wp2\/wp-json\/wp\/v2\/users\/10"}],"replies":[{"embeddable":true,"href":"https:\/\/tv-jugenheim.de\/wp2\/wp-json\/wp\/v2\/comments?post=2129"}],"version-history":[{"count":2,"href":"https:\/\/tv-jugenheim.de\/wp2\/wp-json\/wp\/v2\/pages\/2129\/revisions"}],"predecessor-version":[{"id":2131,"href":"https:\/\/tv-jugenheim.de\/wp2\/wp-json\/wp\/v2\/pages\/2129\/revisions\/2131"}],"up":[{"embeddable":true,"href":"https:\/\/tv-jugenheim.de\/wp2\/wp-json\/wp\/v2\/pages\/2126"}],"wp:attachment":[{"href":"https:\/\/tv-jugenheim.de\/wp2\/wp-json\/wp\/v2\/media?parent=2129"}],"curies":[{"name":"wp","href":"https:\/\/api.w.org\/{rel}","templated":true}]}}