{"id":91,"date":"2014-06-28T19:37:21","date_gmt":"2014-06-28T17:37:21","guid":{"rendered":"http:\/\/wp.tv-jugenheim.de\/?page_id=91"},"modified":"2025-06-08T16:04:48","modified_gmt":"2025-06-08T14:04:48","slug":"impressum","status":"publish","type":"page","link":"https:\/\/tv-jugenheim.de\/wp1\/verein\/impressum\/","title":{"rendered":"Impressum"},"content":{"rendered":"<p><strong>TV Jugenheim 1888 e.V.<br \/>\n<\/strong><b><\/b>Postfach 2105<br \/>\n64336 Seeheim-Jugenheim<\/p>\n<p><strong>E-Mail:<\/strong> <a href=\"mailto:info@tv-jugenheim.de\">info@tv-jugenheim.de<\/a><\/p>\n<p><strong>1. Vorsitzender<br \/>\n<\/strong>Stefan Wolf<br \/>\nErnst-Ludwig-Weg 42<br \/>\n64404 Bickenbach<br \/>\n<strong>E-Mail:<\/strong> <a title=\"Eberhard Tempel\" href=\"mailto:stefan.wolf@tv-jugenheim.de\">stefan.wolf@tv-jugenheim.de<\/a><\/p>\n<p><strong>Registergericht:<\/strong> Amtsgericht Darmstadt<br \/>\n<strong>Registernummer:<\/strong> VR 1183<\/p>\n<p><strong>Verantwortlich im Sinne des\u00a0 \u00a7 18 Abs. 2 MStV<\/strong><b><br \/>\nStefan Meyer<br \/>\nFriedrich-Ebert-Str. 23<br \/>\n64665 Alsbach<br \/>\n<\/b><strong>E-Mail:<\/strong> <b><a href=\"mailto:stefan.meyer@tv-jugenheim.de\">stefan.meyer@tv-jugenheim.de<\/a><br \/>\n<\/b><\/p>\n<p><strong>Haftungshinweis<\/strong><br \/>\nDer TV Jugenheim \u00fcbernimmt keine Haftung f\u00fcr die Inhalte externer Links. Daf\u00fcr sind ausschlie\u00dflich deren Betreiber verantwortlich.<\/p>\n<p><strong>Nutzungsrechte<\/strong><br \/>\nCopyright \u00a9 by TV Jugenheim 1888 e.V.<br \/>\nAlle Rechte vorbehalten. Die Urheberrechte dieser Website liegen vollst\u00e4ndig beim TV Jugenheim 1888 e.V..<br \/>\nPermanente Links auf diese Webseite m\u00fcssen mit dem TV Jugenheim abgestimmt werden.<\/p>\n","protected":false},"excerpt":{"rendered":"<p>TV Jugenheim 1888 e.V. Postfach 2105 64336 Seeheim-Jugenheim E-Mail: info@tv-jugenheim.de 1. Vorsitzender Stefan Wolf Ernst-Ludwig-Weg 42 64404 Bickenbach E-Mail: stefan.wolf@tv-jugenheim.de Registergericht: Amtsgericht Darmstadt Registernummer: VR 1183 Verantwortlich im Sinne des\u00a0 \u00a7 18 Abs. 2 MStV Stefan Meyer Friedrich-Ebert-Str. 23 64665 Alsbach E-Mail: stefan.meyer@tv-jugenheim.de Haftungshinweis Der TV Jugenheim \u00fcbernimmt keine Haftung <a class=\"more-link\" href=\"https:\/\/tv-jugenheim.de\/wp1\/verein\/impressum\/\"><span class=\"screen-reader-text\">  Impressum<\/span> weiterlesen<span class=\"meta-nav\">&rarr;<\/span><\/a><\/p>\n","protected":false},"author":2,"featured_media":0,"parent":29,"menu_order":98,"comment_status":"closed","ping_status":"closed","template":"","meta":{"footnotes":""},"class_list":["post-91","page","type-page","status-publish","hentry"],"_links":{"self":[{"href":"https:\/\/tv-jugenheim.de\/wp1\/wp-json\/wp\/v2\/pages\/91","targetHints":{"allow":["GET"]}}],"collection":[{"href":"https:\/\/tv-jugenheim.de\/wp1\/wp-json\/wp\/v2\/pages"}],"about":[{"href":"https:\/\/tv-jugenheim.de\/wp1\/wp-json\/wp\/v2\/types\/page"}],"author":[{"embeddable":true,"href":"https:\/\/tv-jugenheim.de\/wp1\/wp-json\/wp\/v2\/users\/2"}],"replies":[{"embeddable":true,"href":"https:\/\/tv-jugenheim.de\/wp1\/wp-json\/wp\/v2\/comments?post=91"}],"version-history":[{"count":8,"href":"https:\/\/tv-jugenheim.de\/wp1\/wp-json\/wp\/v2\/pages\/91\/revisions"}],"predecessor-version":[{"id":6582,"href":"https:\/\/tv-jugenheim.de\/wp1\/wp-json\/wp\/v2\/pages\/91\/revisions\/6582"}],"up":[{"embeddable":true,"href":"https:\/\/tv-jugenheim.de\/wp1\/wp-json\/wp\/v2\/pages\/29"}],"wp:attachment":[{"href":"https:\/\/tv-jugenheim.de\/wp1\/wp-json\/wp\/v2\/media?parent=91"}],"curies":[{"name":"wp","href":"https:\/\/api.w.org\/{rel}","templated":true}]}}