{"id":72,"date":"2014-06-28T17:35:28","date_gmt":"2014-06-28T17:35:28","guid":{"rendered":"http:\/\/wp.tv-jugenheim.de\/?page_id=72"},"modified":"2024-05-18T14:41:38","modified_gmt":"2024-05-18T12:41:38","slug":"tischtennis","status":"publish","type":"page","link":"https:\/\/tv-jugenheim.de\/wp1\/abteilung\/tischtennis\/","title":{"rendered":"Tischtennis"},"content":{"rendered":"<p>Die TT-Abteilung ist eine der \u00e4ltesten Abteilungen im TV Jugenheim. Bereits 1931 wurde sie gegr\u00fcndet. In diesen fr\u00fchen Jahren wurden bereits gro\u00dfe Siege gefeiert wie die ununterbrochene Bezirksmeisterschaft 1957 \u2013 1959. Nach einer l\u00e4ngeren Durststrecke wurde in den 1980er Jahren wieder durchgestartet: Meisterschaften und Pokalsiege in verschiedenen Kreisklassen sowie 2.Pl\u00e4tze im Bezirkspokal wurden errungen.<\/p>\n<h2>Trainingszeiten<\/h2>\n<p>siehe <a href=\"https:\/\/tv-jugenheim.de\/wp1\/verein\/sportangebot\/#Tischtennis\">Sportangebot \/ Hallenzeiten<\/a><\/p>\n<h2>Kontakt<\/h2>\n<h3>Abteilungsleiter<\/h3>\n<p><img loading=\"lazy\" decoding=\"async\" class=\"wp-image-219 size-full alignleft\" src=\"https:\/\/tv-jugenheim.de\/wp-media\/2014\/06\/person_orange-e1406061775885.png\" alt=\"\" width=\"100\" height=\"117\" \/>Nils Wohlert<br \/>\nE-Mail: <a title=\"Stefan Meyer\" href=\"mailto:tischtennis@tv-jugenheim.de\">tischtennis@tv-jugenheim.de<\/a><\/p>\n<p>&nbsp;<\/p>\n<h3 style=\"clear: left;\">Jugendleiter<\/h3>\n<p><img loading=\"lazy\" decoding=\"async\" class=\"alignleft wp-image-245 size-full\" src=\"https:\/\/tv-jugenheim.de\/wp-media\/2014\/06\/Profil.Stefan.Meyer_-e1406062932966.jpg\" alt=\"\" width=\"100\" height=\"117\" \/>Stefan Meyer<br \/>\nE-Mail: <a title=\"Stefan Meyer\" href=\"mailto:st.my-tt@t-online.de\">st.my-tt@t-online.de<\/a><br \/>\nTelefon: 06257 905651<br \/>\nMobil: 0160 94845239<\/p>\n<p>&nbsp;<\/p>\n<h3>Tischtennis gegen Parkinson<\/h3>\n<p><img loading=\"lazy\" decoding=\"async\" class=\"size-full wp-image-218 alignleft\" src=\"https:\/\/tv-jugenheim.de\/wp-media\/2014\/06\/person_green-e1406055365898.png\" alt=\"\" width=\"100\" height=\"117\" \/>Erwin Ke\u00dfler<br \/>\nE-Mail: erwinks@gmx.de<br \/>\nTelefon: 06257 63416<br \/>\nMobil: 0173 6885327<\/p>\n<h2 style=\"clear: left;\">TVJ Jugenheim Mannschaftswettbewerb<\/h2>\n<p>siehe <a href=\"https:\/\/www.mytischtennis.de\/clicktt\/HeTTV\/22-23\/verein\/42029\/TV-Jugenheim-1888\/mannschaften\/\" target=\"_blank\" rel=\"noopener noreferrer\">MyTischtennis.de<\/a><\/p>\n<h3>Neuigkeiten der Abteilung<\/h3>\n<ul class=\"lcp_catlist\" id=\"lcp_instance_0\"><li><a href=\"https:\/\/tv-jugenheim.de\/wp1\/2025\/08\/tischtennis-sommertraining\/\">Tischtennis Sommertraining<\/a><\/li><li><a href=\"https:\/\/tv-jugenheim.de\/wp1\/2025\/06\/freundschaftsspiel-und-neue-tischtennis-tische\/\">Freundschaftsspiel und neue Tischtennis-Tische<\/a><\/li><li><a href=\"https:\/\/tv-jugenheim.de\/wp1\/2025\/05\/tischtennis-vereinsmeisterschaft-gemeinschaft-spannung-und-fairplay\/\">Tischtennis Vereinsmeisterschaft &#8211; Gemeinschaft, Spannung und Fairplay<\/a><\/li><li><a href=\"https:\/\/tv-jugenheim.de\/wp1\/2024\/12\/2-mal-vizepokalsieger\/\">2 mal Vizepokalsieger<\/a><\/li><li><a href=\"https:\/\/tv-jugenheim.de\/wp1\/2024\/03\/tischtennis-gegen-parkinson\/\">Tischtennis gegen Parkinson<\/a><\/li><li><a href=\"https:\/\/tv-jugenheim.de\/wp1\/2023\/07\/zusammen-115-jahre-aktiv-tischtennis\/\">zusammen 115 Jahre aktiv Tischtennis<\/a><\/li><li><a href=\"https:\/\/tv-jugenheim.de\/wp1\/2023\/06\/tt-jugend-ausflug-in-den-holiday-park\/\">TT Jugend: Ausflug in den Holiday-Park<\/a><\/li><li><a href=\"https:\/\/tv-jugenheim.de\/wp1\/2022\/07\/tischtennis-nachwugs-team-cup-ein-erfreulicher-test-fuer-die-kommende-saison\/\">Tischtennis: Nachwuchs Team Cup &#8211; ein erfreulicher Test f\u00fcr die kommende Saison<\/a><\/li><li><a href=\"https:\/\/tv-jugenheim.de\/wp1\/2020\/08\/jugendtraining-der-tischtennisabteilung-des-tvj\/\">Jugendtraining der Tischtennisabteilung des TVJ<\/a><\/li><li><a href=\"https:\/\/tv-jugenheim.de\/wp1\/2016\/07\/2641\/\">Bilanz der B\u00e4llchenk\u00fcnstler &#8211; nach der  Saison ist vor der Saison &#8211; Tischtennis beim TV Jugenheim<\/a><\/li><\/ul>\n<p>&nbsp;<\/p>\n","protected":false},"excerpt":{"rendered":"<p>Die TT-Abteilung ist eine der \u00e4ltesten Abteilungen im TV Jugenheim. Bereits 1931 wurde sie gegr\u00fcndet. In diesen fr\u00fchen Jahren wurden bereits gro\u00dfe Siege gefeiert wie die ununterbrochene Bezirksmeisterschaft 1957 \u2013 1959. Nach einer l\u00e4ngeren Durststrecke wurde in den 1980er Jahren wieder durchgestartet: Meisterschaften und Pokalsiege in verschiedenen Kreisklassen sowie 2.Pl\u00e4tze <a class=\"more-link\" href=\"https:\/\/tv-jugenheim.de\/wp1\/abteilung\/tischtennis\/\"><span class=\"screen-reader-text\">  Tischtennis<\/span> weiterlesen<span class=\"meta-nav\">&rarr;<\/span><\/a><\/p>\n","protected":false},"author":2,"featured_media":0,"parent":5,"menu_order":0,"comment_status":"closed","ping_status":"closed","template":"","meta":{"footnotes":""},"class_list":["post-72","page","type-page","status-publish","hentry"],"_links":{"self":[{"href":"https:\/\/tv-jugenheim.de\/wp1\/wp-json\/wp\/v2\/pages\/72","targetHints":{"allow":["GET"]}}],"collection":[{"href":"https:\/\/tv-jugenheim.de\/wp1\/wp-json\/wp\/v2\/pages"}],"about":[{"href":"https:\/\/tv-jugenheim.de\/wp1\/wp-json\/wp\/v2\/types\/page"}],"author":[{"embeddable":true,"href":"https:\/\/tv-jugenheim.de\/wp1\/wp-json\/wp\/v2\/users\/2"}],"replies":[{"embeddable":true,"href":"https:\/\/tv-jugenheim.de\/wp1\/wp-json\/wp\/v2\/comments?post=72"}],"version-history":[{"count":62,"href":"https:\/\/tv-jugenheim.de\/wp1\/wp-json\/wp\/v2\/pages\/72\/revisions"}],"predecessor-version":[{"id":6109,"href":"https:\/\/tv-jugenheim.de\/wp1\/wp-json\/wp\/v2\/pages\/72\/revisions\/6109"}],"up":[{"embeddable":true,"href":"https:\/\/tv-jugenheim.de\/wp1\/wp-json\/wp\/v2\/pages\/5"}],"wp:attachment":[{"href":"https:\/\/tv-jugenheim.de\/wp1\/wp-json\/wp\/v2\/media?parent=72"}],"curies":[{"name":"wp","href":"https:\/\/api.w.org\/{rel}","templated":true}]}}