{"id":70,"date":"2014-06-28T17:35:10","date_gmt":"2014-06-28T17:35:10","guid":{"rendered":"http:\/\/wp.tv-jugenheim.de\/?page_id=70"},"modified":"2020-05-07T07:38:39","modified_gmt":"2020-05-07T05:38:39","slug":"linedance","status":"publish","type":"page","link":"https:\/\/tv-jugenheim.de\/wp1\/abteilung\/linedance\/","title":{"rendered":"Linedance"},"content":{"rendered":"<p><img loading=\"lazy\" decoding=\"async\" class=\"aligncenter size-full wp-image-3864\" src=\"https:\/\/tv-jugenheim.de\/wp-media\/2014\/06\/Linedance_2018.jpg\" alt=\"Linedance 2018\" width=\"1024\" height=\"604\" srcset=\"https:\/\/tv-jugenheim.de\/wp-media\/2014\/06\/Linedance_2018.jpg 1024w, https:\/\/tv-jugenheim.de\/wp-media\/2014\/06\/Linedance_2018-300x177.jpg 300w, https:\/\/tv-jugenheim.de\/wp-media\/2014\/06\/Linedance_2018-768x453.jpg 768w\" sizes=\"auto, (max-width: 1024px) 100vw, 1024px\" \/><\/p>\n<p>Was ist Linedance?<\/p>\n<p style=\"padding-left: 60px;\">Tanzen zu flotter Musik<br \/>\nmit anderen \u2013 aber ohne Partner &#8211;<br \/>\nnebeneinander, hintereinander<\/p>\n<p>das ist Line Dance!<\/p>\n<h2>\u00dcbungszeit<\/h2>\n<p>Dienstag 20:00 &#8211; 21:00 Uhr,TVJ Sportheim im Christian-Stock-Stadion<\/p>\n<h2>\u00dcbungsleiterin<\/h2>\n<p>Heidi Schemenauer (<a href=\"mailto:heidi.schemenauer@web.de\">heidi.schemenauer@web.de<\/a>, 062571785)<\/p>\n<h2>Information<\/h2>\n<p>Jeder Tanz besteht aus standardisierten Schrittfolgen, die weltweit gleich oder zumindest \u00e4hnlich getanzt werden. Dabei wird nicht nur die k\u00f6rperliche Fitness trainiert, sondern auch die Merkf\u00e4higkeit und Koordination. Das alles nat\u00fcrlich mit schwungvoller Musik.<\/p>\n<p>Unsere Line Dance Gruppe gibt es seit Sommer 2010. Im Jahr 2012 erreichten wir das Bronzene Tanzsportabzeichen, wir hatten dann auch unsere ersten \u00f6ffentlichen Auftritte. Dann folgte 2013 das Silberne und 2014 schlie\u00dflich das Goldene Tanzsportabzeichen.<\/p>\n<p>Wir haben viel Spa\u00df mit Country-, Pop- und lateinamerikanischer Musik, aber auch das gesellige Miteinander kommt bei uns nicht zu kurz.<\/p>\n<p>Ob Geburtstag, Hochzeit, Salat-, Kochk\u00e4se- oder Marmeladenparty\u2026 ein Anlass findet sich immer! Auch unternehmen wir gerne einmal einen Ausflug oder gehen zusammen ins Musical etc.<\/p>\n<p>Wer Lust bekommen hat, Line Dance auszuprobieren, ist jederzeit herzlich willkommen!<br \/>\nMit dem Motto:<\/p>\n<p style=\"text-align: center;\">Lieber in \u201eLine\u201c gemeinsam \u2013 als allein und einsam<\/p>\n","protected":false},"excerpt":{"rendered":"<p>Was ist Linedance? Tanzen zu flotter Musik mit anderen \u2013 aber ohne Partner &#8211; nebeneinander, hintereinander das ist Line Dance! \u00dcbungszeit Dienstag 20:00 &#8211; 21:00 Uhr,TVJ Sportheim im Christian-Stock-Stadion \u00dcbungsleiterin Heidi Schemenauer (heidi.schemenauer@web.de, 062571785) Information Jeder Tanz besteht aus standardisierten Schrittfolgen, die weltweit gleich oder zumindest \u00e4hnlich getanzt werden. Dabei <a class=\"more-link\" href=\"https:\/\/tv-jugenheim.de\/wp1\/abteilung\/linedance\/\"><span class=\"screen-reader-text\">  Linedance<\/span> weiterlesen<span class=\"meta-nav\">&rarr;<\/span><\/a><\/p>\n","protected":false},"author":2,"featured_media":0,"parent":5,"menu_order":0,"comment_status":"closed","ping_status":"closed","template":"","meta":{"footnotes":""},"class_list":["post-70","page","type-page","status-publish","hentry"],"_links":{"self":[{"href":"https:\/\/tv-jugenheim.de\/wp1\/wp-json\/wp\/v2\/pages\/70","targetHints":{"allow":["GET"]}}],"collection":[{"href":"https:\/\/tv-jugenheim.de\/wp1\/wp-json\/wp\/v2\/pages"}],"about":[{"href":"https:\/\/tv-jugenheim.de\/wp1\/wp-json\/wp\/v2\/types\/page"}],"author":[{"embeddable":true,"href":"https:\/\/tv-jugenheim.de\/wp1\/wp-json\/wp\/v2\/users\/2"}],"replies":[{"embeddable":true,"href":"https:\/\/tv-jugenheim.de\/wp1\/wp-json\/wp\/v2\/comments?post=70"}],"version-history":[{"count":32,"href":"https:\/\/tv-jugenheim.de\/wp1\/wp-json\/wp\/v2\/pages\/70\/revisions"}],"predecessor-version":[{"id":4484,"href":"https:\/\/tv-jugenheim.de\/wp1\/wp-json\/wp\/v2\/pages\/70\/revisions\/4484"}],"up":[{"embeddable":true,"href":"https:\/\/tv-jugenheim.de\/wp1\/wp-json\/wp\/v2\/pages\/5"}],"wp:attachment":[{"href":"https:\/\/tv-jugenheim.de\/wp1\/wp-json\/wp\/v2\/media?parent=70"}],"curies":[{"name":"wp","href":"https:\/\/api.w.org\/{rel}","templated":true}]}}