{"id":6370,"date":"2024-11-10T10:00:36","date_gmt":"2024-11-10T09:00:36","guid":{"rendered":"http:\/\/wp1.tv-jugenheim.de\/?page_id=6370"},"modified":"2024-11-10T10:00:36","modified_gmt":"2024-11-10T09:00:36","slug":"seniorengymnastik","status":"publish","type":"page","link":"https:\/\/tv-jugenheim.de\/wp1\/abteilung\/gymnastik\/seniorengymnastik\/","title":{"rendered":"Seniorengymnastik"},"content":{"rendered":"<p>Es geht darum, fit und gesund zu bleiben, die richtige Bewegung zu erlernen und gleichzeitig K\u00f6rper und Geist in Einklang zu bringen. Besonders im Fokus steht dabei ein umfassendes Herz-Kreislauf- und Ausdauertraining, das auf die Bed\u00fcrfnisse \u00e4lterer Menschen zugeschnitten ist. F\u00fcr alle, die auch im Alter aktiv bleiben und ihre Fitness verbessern wollen, ist dies die perfekte Gelegenheit. Die freundliche Atmosph\u00e4re und das moderate Training sorgen daf\u00fcr, dass jede und jeder unabh\u00e4ngig vom aktuellen Fitnesslevel mitmachen kann. Ob erfahren oder Einsteiger \u2014 alle sind herzlich eingeladen, vorbeizukommen und die neue Gruppe auszuprobieren&lt;<\/p>\n<h2>\u00dcbungszeit<\/h2>\n<p>Mittwoch, 16:45 \u2013 17:45 Uhr, <a href=\"https:\/\/www.openstreetmap.org\/?mlat=49.76205&amp;mlon=8.63581#map=17\/49.76205\/8.63581\" target=\"_blank\" rel=\"noopener noreferrer\">TVJ Sportheim im Christian-Stock-Stadion<\/a><\/p>\n<h2>\u00dcbungsleiterin<\/h2>\n<p>Helgard Drevenstedt<br \/>\nE-Mail: <a href=\"mailto:seniorengymnastik@tv-jugenheim.de\">seniorengymnastik@tv-jugenheim.de<\/a><\/p>\n","protected":false},"excerpt":{"rendered":"<p>Es geht darum, fit und gesund zu bleiben, die richtige Bewegung zu erlernen und gleichzeitig K\u00f6rper und Geist in Einklang zu bringen. Besonders im Fokus steht dabei ein umfassendes Herz-Kreislauf- und Ausdauertraining, das auf die Bed\u00fcrfnisse \u00e4lterer Menschen zugeschnitten ist. F\u00fcr alle, die auch im Alter aktiv bleiben und ihre <a class=\"more-link\" href=\"https:\/\/tv-jugenheim.de\/wp1\/abteilung\/gymnastik\/seniorengymnastik\/\"><span class=\"screen-reader-text\">  Seniorengymnastik<\/span> weiterlesen<span class=\"meta-nav\">&rarr;<\/span><\/a><\/p>\n","protected":false},"author":2,"featured_media":0,"parent":5261,"menu_order":0,"comment_status":"closed","ping_status":"closed","template":"","meta":{"footnotes":""},"class_list":["post-6370","page","type-page","status-publish","hentry"],"_links":{"self":[{"href":"https:\/\/tv-jugenheim.de\/wp1\/wp-json\/wp\/v2\/pages\/6370","targetHints":{"allow":["GET"]}}],"collection":[{"href":"https:\/\/tv-jugenheim.de\/wp1\/wp-json\/wp\/v2\/pages"}],"about":[{"href":"https:\/\/tv-jugenheim.de\/wp1\/wp-json\/wp\/v2\/types\/page"}],"author":[{"embeddable":true,"href":"https:\/\/tv-jugenheim.de\/wp1\/wp-json\/wp\/v2\/users\/2"}],"replies":[{"embeddable":true,"href":"https:\/\/tv-jugenheim.de\/wp1\/wp-json\/wp\/v2\/comments?post=6370"}],"version-history":[{"count":1,"href":"https:\/\/tv-jugenheim.de\/wp1\/wp-json\/wp\/v2\/pages\/6370\/revisions"}],"predecessor-version":[{"id":6371,"href":"https:\/\/tv-jugenheim.de\/wp1\/wp-json\/wp\/v2\/pages\/6370\/revisions\/6371"}],"up":[{"embeddable":true,"href":"https:\/\/tv-jugenheim.de\/wp1\/wp-json\/wp\/v2\/pages\/5261"}],"wp:attachment":[{"href":"https:\/\/tv-jugenheim.de\/wp1\/wp-json\/wp\/v2\/media?parent=6370"}],"curies":[{"name":"wp","href":"https:\/\/api.w.org\/{rel}","templated":true}]}}