{"id":62,"date":"2014-06-28T17:30:35","date_gmt":"2014-06-28T17:30:35","guid":{"rendered":"http:\/\/wp.tv-jugenheim.de\/?page_id=62"},"modified":"2026-03-07T15:23:30","modified_gmt":"2026-03-07T14:23:30","slug":"jiu-jitsu","status":"publish","type":"page","link":"https:\/\/tv-jugenheim.de\/wp1\/abteilung\/jiu-jitsu\/","title":{"rendered":"Jiu-Jitsu"},"content":{"rendered":"<address><img loading=\"lazy\" decoding=\"async\" class=\"wp-image-299 alignnone\" style=\"border-style: none;\" src=\"https:\/\/tv-jugenheim.de\/wp-media\/2014\/08\/Abzeichen-150x150.jpg\" alt=\"TVJ Jiu-Jitsu Logo\" width=\"200\" height=\"200\" srcset=\"https:\/\/tv-jugenheim.de\/wp-media\/2014\/08\/Abzeichen-150x150.jpg 150w, https:\/\/tv-jugenheim.de\/wp-media\/2014\/08\/Abzeichen.jpg 300w\" sizes=\"auto, (max-width: 200px) 100vw, 200px\" \/><img loading=\"lazy\" decoding=\"async\" class=\"alignnone wp-image-6526\" style=\"border-style: none;\" src=\"https:\/\/tv-jugenheim.de\/wp-media\/2025\/05\/Logo_LV-Rheinland-Pfalz-neu.jpg\" alt=\"\" width=\"205\" height=\"206\" \/><\/address>\n<h2><span style=\"color: #a4161c;\"><strong>Jiu-Jitsu ist Entwicklung.<\/strong><\/span><\/h2>\n<address>Seit <strong>\u00fcber 15 Jahren<\/strong> steht die Abteilung &#8222;<a href=\"https:\/\/tv-jugenheim.de\/wp1\/abteilung\/jiu-jitsu\/ueber-jiu-jitsu\/historie\/\">Jiu-Jitsu<\/a>&#8220; des TV Jugenheim f\u00fcr respektvollen Umgang miteinander, sportliche Fairness und gemeinsames Lernen. Seit ihrer Gr\u00fcndung als Nachfolgerin der Abteilung &#8222;Judo&#8220; im Jahr 2008 hat sich die Abteilung kontinuierlich weiterentwickelt \u2013 von einer kleinen Kindergruppe im Vereinsheim zu einer aktiven Gemeinschaft mit vielen Kampfk\u00fcnstlern in drei Trainingsgruppen. Bald fanden wir eine neue Heimat in der B\u00fcrgerhalle Jugenheim. Vor\u00fcbergehend trainierten unsere Jiu-Jitsuka sowohl dort als auch in der Sporthalle 27 des Schuldorfs Bergstra\u00dfe (SBS).<\/address>\n<h2><span style=\"color: #a4161c;\">Jiu-Jitsu ist Vielseitigkeit.<\/span><\/h2>\n<p>Jiu-Jitsu ist eine traditionelle japanische Kampfkunst mit einem modernen Selbstverteidigungskonzept. In unserem Training vermitteln wir neben <a href=\"https:\/\/tv-jugenheim.de\/wp1\/abteilung\/jiu-jitsu\/ueber-jiu-jitsu\/\">Techniken<\/a> auch Werte wie Respekt, Disziplin und Teamgeist. Ob W\u00fcrfe, Hebeltechniken, Schl\u00e4ge, Tritte oder Abwehr gegen bewaffnete Angreifer \u2013 das Training ist abwechslungsreich und f\u00f6rdert K\u00f6rper und Geist gleicherma\u00dfen.<\/p>\n<h2><span style=\"color: #a4161c;\">Jiu-Jitsu ist Tradition.<\/span><\/h2>\n<address>Die Trainingsst\u00e4tte in den japanischen Kampfk\u00fcnsten hei\u00dft <em><b>D\u014dj\u014d<\/b><\/em>; zu deutsch &#8222;Ort des Weges&#8220;. Dort trainieren wir in der traditionellen Bekleidung der japanischen Kampfk\u00fcnste, dem sogenannten <em>Gi<\/em>. Ein mehrstufiges <a href=\"https:\/\/tv-jugenheim.de\/wp1\/abteilung\/jiu-jitsu\/ueber-jiu-jitsu\/graduierungssystem\/\">Graduierungssystem<\/a> mit freiwilligen <a href=\"https:\/\/tv-jugenheim.de\/wp1\/abteilung\/jiu-jitsu\/veranstaltungen\/jiu-jitsu-pruefungen\/\">Pr\u00fcfungen<\/a> zeigt durch farbige G\u00fcrtel die pers\u00f6nliche Entwicklung unserer Jiu-Jitsuka. Ebenso geh\u00f6rt als Geste der H\u00f6flichkeit das Verbeugen &#8211; <em>Rei<\/em> &#8211; zu den traditionellen Element von Jiu-Jitsu.<\/address>\n<h2><span style=\"color: #a4161c;\"><strong>Jiu-Jitsu ist f\u00fcr alle da.<\/strong><\/span><\/h2>\n<address>Unser <a href=\"https:\/\/tv-jugenheim.de\/wp1\/abteilung\/jiu-jitsu\/trainingszeiten\/\">Trainingsangebot<\/a> richtet sich an alle Altersgruppen \u2013 von den J\u00fcngsten bis zu den Erwachsenen. Neueinsteiger sind jederzeit herzlich willkommen und werden behutsam an die Techniken herangef\u00fchrt. Fortgeschrittene und erfahrene Jiu-Jitsuka k\u00f6nnen ihre F\u00e4higkeiten stetig weiterentwickeln. Jiu-Jitsu bietet Menschen mit und ohne Beeintr\u00e4chtigung die Chance, gemeinsam zu trainieren, ihre St\u00e4rken zu entfalten und Teil einer respektvollen, inklusiven Gemeinschaft zu sein. <a href=\"https:\/\/tv-jugenheim.de\/wp1\/abteilung\/jiu-jitsu\/trainingszeiten\/kindertraining-2\/ist-es-sinnvoll-oder-gefaehrlich-mein-kind-jiu-jitsu-lernen-zu-lassen\/\">Informiere<\/a> Dich hierzu bei unserer <a href=\"https:\/\/tv-jugenheim.de\/wp1\/abteilung\/jiu-jitsu\/kontakt\/\">Abteilungsleitung<\/a>.<\/address>\n<h2><span style=\"color: #a4161c;\">Jiu-Jitsu ist Respekt.<\/span><\/h2>\n<address>Besonders wichtig ist uns das respektvolle Miteinander. Wir trainieren mit- und nicht gegeneinander \u2013 in einer offenen, freundlichen Atmosph\u00e4re, die von gegenseitigem Vertrauen und Teamgeist gepr\u00e4gt ist. Deshalb gelten in <b>D\u014dj\u014d<\/b> klare <a href=\"https:\/\/tv-jugenheim.de\/wp1\/abteilung\/jiu-jitsu\/ueber-jiu-jitsu\/dojo-etikette\/\">Regeln und Etiketten<\/a>.<\/address>\n<h2><span style=\"color: #a4161c;\"><strong>Jiu-Jitsu ist Gemeinschaft.<\/strong><\/span><\/h2>\n<p>Besonders stolz sind wir darauf, dass wir nicht nur ein Trainingsort, sondern auch eine Gemeinschaft sind. F\u00fcr unserer Kinder und Jugendliche biete die Abteilung j\u00e4hrlich ihre beliebte \u201e<a href=\"https:\/\/tv-jugenheim.de\/wp1\/abteilung\/jiu-jitsu\/veranstaltungen\/jiu-jitsu-freizeiten\/\">Jiu-Freizeit<\/a>\u201c an. Neben dem regul\u00e4ren Training nehmen unsere Jiu-Jitsukas regelm\u00e4\u00dfig an <a href=\"https:\/\/tv-jugenheim.de\/wp1\/abteilung\/jiu-jitsu\/veranstaltungen\/jiu-jitsu-lehrgaenge\/\">Lehrg\u00e4ngen<\/a> der Fachverb\u00e4nde teil. Seit 2017 geh\u00f6rt die Abteilung dem <a href=\"https:\/\/www.jjv-rp.de\/\">Jiu-Jitsu-Verband Rheinland-Pfalz e.V. (JJV-RP)<\/a> (externer Link) an. Unser Landesverband ist Mitglied im gr\u00f6\u00dften Fachverband f\u00fcr Jiu-Jitsu in Deutschland &#8211; dem <a href=\"https:\/\/djju.de\/\">Deutsche Jiu-Jitsu Union e.V. (DJJU)<\/a> (externer Link).<\/p>\n<h2><span style=\"color: #a4161c;\"><strong data-start=\"1238\" data-end=\"1287\">Jiu-Jitsu ist ein Weg.<\/strong><\/span><\/h2>\n<p>Du hast Lust ihn mit uns zu gehen? Dann schau gern in einer unser <a href=\"https:\/\/tv-jugenheim.de\/wp1\/abteilung\/jiu-jitsu\/trainingszeiten\/\">Trainingsgruppen<\/a> vorbei \u2013 wir freuen uns auf Dich! Ein unverbindliches Probetraining ist jederzeit m\u00f6glich. Bei Fragen wende Dich bitte an unsere <a href=\"https:\/\/tv-jugenheim.de\/wp1\/abteilung\/jiu-jitsu\/kontakt\/\">Abteilungsleitung<\/a>.<\/p>\n<address>\u00a0<\/address>\n<address>\n<address>\u00a0<\/address>\n<\/address>\n","protected":false},"excerpt":{"rendered":"<p>Jiu-Jitsu ist Entwicklung. Seit \u00fcber 15 Jahren steht die Abteilung &#8222;Jiu-Jitsu&#8220; des TV Jugenheim f\u00fcr respektvollen Umgang miteinander, sportliche Fairness und gemeinsames Lernen. Seit ihrer Gr\u00fcndung als Nachfolgerin der Abteilung &#8222;Judo&#8220; im Jahr 2008 hat sich die Abteilung kontinuierlich weiterentwickelt \u2013 von einer kleinen Kindergruppe im Vereinsheim zu einer aktiven <a class=\"more-link\" href=\"https:\/\/tv-jugenheim.de\/wp1\/abteilung\/jiu-jitsu\/\"><span class=\"screen-reader-text\">  Jiu-Jitsu<\/span> weiterlesen<span class=\"meta-nav\">&rarr;<\/span><\/a><\/p>\n","protected":false},"author":2,"featured_media":0,"parent":5,"menu_order":0,"comment_status":"closed","ping_status":"closed","template":"","meta":{"footnotes":""},"class_list":["post-62","page","type-page","status-publish","hentry"],"_links":{"self":[{"href":"https:\/\/tv-jugenheim.de\/wp1\/wp-json\/wp\/v2\/pages\/62","targetHints":{"allow":["GET"]}}],"collection":[{"href":"https:\/\/tv-jugenheim.de\/wp1\/wp-json\/wp\/v2\/pages"}],"about":[{"href":"https:\/\/tv-jugenheim.de\/wp1\/wp-json\/wp\/v2\/types\/page"}],"author":[{"embeddable":true,"href":"https:\/\/tv-jugenheim.de\/wp1\/wp-json\/wp\/v2\/users\/2"}],"replies":[{"embeddable":true,"href":"https:\/\/tv-jugenheim.de\/wp1\/wp-json\/wp\/v2\/comments?post=62"}],"version-history":[{"count":43,"href":"https:\/\/tv-jugenheim.de\/wp1\/wp-json\/wp\/v2\/pages\/62\/revisions"}],"predecessor-version":[{"id":6796,"href":"https:\/\/tv-jugenheim.de\/wp1\/wp-json\/wp\/v2\/pages\/62\/revisions\/6796"}],"up":[{"embeddable":true,"href":"https:\/\/tv-jugenheim.de\/wp1\/wp-json\/wp\/v2\/pages\/5"}],"wp:attachment":[{"href":"https:\/\/tv-jugenheim.de\/wp1\/wp-json\/wp\/v2\/media?parent=62"}],"curies":[{"name":"wp","href":"https:\/\/api.w.org\/{rel}","templated":true}]}}