{"id":602,"date":"2014-09-28T14:55:04","date_gmt":"2014-09-28T12:55:04","guid":{"rendered":"http:\/\/wp1.tv-jugenheim.de\/?page_id=602"},"modified":"2026-03-07T15:19:25","modified_gmt":"2026-03-07T14:19:25","slug":"kindertraining-2","status":"publish","type":"page","link":"https:\/\/tv-jugenheim.de\/wp1\/abteilung\/jiu-jitsu\/trainingszeiten\/kindertraining-2\/","title":{"rendered":"Kindertraining"},"content":{"rendered":"<p><a href=\"https:\/\/tv-jugenheim.de\/wp-media\/2023\/02\/Muschu-ganz-1.jpg\"><img loading=\"lazy\" decoding=\"async\" class=\"wp-image-5544 alignleft\" style=\"border-style: none;\" src=\"https:\/\/tv-jugenheim.de\/wp-media\/2023\/02\/Muschu-ganz-1.jpg\" alt=\"\" width=\"125\" height=\"139\" srcset=\"https:\/\/tv-jugenheim.de\/wp-media\/2023\/02\/Muschu-ganz-1.jpg 382w, https:\/\/tv-jugenheim.de\/wp-media\/2023\/02\/Muschu-ganz-1-267x300.jpg 267w\" sizes=\"auto, (max-width: 125px) 100vw, 125px\" \/><\/a>Jiu-Jitsu bietet Kindern ein ganzheitliches K\u00f6rpertraining. Sie k\u00f6nnen sich austoben, st\u00e4rken Muskelkraft und Kondition, f\u00f6rdern aber auch die wichtigen motorischen Eigenschaften wie Beweglichkeit, Schnelligkeit und Reaktionsverm\u00f6gen. Jiu-Jitsu kann zur Selbstverteidigung genutzt werden. Deshalb sind Griffe und Techniken, die der Abwehr eines Gegners dienen, Bestandteil des Trainings. Das Erlernen von Falltechniken ist nicht nur auf der Matte wichtig: auch bei St\u00fcrzen im Alltag sch\u00fctzen diese wirkungsvoll vor Verletzungen.<\/p>\n<table>\n<tbody>\n<tr>\n<td width=\"85\"><strong>Wochentag<\/strong><\/td>\n<td width=\"179\"><strong>Altersgruppe<\/strong><\/td>\n<td width=\"163\"><strong>Trainingszeiten<\/strong><\/td>\n<td width=\"165\"><strong>Anschrift des D\u014dj\u014d<\/strong><\/td>\n<\/tr>\n<tr>\n<td width=\"85\"><strong>Freitag<\/strong><\/td>\n<td width=\"179\"><strong>Kinder <\/strong><br \/>\n(6-10 Jahre)<\/td>\n<td width=\"163\">17:30 Uhr bis 19:00 Uhr<\/td>\n<td width=\"165\"><a href=\"https:\/\/w3w.co\/bestellt.gesundes.rappen\">B\u00fcrgerhalle Jugenheim (Sportlereingang Gutenbergstra\u00dfe)<\/a>, Bahnhofstra\u00dfe 12<\/td>\n<\/tr>\n<\/tbody>\n<\/table>\n<p><span style=\"color: #ff0000;\"><strong>Ein unverbindliches Probetraining in der Gruppe ist jederzeit m\u00f6glich.<\/strong><\/span><\/p>\n<p><a href=\"https:\/\/tv-jugenheim.de\/wp-media\/2016\/02\/Gruppe1.jpg\"><img loading=\"lazy\" decoding=\"async\" class=\"alignnone wp-image-2199 size-thumbnail\" src=\"https:\/\/tv-jugenheim.de\/wp-media\/2016\/02\/Gruppe1-150x150.jpg\" alt=\"Gruppe1\" width=\"150\" height=\"150\" \/><\/a><\/p>\n","protected":false},"excerpt":{"rendered":"<p>Jiu-Jitsu bietet Kindern ein ganzheitliches K\u00f6rpertraining. Sie k\u00f6nnen sich austoben, st\u00e4rken Muskelkraft und Kondition, f\u00f6rdern aber auch die wichtigen motorischen Eigenschaften wie Beweglichkeit, Schnelligkeit und Reaktionsverm\u00f6gen. Jiu-Jitsu kann zur Selbstverteidigung genutzt werden. Deshalb sind Griffe und Techniken, die der Abwehr eines Gegners dienen, Bestandteil des Trainings. Das Erlernen von Falltechniken <a class=\"more-link\" href=\"https:\/\/tv-jugenheim.de\/wp1\/abteilung\/jiu-jitsu\/trainingszeiten\/kindertraining-2\/\"><span class=\"screen-reader-text\">  Kindertraining<\/span> weiterlesen<span class=\"meta-nav\">&rarr;<\/span><\/a><\/p>\n","protected":false},"author":10,"featured_media":0,"parent":598,"menu_order":1,"comment_status":"closed","ping_status":"open","template":"","meta":{"footnotes":""},"class_list":["post-602","page","type-page","status-publish","hentry"],"_links":{"self":[{"href":"https:\/\/tv-jugenheim.de\/wp1\/wp-json\/wp\/v2\/pages\/602","targetHints":{"allow":["GET"]}}],"collection":[{"href":"https:\/\/tv-jugenheim.de\/wp1\/wp-json\/wp\/v2\/pages"}],"about":[{"href":"https:\/\/tv-jugenheim.de\/wp1\/wp-json\/wp\/v2\/types\/page"}],"author":[{"embeddable":true,"href":"https:\/\/tv-jugenheim.de\/wp1\/wp-json\/wp\/v2\/users\/10"}],"replies":[{"embeddable":true,"href":"https:\/\/tv-jugenheim.de\/wp1\/wp-json\/wp\/v2\/comments?post=602"}],"version-history":[{"count":16,"href":"https:\/\/tv-jugenheim.de\/wp1\/wp-json\/wp\/v2\/pages\/602\/revisions"}],"predecessor-version":[{"id":6793,"href":"https:\/\/tv-jugenheim.de\/wp1\/wp-json\/wp\/v2\/pages\/602\/revisions\/6793"}],"up":[{"embeddable":true,"href":"https:\/\/tv-jugenheim.de\/wp1\/wp-json\/wp\/v2\/pages\/598"}],"wp:attachment":[{"href":"https:\/\/tv-jugenheim.de\/wp1\/wp-json\/wp\/v2\/media?parent=602"}],"curies":[{"name":"wp","href":"https:\/\/api.w.org\/{rel}","templated":true}]}}