{"id":5395,"date":"2022-12-19T15:27:15","date_gmt":"2022-12-19T14:27:15","guid":{"rendered":"http:\/\/wp1.tv-jugenheim.de\/?page_id=5395"},"modified":"2023-03-25T10:06:17","modified_gmt":"2023-03-25T09:06:17","slug":"graduierungssystem","status":"publish","type":"page","link":"https:\/\/tv-jugenheim.de\/wp1\/abteilung\/jiu-jitsu\/ueber-jiu-jitsu\/graduierungssystem\/","title":{"rendered":"Graduierungssystem"},"content":{"rendered":"<p style=\"text-align: center;\"><em><strong>\u201eAuch der l\u00e4ngste Weg beginnt mit dem ersten Schritt.\u201c<\/strong><\/em><br \/>\n\u2013 <em>chinesische Weisheit<\/em> \u2013<sup><a id=\"anker1\" title=\"Zur Erl\u00e4uterung\" href=\"#fn1\">[1] <\/a><\/sup><\/p>\n<h6><strong>Keikogi und Obi<\/strong><\/h6>\n<p><img loading=\"lazy\" decoding=\"async\" class=\"wp-image-5557 alignright\" style=\"border-style: none;\" src=\"https:\/\/tv-jugenheim.de\/wp-media\/2023\/02\/Gi-mit-Abteilungsabzeichen.jpeg\" alt=\"\" width=\"157\" height=\"256\" \/>Die traditionelle Bekleidung in den japanischen Kampfk\u00fcnsten hei\u00dft <em>Keikogi<\/em> oder kurz <em>Gi<\/em>. Der <em>Keikogi<\/em> besteht in der Regel aus einer Jacke (jap. <em>Uwagi<\/em>), einer Hose (jap. <em>Zubon<\/em>) und einem G\u00fcrtel (jap. <em>Obi<\/em>). Der farbige <em>Obi<\/em> zeigt den Fortschritt des jeweiligen Jiu-Jitsukas an. Die japanischen Reisstroh-Sandalen (jap. <em>Zoris<\/em>) werden au\u00dferhalb der Matte (jap. <em>Tatami<\/em>) getragen (oder andere &#8222;Schlappen&#8220;).<\/p>\n<h6><strong>Sch\u00fcler- und Meistergrade<\/strong><\/h6>\n<p>Das Graduierungssystem in den japanischen Bud\u014d-K\u00fcnsten hei\u00dft <em>Ky\u016bdan<\/em>.<sup><a id=\"anker2\" title=\"Zur Erl\u00e4uterung\" href=\"#fn2\">[2] <\/a><\/sup> Es wird zwischen den Sch\u00fclergraden (6. bis 1. Ky\u016b) und den Meistergraden (1. bis 10. Dan) unterschieden. Die Abstufungen der Sch\u00fclergrade kann von Verband zu Verband variieren. In der Deutschen Jiu-Jitsu Union (DJJU) werden die Sch\u00fclergrade in sechs Stufen unterteilt.<\/p>\n<p><a href=\"https:\/\/tv-jugenheim.de\/wp-media\/2022\/12\/Schuelergrade-Kyu.png\"><img loading=\"lazy\" decoding=\"async\" class=\"alignnone size-full wp-image-5434\" style=\"border-style: none;\" src=\"https:\/\/tv-jugenheim.de\/wp-media\/2022\/12\/Schuelergrade-Kyu.png\" alt=\"\" width=\"948\" height=\"77\" srcset=\"https:\/\/tv-jugenheim.de\/wp-media\/2022\/12\/Schuelergrade-Kyu.png 948w, https:\/\/tv-jugenheim.de\/wp-media\/2022\/12\/Schuelergrade-Kyu-300x24.png 300w, https:\/\/tv-jugenheim.de\/wp-media\/2022\/12\/Schuelergrade-Kyu-768x62.png 768w\" sizes=\"auto, (max-width: 948px) 100vw, 948px\" \/><\/a><br \/>\n<a href=\"https:\/\/tv-jugenheim.de\/wp-media\/2022\/12\/Meistergrade-Dan.png\"><img loading=\"lazy\" decoding=\"async\" class=\"alignnone size-full wp-image-5475\" style=\"border-style: none;\" src=\"https:\/\/tv-jugenheim.de\/wp-media\/2022\/12\/Meistergrade-Dan.png\" alt=\"\" width=\"759\" height=\"78\" srcset=\"https:\/\/tv-jugenheim.de\/wp-media\/2022\/12\/Meistergrade-Dan.png 759w, https:\/\/tv-jugenheim.de\/wp-media\/2022\/12\/Meistergrade-Dan-300x31.png 300w\" sizes=\"auto, (max-width: 759px) 100vw, 759px\" \/><\/a><\/p>\n<h6><strong>G\u00fcrtelpr\u00fcfungen<\/strong><\/h6>\n<p>Die Jiu-Jitsu-Abteilung bietet mindestens einmal im Jahr Ky\u016b-<a href=\"https:\/\/tv-jugenheim.de\/wp1\/abteilung\/jiu-jitsu\/veranstaltungen\/jiu-jitsu-pruefungen\/\">Pr\u00fcfungen<\/a> bis einschlie\u00dflich 2. Ky\u016b Jiu-Jitsu an. Die Entscheidung \u00fcber die Zulassung zu einer G\u00fcrtelpr\u00fcfung obliegt dem zust\u00e4ndigen <a href=\"https:\/\/tv-jugenheim.de\/wp1\/abteilung\/jiu-jitsu\/trainerteam-2\/\">Trainerteam<\/a> und setzt unter anderem eine regelm\u00e4\u00dfige und ersthafte Trainingsteilnahme voraus. In unseren <a href=\"https:\/\/tv-jugenheim.de\/wp1\/abteilung\/jiu-jitsu\/trainingszeiten\/kindertraining-2\/\">Kinder<\/a>&#8211; und <a href=\"https:\/\/tv-jugenheim.de\/wp1\/abteilung\/jiu-jitsu\/trainingszeiten\/jugendtraining-2\/\">Jugend<\/a>gruppen wird die Trainingsteilnahme nachvollziehbar im Stempelheft dokumentiert. Die Pr\u00fcfungen zum 1. Ky\u016b Jiu-Jitsu und Dan-Pr\u00fcfungen bis einschlie\u00dflich des 5. Dan Jiu-Jitsu finden als Landes- bzw. Bundespr\u00fcfungen au\u00dferhalb des Vereins statt.<\/p>\n<hr \/>\n<div style=\"font-size: 12px;\">\n<ul style=\"list-style-type: none;\">\n<li id=\"fn1\"><a href=\"#anker1\">[1]<\/a> Zitiert nach <em>Wiehle<\/em>, Jiu Jitsu, Geschichte und Begriffe, Norderstedt 2007, S. 169.<\/li>\n<li id=\"fn2\"><a href=\"#anker2\">[2]<\/a> <em>Lind<\/em>, Das Lexikon der Kampfk\u00fcnste, Edition BSK, Berlin 2001, S. 370.<\/li>\n<\/ul>\n<\/div>\n","protected":false},"excerpt":{"rendered":"<p>\u201eAuch der l\u00e4ngste Weg beginnt mit dem ersten Schritt.\u201c \u2013 chinesische Weisheit \u2013[1] Keikogi und Obi Die traditionelle Bekleidung in den japanischen Kampfk\u00fcnsten hei\u00dft Keikogi oder kurz Gi. Der Keikogi besteht in der Regel aus einer Jacke (jap. Uwagi), einer Hose (jap. Zubon) und einem G\u00fcrtel (jap. Obi). Der farbige <a class=\"more-link\" href=\"https:\/\/tv-jugenheim.de\/wp1\/abteilung\/jiu-jitsu\/ueber-jiu-jitsu\/graduierungssystem\/\"><span class=\"screen-reader-text\">  Graduierungssystem<\/span> weiterlesen<span class=\"meta-nav\">&rarr;<\/span><\/a><\/p>\n","protected":false},"author":10,"featured_media":0,"parent":5382,"menu_order":2,"comment_status":"closed","ping_status":"closed","template":"","meta":{"footnotes":""},"class_list":["post-5395","page","type-page","status-publish","hentry"],"_links":{"self":[{"href":"https:\/\/tv-jugenheim.de\/wp1\/wp-json\/wp\/v2\/pages\/5395","targetHints":{"allow":["GET"]}}],"collection":[{"href":"https:\/\/tv-jugenheim.de\/wp1\/wp-json\/wp\/v2\/pages"}],"about":[{"href":"https:\/\/tv-jugenheim.de\/wp1\/wp-json\/wp\/v2\/types\/page"}],"author":[{"embeddable":true,"href":"https:\/\/tv-jugenheim.de\/wp1\/wp-json\/wp\/v2\/users\/10"}],"replies":[{"embeddable":true,"href":"https:\/\/tv-jugenheim.de\/wp1\/wp-json\/wp\/v2\/comments?post=5395"}],"version-history":[{"count":23,"href":"https:\/\/tv-jugenheim.de\/wp1\/wp-json\/wp\/v2\/pages\/5395\/revisions"}],"predecessor-version":[{"id":5597,"href":"https:\/\/tv-jugenheim.de\/wp1\/wp-json\/wp\/v2\/pages\/5395\/revisions\/5597"}],"up":[{"embeddable":true,"href":"https:\/\/tv-jugenheim.de\/wp1\/wp-json\/wp\/v2\/pages\/5382"}],"wp:attachment":[{"href":"https:\/\/tv-jugenheim.de\/wp1\/wp-json\/wp\/v2\/media?parent=5395"}],"curies":[{"name":"wp","href":"https:\/\/api.w.org\/{rel}","templated":true}]}}