{"id":4203,"date":"2019-05-24T07:17:32","date_gmt":"2019-05-24T05:17:32","guid":{"rendered":"http:\/\/wp1.tv-jugenheim.de\/?page_id=4203"},"modified":"2024-06-30T16:04:05","modified_gmt":"2024-06-30T14:04:05","slug":"kurse","status":"publish","type":"page","link":"https:\/\/tv-jugenheim.de\/wp1\/kurse\/","title":{"rendered":"Kurse"},"content":{"rendered":"<p>Der TV Jugenheim bietet neben seinem breiten Sportprogram auch Kurse f\u00fcr Mitglieder und Nicht-Mitglieder an. Diese Kurse sind in der Regel auf 10 Kurseinheiten beschr\u00e4nkt und werden bei entsprechender Nachfrage auch gerne weiter gef\u00fchrt.<\/p>\n<p>Unsere aktuell angebotenen Kurse:<\/p>\n<ul>\n<li><a href=\"https:\/\/tv-jugenheim.de\/wp1\/kurse\/pound\/\">POUND<\/a><\/li>\n<li><a href=\"https:\/\/tv-jugenheim.de\/wp1\/kurse\/yoga-auf-dem-stuhl\/\">Yoga auf dem Stuhl<\/a><\/li>\n<li><a href=\"https:\/\/tv-jugenheim.de\/wp1\/kurse\/zumba\/\">Zumba<\/a><\/li>\n<\/ul>\n","protected":false},"excerpt":{"rendered":"<p>Der TV Jugenheim bietet neben seinem breiten Sportprogram auch Kurse f\u00fcr Mitglieder und Nicht-Mitglieder an. Diese Kurse sind in der Regel auf 10 Kurseinheiten beschr\u00e4nkt und werden bei entsprechender Nachfrage auch gerne weiter gef\u00fchrt. Unsere aktuell angebotenen Kurse: POUND Yoga auf dem Stuhl Zumba<\/p>\n","protected":false},"author":2,"featured_media":0,"parent":0,"menu_order":3,"comment_status":"closed","ping_status":"closed","template":"","meta":{"footnotes":""},"class_list":["post-4203","page","type-page","status-publish","hentry"],"_links":{"self":[{"href":"https:\/\/tv-jugenheim.de\/wp1\/wp-json\/wp\/v2\/pages\/4203","targetHints":{"allow":["GET"]}}],"collection":[{"href":"https:\/\/tv-jugenheim.de\/wp1\/wp-json\/wp\/v2\/pages"}],"about":[{"href":"https:\/\/tv-jugenheim.de\/wp1\/wp-json\/wp\/v2\/types\/page"}],"author":[{"embeddable":true,"href":"https:\/\/tv-jugenheim.de\/wp1\/wp-json\/wp\/v2\/users\/2"}],"replies":[{"embeddable":true,"href":"https:\/\/tv-jugenheim.de\/wp1\/wp-json\/wp\/v2\/comments?post=4203"}],"version-history":[{"count":6,"href":"https:\/\/tv-jugenheim.de\/wp1\/wp-json\/wp\/v2\/pages\/4203\/revisions"}],"predecessor-version":[{"id":6198,"href":"https:\/\/tv-jugenheim.de\/wp1\/wp-json\/wp\/v2\/pages\/4203\/revisions\/6198"}],"wp:attachment":[{"href":"https:\/\/tv-jugenheim.de\/wp1\/wp-json\/wp\/v2\/media?parent=4203"}],"curies":[{"name":"wp","href":"https:\/\/api.w.org\/{rel}","templated":true}]}}