{"id":392,"date":"2014-09-10T19:49:29","date_gmt":"2014-09-10T17:49:29","guid":{"rendered":"http:\/\/wp1.tv-jugenheim.de\/?page_id=392"},"modified":"2026-02-25T09:24:40","modified_gmt":"2026-02-25T08:24:40","slug":"kinderturnen-0-3","status":"publish","type":"page","link":"https:\/\/tv-jugenheim.de\/wp1\/abteilung\/sport-fuer-kinder\/kinderturnen-0-3\/","title":{"rendered":"Eltern-Kind-Turnen (0 bis 3 Jahre)"},"content":{"rendered":"<p><a href=\"https:\/\/tv-jugenheim.de\/wp-media\/2014\/09\/turnen3.jpg\"><img loading=\"lazy\" decoding=\"async\" class=\"aligncenter wp-image-375 size-medium\" src=\"https:\/\/tv-jugenheim.de\/wp-media\/2014\/09\/turnen3-300x199.jpg\" alt=\"Kinderturnen\" width=\"300\" height=\"199\" srcset=\"https:\/\/tv-jugenheim.de\/wp-media\/2014\/09\/turnen3-300x199.jpg 300w, https:\/\/tv-jugenheim.de\/wp-media\/2014\/09\/turnen3.jpg 1024w\" sizes=\"auto, (max-width: 300px) 100vw, 300px\" \/><\/a><\/p>\n<h2>\u00dcbungstermine<\/h2>\n<p>Dienstag 9:00 &#8211; 10:30 Uhr, B\u00fcrgerhalle Jugenheim (die Kinder m\u00fcssen in Begleitung eines Erwachsenen sein)<\/p>\n<h2>\u00dcbungsleiterin<\/h2>\n<ul>\n<li style=\"list-style-type: none;\">\n<ul>\n<li>Tamara G\u00f6ttmann (<a href=\"mailto:eltern-kind-turnen@tv-jugenheim.de\">eltern-kind-turnen@tv-jugenheim.de<\/a>)<\/li>\n<\/ul>\n<\/li>\n<\/ul>\n<h2>Die Kinder k\u00f6nnen<\/h2>\n<p><a href=\"https:\/\/tv-jugenheim.de\/wp-media\/2014\/09\/img_6341_custom.jpg\"><img loading=\"lazy\" decoding=\"async\" class=\"alignleft wp-image-377 size-medium\" src=\"https:\/\/tv-jugenheim.de\/wp-media\/2014\/09\/img_6341_custom-300x200.jpg\" alt=\"Kinderturnen\" width=\"300\" height=\"200\" srcset=\"https:\/\/tv-jugenheim.de\/wp-media\/2014\/09\/img_6341_custom-300x200.jpg 300w, https:\/\/tv-jugenheim.de\/wp-media\/2014\/09\/img_6341_custom.jpg 1024w\" sizes=\"auto, (max-width: 300px) 100vw, 300px\" \/><\/a><\/p>\n<ul>\n<li>Sich mit Gleichaltrigen bewegen<\/li>\n<li>Erfahrungen im sozialen Verhalten sammeln<\/li>\n<li>Ihren K\u00f6rper besser kennen lernen<\/li>\n<li>Verschiedene Bewegungslandschaften erleben<\/li>\n<li>Lieder und Fingerspiele kennen lernen<\/li>\n<li>Krabbeln, laufen, gehen, h\u00fcpfen, klettern, schaukeln, balancieren<\/li>\n<\/ul>\n<h2>Die Erwachsenen<\/h2>\n<p><a href=\"https:\/\/tv-jugenheim.de\/wp-media\/2014\/09\/img_6330_custom.jpg\"><img loading=\"lazy\" decoding=\"async\" class=\"alignright wp-image-378 size-medium\" src=\"https:\/\/tv-jugenheim.de\/wp-media\/2014\/09\/img_6330_custom-300x200.jpg\" alt=\"Kinderturnen\" width=\"300\" height=\"200\" srcset=\"https:\/\/tv-jugenheim.de\/wp-media\/2014\/09\/img_6330_custom-300x200.jpg 300w, https:\/\/tv-jugenheim.de\/wp-media\/2014\/09\/img_6330_custom.jpg 1024w\" sizes=\"auto, (max-width: 300px) 100vw, 300px\" \/><\/a>Haben die M\u00f6glichkeit, ihre Kinder in Ruhe zu beobachten und \u00fcber die F\u00e4higkeiten und Kompetenzen der Kinder viel zu erfahren.<\/p>\n<h2>Ziel des Angebotes<\/h2>\n<ul>\n<li>Die Kinder in ihrer Bewegungsentwicklung zu unterst\u00fctzen<\/li>\n<li>Die Kinder sicherer im Umgang mit ihrem K\u00f6rper, den anderen Kindern und den angebotenen Materialien zu machen<\/li>\n<\/ul>\n<p>Auch Kinder mit Entwicklungsverz\u00f6gerungen sind herzlich willkommen!<\/p>\n","protected":false},"excerpt":{"rendered":"<p>\u00dcbungstermine Dienstag 9:00 &#8211; 10:30 Uhr, B\u00fcrgerhalle Jugenheim (die Kinder m\u00fcssen in Begleitung eines Erwachsenen sein) \u00dcbungsleiterin Tamara G\u00f6ttmann (eltern-kind-turnen@tv-jugenheim.de) Die Kinder k\u00f6nnen Sich mit Gleichaltrigen bewegen Erfahrungen im sozialen Verhalten sammeln Ihren K\u00f6rper besser kennen lernen Verschiedene Bewegungslandschaften erleben Lieder und Fingerspiele kennen lernen Krabbeln, laufen, gehen, h\u00fcpfen, klettern, <a class=\"more-link\" href=\"https:\/\/tv-jugenheim.de\/wp1\/abteilung\/sport-fuer-kinder\/kinderturnen-0-3\/\"><span class=\"screen-reader-text\">  Eltern-Kind-Turnen (0 bis 3 Jahre)<\/span> weiterlesen<span class=\"meta-nav\">&rarr;<\/span><\/a><\/p>\n","protected":false},"author":2,"featured_media":0,"parent":66,"menu_order":1,"comment_status":"closed","ping_status":"closed","template":"","meta":{"footnotes":""},"class_list":["post-392","page","type-page","status-publish","hentry"],"_links":{"self":[{"href":"https:\/\/tv-jugenheim.de\/wp1\/wp-json\/wp\/v2\/pages\/392","targetHints":{"allow":["GET"]}}],"collection":[{"href":"https:\/\/tv-jugenheim.de\/wp1\/wp-json\/wp\/v2\/pages"}],"about":[{"href":"https:\/\/tv-jugenheim.de\/wp1\/wp-json\/wp\/v2\/types\/page"}],"author":[{"embeddable":true,"href":"https:\/\/tv-jugenheim.de\/wp1\/wp-json\/wp\/v2\/users\/2"}],"replies":[{"embeddable":true,"href":"https:\/\/tv-jugenheim.de\/wp1\/wp-json\/wp\/v2\/comments?post=392"}],"version-history":[{"count":31,"href":"https:\/\/tv-jugenheim.de\/wp1\/wp-json\/wp\/v2\/pages\/392\/revisions"}],"predecessor-version":[{"id":6762,"href":"https:\/\/tv-jugenheim.de\/wp1\/wp-json\/wp\/v2\/pages\/392\/revisions\/6762"}],"up":[{"embeddable":true,"href":"https:\/\/tv-jugenheim.de\/wp1\/wp-json\/wp\/v2\/pages\/66"}],"wp:attachment":[{"href":"https:\/\/tv-jugenheim.de\/wp1\/wp-json\/wp\/v2\/media?parent=392"}],"curies":[{"name":"wp","href":"https:\/\/api.w.org\/{rel}","templated":true}]}}