{"id":2699,"date":"2016-08-09T21:36:14","date_gmt":"2016-08-09T19:36:14","guid":{"rendered":"http:\/\/wp1.tv-jugenheim.de\/?page_id=2699"},"modified":"2025-01-08T08:56:33","modified_gmt":"2025-01-08T07:56:33","slug":"yoga-auf-dem-stuhl","status":"publish","type":"page","link":"https:\/\/tv-jugenheim.de\/wp1\/kurse\/yoga-auf-dem-stuhl\/","title":{"rendered":"Yoga auf dem Stuhl"},"content":{"rendered":"<div class=\"entry-content\">\n<p>Yoga auf dem Stuhl ist eine vereinfachte, aber trotzdem sehr wirkungsvolle Form, Yoga zu \u00fcben. Den einfachen \u00dcbungen ist leicht zu folgen, denn es bedarf keinerlei Vorkenntnisse. Die leicht durchzuf\u00fchrenden Bewegungen im Sitzen (Stuhl) und gelegentlich im Stehen aktivieren Ihren K\u00f6rper auf sanfte Weise.\u00a0 Sie werden sich schon nach kurzer Zeit \u00fcber ein Mehr an Energie, Flexibilit\u00e4t und eine bessere K\u00f6rperwahrnehmung freuen. Aus der gro\u00dfen F\u00fclle an \u00dcbungen passen wir die Dehnungs-, Konzentrations- und Entspannungs\u00fcbungen individuell an. Auch spezielle Atem\u00fcbungen werden die Stunden bereichern. Lassen Sie sich auf das ganzheitliche Yoga-System ein und profitieren Sie von den positiven Wirkungen auf K\u00f6rper und Geist.<\/p>\n<h2>\u00dcbungszeit<\/h2>\n<p>Donnerstag 9:30 \u2013 11:00 Uhr, B\u00fcrgerhalle Jugenheim<\/p>\n<p>Dieser Yoga-Kurs wird als 10erBlock f\u00fcr Vereinsmitglieder zu 30 \u20ac und f\u00fcr NICHT-Mitglieder zu 60 \u20ac angeboten werden. <span style=\"color: #ff0000;\">Aktuell ist der Kurs ausgebucht, aber sie k\u00f6nnen sich gerne unter der unten angegebenen E-Mail Adresse auf die Warteliste setzen lassen.<\/span><\/p>\n<h2>\u00dcbungsleiterin<\/h2>\n<p>Beate Klein<br \/>\n<a href=\"mailto:yoga-im-sitzen@tv-jugenheim.de\">yoga-auf-dem-stuhl@tv-jugenheim.de<\/a><\/p>\n<p>Yogalehrerin I.Y. Beate Klein unterrichtet seit 2003 Yoga f\u00fcr alle Altersklassen sowie seit 1998 Heilgymnastik f\u00fcr den ShinSon Hapkido e.V.\u00a0 Spezielles Yoga f\u00fcr \u00c4ltere unterrichtet sie seit 2007 an unterschiedlichen Orten.<\/p>\n<p>&nbsp;<\/p>\n<\/div>\n","protected":false},"excerpt":{"rendered":"<p>Yoga auf dem Stuhl ist eine vereinfachte, aber trotzdem sehr wirkungsvolle Form, Yoga zu \u00fcben. Den einfachen \u00dcbungen ist leicht zu folgen, denn es bedarf keinerlei Vorkenntnisse. Die leicht durchzuf\u00fchrenden Bewegungen im Sitzen (Stuhl) und gelegentlich im Stehen aktivieren Ihren K\u00f6rper auf sanfte Weise.\u00a0 Sie werden sich schon nach kurzer <a class=\"more-link\" href=\"https:\/\/tv-jugenheim.de\/wp1\/kurse\/yoga-auf-dem-stuhl\/\"><span class=\"screen-reader-text\">  Yoga auf dem Stuhl<\/span> weiterlesen<span class=\"meta-nav\">&rarr;<\/span><\/a><\/p>\n","protected":false},"author":2,"featured_media":0,"parent":4203,"menu_order":0,"comment_status":"closed","ping_status":"closed","template":"","meta":{"footnotes":""},"class_list":["post-2699","page","type-page","status-publish","hentry"],"_links":{"self":[{"href":"https:\/\/tv-jugenheim.de\/wp1\/wp-json\/wp\/v2\/pages\/2699","targetHints":{"allow":["GET"]}}],"collection":[{"href":"https:\/\/tv-jugenheim.de\/wp1\/wp-json\/wp\/v2\/pages"}],"about":[{"href":"https:\/\/tv-jugenheim.de\/wp1\/wp-json\/wp\/v2\/types\/page"}],"author":[{"embeddable":true,"href":"https:\/\/tv-jugenheim.de\/wp1\/wp-json\/wp\/v2\/users\/2"}],"replies":[{"embeddable":true,"href":"https:\/\/tv-jugenheim.de\/wp1\/wp-json\/wp\/v2\/comments?post=2699"}],"version-history":[{"count":10,"href":"https:\/\/tv-jugenheim.de\/wp1\/wp-json\/wp\/v2\/pages\/2699\/revisions"}],"predecessor-version":[{"id":6431,"href":"https:\/\/tv-jugenheim.de\/wp1\/wp-json\/wp\/v2\/pages\/2699\/revisions\/6431"}],"up":[{"embeddable":true,"href":"https:\/\/tv-jugenheim.de\/wp1\/wp-json\/wp\/v2\/pages\/4203"}],"wp:attachment":[{"href":"https:\/\/tv-jugenheim.de\/wp1\/wp-json\/wp\/v2\/media?parent=2699"}],"curies":[{"name":"wp","href":"https:\/\/api.w.org\/{rel}","templated":true}]}}