{"id":2178,"date":"2016-01-29T13:42:08","date_gmt":"2016-01-29T11:42:08","guid":{"rendered":"http:\/\/wp1.tv-jugenheim.de\/?page_id=2178"},"modified":"2025-09-05T18:36:50","modified_gmt":"2025-09-05T16:36:50","slug":"jiu-jitsu-freizeiten","status":"publish","type":"page","link":"https:\/\/tv-jugenheim.de\/wp1\/abteilung\/jiu-jitsu\/veranstaltungen\/jiu-jitsu-freizeiten\/","title":{"rendered":"Jiu-Jitsu Freizeiten"},"content":{"rendered":"<h5><span style=\"color: #a4161c;\"><strong>Jiu-Freizeit 2025<\/strong><\/span><\/h5>\n<p>Vom 29.08. bis 31.08.2025 ging die erfolgreiche \u201eJiu-Freizeit\u201c in die n\u00e4chste Runde. Rund 30 Teilnehmende aus den <a href=\"https:\/\/tv-jugenheim.de\/wp1\/abteilung\/jiu-jitsu\/trainingszeiten\/kindertraining-2\/\">Kinder<\/a>&#8211; und <a href=\"https:\/\/tv-jugenheim.de\/wp1\/abteilung\/jiu-jitsu\/trainingszeiten\/jugendtraining-2\/\">Jugendgruppen<\/a> der Abteilung nahmen dieses Jahr teil. Sportlich wurde es nicht zuletzt beim integrierten\u00a0<a href=\"https:\/\/tv-jugenheim.de\/wp1\/abteilung\/jiu-jitsu\/veranstaltungen\/jiu-jitsu-lehrgaenge\/\">Kinder-Landestechniklehrgang<\/a> des Jiu-Jitsu Verbandes Rheinland-Pfalz mit dem badischen Gro\u00dfmeister <em>Achim Hanke<\/em> (u.a. 9. Dan Ju-Jutsu). Nach einem leckeren Eis erhielten die Teilnehmen zum Abschluss der Freizeit ihre neuen G\u00fcrtel unter dem Applaus der Eltern und Geschwister verliehen. Die <a href=\"https:\/\/tv-jugenheim.de\/wp1\/abteilung\/jiu-jitsu\/veranstaltungen\/jiu-jitsu-pruefungen\/\">Pr\u00fcfungen<\/a> wurden bereits vor den Sommerferien erfolgreich abgelegt. Langweilig wurde es bei viel Spiel und Spa\u00df in der Gruppe am Wochenende nie.<\/p>\n<figure id=\"attachment_5663\" aria-describedby=\"caption-attachment-5663\" style=\"width: 700px\" class=\"wp-caption alignnone\"><a href=\"https:\/\/tv-jugenheim.de\/wp-media\/2025\/09\/2025-Jiu-Freizeit-2025-46.jpeg\"><img loading=\"lazy\" decoding=\"async\" class=\"size-full wp-image-5663\" src=\"https:\/\/tv-jugenheim.de\/wp-media\/2025\/09\/2025-Jiu-Freizeit-2025-46.jpeg\" alt=\"\" width=\"700\" height=\"300\" \/><\/a><figcaption id=\"caption-attachment-5663\" class=\"wp-caption-text\">Foto: TV Jugenheim 1888 e.V. &#8211; Abt. Jiu-Jitsu<\/figcaption><\/figure>\n<hr \/>\n<h5><span style=\"color: #a4161c;\"><strong>Jiu-Freizeit 2024<\/strong><\/span><\/h5>\n<p>Nach vier Jahren pandemiebedingter Pause richtet die Abteilung Jiu-Jitsu des TV Jugenheim vom 30.08. bis 01.09.2024 erstmalig wieder ihre sogenannte \u201eJiu-Freizeit\u201c f\u00fcr die <a href=\"https:\/\/tv-jugenheim.de\/wp1\/abteilung\/jiu-jitsu\/trainingszeiten\/kindertraining-2\/\">Kinder<\/a>&#8211; und <a href=\"https:\/\/tv-jugenheim.de\/wp1\/abteilung\/jiu-jitsu\/trainingszeiten\/jugendtraining-2\/\">Jugendgruppen<\/a> der Abteilung aus. Rund 40 Teilnehmer verbrachten ein gemeinsames Wochenende voller Spiel und Spa\u00df und nat\u00fcrlich viel sportlicher Aktivit\u00e4t in Jugenheim. Neben dem <a href=\"https:\/\/tv-jugenheim.de\/wp1\/abteilung\/jiu-jitsu\/veranstaltungen\/jiu-jitsu-lehrgaenge\/\">Kinder-Landestechniklehrgangs<\/a> des Jiu-Jitsu Verbandes Rheinland-Pfalz mit dem badischen Gro\u00dfmeister <em>Achim Hanke<\/em> (u.a. 9. Dan Ju-Jutsu), geh\u00f6rte die Autogrammstunde mit dem ehemaligen Mittelfeldspieler von Eintracht Frankfurt <em>Sebastian Rode<\/em> zu den Highlights des Wochenendes. Auch bekamen die Kinder und Jugendlichen ihre neuen G\u00fcrtel anl\u00e4sslich der vor den Sommerferien bestandenen <a href=\"https:\/\/tv-jugenheim.de\/wp1\/abteilung\/jiu-jitsu\/veranstaltungen\/jiu-jitsu-pruefungen\/\">Pr\u00fcfung<\/a> in der japanischen Kampfkunst Jiu-Jitsu verliehen.<br \/>\nEin besonderer Dank geht an die Alnatura Super Natur M\u00e4rkte in Darmstadt (Heidelberger Stra\u00dfe), sowie in Bensheim (Fabrikstra\u00dfe), welche unser Wochenende mit vielen Vitaminen f\u00fcr die Kinder unterst\u00fctzten.<\/p>\n<figure id=\"attachment_5663\" aria-describedby=\"caption-attachment-5663\" style=\"width: 700px\" class=\"wp-caption alignnone\"><a href=\"https:\/\/tv-jugenheim.de\/wp-media\/2024\/09\/Kinder-Landestechniklehrgang-am-31.08.2024.jpg\"><img loading=\"lazy\" decoding=\"async\" class=\"size-full wp-image-5663\" src=\"https:\/\/tv-jugenheim.de\/wp-media\/2024\/09\/Kinder-Landestechniklehrgang-am-31.08.2024.jpg\" alt=\"\" width=\"700\" height=\"300\" \/><\/a><figcaption id=\"caption-attachment-5663\" class=\"wp-caption-text\">Foto: TV Jugenheim 1888 e.V. &#8211; Abt. Jiu-Jitsu<\/figcaption><\/figure>\n<figure id=\"attachment_5663\" aria-describedby=\"caption-attachment-5663\" style=\"width: 700px\" class=\"wp-caption alignnone\"><a href=\"https:\/\/tv-jugenheim.de\/wp-media\/2024\/09\/2024-08-30@174203-IMG_4004-e1725435585953.jpg\"><img loading=\"lazy\" decoding=\"async\" class=\"size-full wp-image-5663\" src=\"https:\/\/tv-jugenheim.de\/wp-media\/2024\/09\/2024-08-30@174203-IMG_4004-e1725435585953.jpg\" alt=\"\" width=\"700\" height=\"300\" \/><\/a><figcaption id=\"caption-attachment-5663\" class=\"wp-caption-text\">Foto: TV Jugenheim 1888 e.V. &#8211; Abt. Jiu-Jitsu<\/figcaption><\/figure>\n<hr \/>\n<h5><span style=\"color: #a4161c;\"><strong>Jiu-Freizeit 2019<\/strong><\/span><\/h5>\n<p>&#8211; Bericht folgt &#8211;<\/p>\n<hr \/>\n<h5><span style=\"color: #a4161c;\"><strong>Jiu-Freizeit 2018<\/strong><\/span><\/h5>\n<p>Vom 10. bis 12.08.2018 fand zum 8. Mal in Folge die Jiu-Freizeit in der B\u00fcrgerhalle in Jugenheim statt. F\u00fcnfzig Kinder und Jungendliche nahmen an der Freizeit teil. Aufgrund gro\u00dfz\u00fcgiger Spenden der Volksbank S\u00fcdhessen, der Fraport, der Firma Merck und der Sparkasse Darmstadt konnten wir f\u00fcr unsere Jubil\u00e4umsfreizeit den <em>Circus Waldoni<\/em> mit einem speziellen Workshop f\u00fcr unsere Kinder gewinnen. F\u00fcr die Kinder, Jugendlichen und die Betreuer war es ein erlebnis- und erfolgreiches Wochenende. Am Sonntag, den 12.08.2018 wurden die einstudierten Kunstst\u00fccke den Eltern in einer kleinen Circusvorstellung pr\u00e4sentiert. Die Eltern waren begeistert.<\/p>\n<p><a href=\"https:\/\/tv-jugenheim.de\/wp-media\/2018\/09\/Collage.jpg\"><img loading=\"lazy\" decoding=\"async\" class=\"alignnone wp-image-3946 size-medium\" src=\"https:\/\/tv-jugenheim.de\/wp-media\/2018\/09\/Collage-300x212.jpg\" alt=\"\" width=\"150\" height=\"150\" \/><\/a><\/p>\n<hr \/>\n<h5><span style=\"color: #a4161c;\"><strong>Jiu-Freizeit 2017<\/strong><\/span><\/h5>\n<p>In der Zeit vom 18. bis 20.08.2017 fand unsere sechste Jiu-Freizeit in der B\u00fcrgerhalle in Jugenheim statt. Mit mehr als f\u00fcnfzig Kinder und Jugendliche verbrachte das Trainerteam der Jiu-Jitsu-Abteilung ein abwechslungsreiches Wochenende wo neben der Abnahme des Jiu-Jitsu-Sportabzeichens auch Spiel und Spa\u00df nicht zu kurz gekommen sind. In diesem Jahr konnten die Kinder und Jugendlichen erstmals Fragen rund um das Thema Sicherheit und allgemeine Pr\u00e4ventivma\u00dfnahmen mit Herrn <em>Gengnagel<\/em> von der Polizei in Pfungstadt diskutieren und viel \u00fcber die Arbeit der Polizei erfahren.<br \/>\nF\u00fcr die notwendige Entspannung danach sorgten, ein Eisdielen- und Spielplatzbesuch ein Discoabend und zwei Filmn\u00e4chte. Auch dieses Jahr fand unsere Freizeit wieder unter Ausschluss der Eltern statt, was den Kindern und Jugendlichen viel Freude bereitete.\u00a0Auch f\u00fcr das leibliche Wohl war gesorgt. Bei diversen Nudelgerichten, gespendeten Knabbereien und ganz viel gesunden Nahrungsmitteln tankten unsere Sch\u00fctzlinge neue Kraft und gingen frisch gest\u00e4rkt zur\u00fcck an ihre Aufgaben, die sie mit Bravour meisterten. Am Ende konnten alle Teilnehmer das verdiente Sportabzeichen erwerben, welches im Rahmen unserer diesj\u00e4hrigen Weihnachtsfeier \u00fcberreicht wird. Es war wie jedes Jahr wieder eine rundum gelungene Freizeit. Wir vom Trainerteam und auch alle Eltern, Kinder und Jugendliche hoffen inst\u00e4ndig, dass es nicht unsere letzte Freizeit mit der Jiu-Jitsu-Abteilung war.<\/p>\n<p><img loading=\"lazy\" decoding=\"async\" class=\"alignnone wp-image-3651 size-full\" src=\"https:\/\/tv-jugenheim.de\/wp-media\/2017\/09\/CIMG3397.jpg\" alt=\"\" width=\"150\" height=\"150\" \/><\/p>\n<hr \/>\n<h5><span style=\"color: #a4161c;\"><strong>Jiu-Freizeit 2016<\/strong><\/span><\/h5>\n<p>Wie die vergangenen f\u00fcnf Jahre schon, fand auch dieses Jahr wieder unsere ber\u00fchmt ber\u00fcchtigte Jiu-Freizeit in der B\u00fcrgerhalle in Jugenheim statt. In der Zeit vom 02. bis 04.09.2016 stellten sich fast f\u00fcnfzig Kinder und Jugendliche der Aufgabe, vor unseren Pr\u00fcfern ihre F\u00e4higkeiten unter Beweis zu stellen und so ihr Jiu-Jitsu-Sportabzeichen zu erlangen. Neben hartem Training kamen jedoch auch Spiel und Spa\u00df nicht zu kurz: Freizeit im Christina-Stock-Stadion, ein Natale-Besuch, Disco am Abend und Filmn\u00e4chte sorgten f\u00fcr die rechte Entspannung zwischendrin, diesmal ganz ohne Eltern. Auch f\u00fcr das leibliche Wohl war gesorgt: bei Pizza und Lasagne von <em>Da Rino<\/em> in Bickenbach und gespendeten Knabbereien der Firma <em>Intersnack<\/em> tankten die Sch\u00fctzlinge neue Kraft und gingen frisch gest\u00e4rkt zur\u00fcck an ihre Aufgaben, die sie mit Bravour meisterten. Am Ende gab es f\u00fcr alle Teilnehmer das verdiente Sportabzeichen, welches im Rahmen der diesj\u00e4hrigen Weihnachtsfeier am 16.12.2016 \u00fcberreicht wird. Wir bedanken uns nochmal bei allen Helfern die diese Freizeit erst erm\u00f6glicht haben.<\/p>\n<p><a href=\"https:\/\/tv-jugenheim.de\/wp-media\/2016\/09\/CIMG2444.jpg\"><img loading=\"lazy\" decoding=\"async\" class=\"alignnone wp-image-1771 size-thumbnail\" src=\"https:\/\/tv-jugenheim.de\/wp-media\/2016\/09\/CIMG2444.jpg\" alt=\"Jiu-Freizeit 2016\" width=\"150\" height=\"150\" \/><\/a><\/p>\n<hr \/>\n<h5><span style=\"color: #a4161c;\"><strong>Jiu-Freizeit 2015<\/strong><\/span><\/h5>\n<p>Vom 11. bis zum 13.09.2015 fand unsere inzwischen schon legend\u00e4re Jiu-Freizeit das zweite Mal in der B\u00fcrgerhalle in Jugenheim statt. Die Jiu-Freizeit war gepr\u00e4gt von Pizza, Eis, Spa\u00df und vielen Trainingseinheiten. Dieses Jahr nahmen mehr als 40 unserer Kinder an der Freizeit teil. Wieder konnten wir sowohl auf die Hilfe unserer Eltern, als auch auf unserer Jungerwachsenen z\u00e4hlen. Alle Beteiligten hatten samstagabends an unserem bunten Grillabend mit den Eltern (diesmal \u00fcber 120 Personen) sehr viel Freude. Alle teilnehmenden Kinder erwarben im Rahmen dieser Veranstaltung wieder ihr Jiu-Jitsu-Sportabzeichen.<\/p>\n<p><strong>\u00a0<a href=\"https:\/\/tv-jugenheim.de\/wp-media\/2015\/09\/Danke-Wolf.jpg\"><img loading=\"lazy\" decoding=\"async\" class=\"alignnone wp-image-1771 size-thumbnail\" src=\"https:\/\/tv-jugenheim.de\/wp-media\/2015\/09\/Danke-Wolf-150x150.jpg\" alt=\"Danke Wolf\" width=\"150\" height=\"150\" \/><\/a>\u00a0 <a href=\"https:\/\/tv-jugenheim.de\/wp-media\/2015\/09\/CIMG2016.jpg\"><img loading=\"lazy\" decoding=\"async\" class=\"alignnone wp-image-1770 size-thumbnail\" src=\"https:\/\/tv-jugenheim.de\/wp-media\/2015\/09\/CIMG2016-150x150.jpg\" alt=\"CIMG2016\" width=\"150\" height=\"150\" \/><\/a><\/strong><\/p>\n<hr \/>\n<h5><span style=\"color: #a4161c;\"><strong>Jiu-Freizeit 2014<\/strong><\/span><\/h5>\n<p>Vom 11. bis zum 13.09.2014 fand unsere inzwischen schon legend\u00e4re Jiu-Freizeit erstmals in der B\u00fcrgerhalle in Jugenheim statt. Wie immer nahm eine gro\u00dfe Anzahl unserer Kinder an der Freizeit teil. Diesmal konnten wir sowohl auf die Hilfe einzelner Eltern, als auch auf unserer Jungerwachsenen z\u00e4hlen. Alle Beteiligten hatten Samstagabends an unserem bunten Grillabend mit den Eltern (\u00fcber 90 Personen) sehr viel Freude. Alle teilnehmenden Kinder erwarben im Rahmen dieser Veranstaltung wieder ihr Jiu-Jitsu-Sportabzeichen.<\/p>\n<p><a href=\"https:\/\/tv-jugenheim.de\/wp-media\/2014\/12\/D3100_32151.jpg\"><img loading=\"lazy\" decoding=\"async\" class=\"alignnone size-medium wp-image-1287\" src=\"https:\/\/tv-jugenheim.de\/wp-media\/2014\/12\/D3100_32151-300x206.jpg\" alt=\"D3100_3215\" width=\"300\" height=\"206\" srcset=\"https:\/\/tv-jugenheim.de\/wp-media\/2014\/12\/D3100_32151-300x206.jpg 300w, https:\/\/tv-jugenheim.de\/wp-media\/2014\/12\/D3100_32151-1024x703.jpg 1024w, https:\/\/tv-jugenheim.de\/wp-media\/2014\/12\/D3100_32151.jpg 1200w\" sizes=\"auto, (max-width: 300px) 100vw, 300px\" \/><\/a><\/p>\n","protected":false},"excerpt":{"rendered":"<p>Jiu-Freizeit 2025 Vom 29.08. bis 31.08.2025 ging die erfolgreiche \u201eJiu-Freizeit\u201c in die n\u00e4chste Runde. Rund 30 Teilnehmende aus den Kinder&#8211; und Jugendgruppen der Abteilung nahmen dieses Jahr teil. Sportlich wurde es nicht zuletzt beim integrierten\u00a0Kinder-Landestechniklehrgang des Jiu-Jitsu Verbandes Rheinland-Pfalz mit dem badischen Gro\u00dfmeister Achim Hanke (u.a. 9. Dan Ju-Jutsu). Nach <a class=\"more-link\" href=\"https:\/\/tv-jugenheim.de\/wp1\/abteilung\/jiu-jitsu\/veranstaltungen\/jiu-jitsu-freizeiten\/\"><span class=\"screen-reader-text\">  Jiu-Jitsu Freizeiten<\/span> weiterlesen<span class=\"meta-nav\">&rarr;<\/span><\/a><\/p>\n","protected":false},"author":10,"featured_media":0,"parent":817,"menu_order":2,"comment_status":"closed","ping_status":"closed","template":"","meta":{"footnotes":""},"class_list":["post-2178","page","type-page","status-publish","hentry"],"_links":{"self":[{"href":"https:\/\/tv-jugenheim.de\/wp1\/wp-json\/wp\/v2\/pages\/2178","targetHints":{"allow":["GET"]}}],"collection":[{"href":"https:\/\/tv-jugenheim.de\/wp1\/wp-json\/wp\/v2\/pages"}],"about":[{"href":"https:\/\/tv-jugenheim.de\/wp1\/wp-json\/wp\/v2\/types\/page"}],"author":[{"embeddable":true,"href":"https:\/\/tv-jugenheim.de\/wp1\/wp-json\/wp\/v2\/users\/10"}],"replies":[{"embeddable":true,"href":"https:\/\/tv-jugenheim.de\/wp1\/wp-json\/wp\/v2\/comments?post=2178"}],"version-history":[{"count":15,"href":"https:\/\/tv-jugenheim.de\/wp1\/wp-json\/wp\/v2\/pages\/2178\/revisions"}],"predecessor-version":[{"id":6645,"href":"https:\/\/tv-jugenheim.de\/wp1\/wp-json\/wp\/v2\/pages\/2178\/revisions\/6645"}],"up":[{"embeddable":true,"href":"https:\/\/tv-jugenheim.de\/wp1\/wp-json\/wp\/v2\/pages\/817"}],"wp:attachment":[{"href":"https:\/\/tv-jugenheim.de\/wp1\/wp-json\/wp\/v2\/media?parent=2178"}],"curies":[{"name":"wp","href":"https:\/\/api.w.org\/{rel}","templated":true}]}}