{"id":2172,"date":"2016-01-29T13:19:22","date_gmt":"2016-01-29T11:19:22","guid":{"rendered":"http:\/\/wp1.tv-jugenheim.de\/?page_id=2172"},"modified":"2016-01-29T13:21:27","modified_gmt":"2016-01-29T11:21:27","slug":"herbst-2014","status":"publish","type":"page","link":"https:\/\/tv-jugenheim.de\/wp1\/abteilung\/jiu-jitsu\/trainingszeiten\/frauen-selbst-sicherheit\/herbst-2014\/","title":{"rendered":"Herbst 2014"},"content":{"rendered":"<p><strong><span style=\"text-decoration: underline;\">Frauenselbstbehauptungskurs ab Oktober 2014<\/span><\/strong><\/p>\n<p>Im Herbst konnten wir erfreulicherweise unseren zweiten Frauenselbstbehauptungskurs anbieten. Mit diesmal 8 Teilnehmerinnen haben wir wieder sehr vielf\u00e4ltige und kurzweilige Stunden verbringen k\u00f6nnen. \u00a0Bei diesem Kurs kam auch erstmals unser neu erworbener Fist-Anzug (Schutzanzug) zum Einsatz, an dem sich die Frauen ausgiebig austoben konnten. Unser m\u00e4nnlicher Kursleiter G\u00fcnter Daum erlitt bei der einen oder anderen Verteidigungstechnik \u00a0durchaus sichtbare Blessuren ;-), was mir als weibliche Kursleiterin erspart blieb ;-))<\/p>\n<p><a href=\"https:\/\/tv-jugenheim.de\/wp-media\/2014\/12\/20141119_2027261.jpg\"><img loading=\"lazy\" decoding=\"async\" class=\"alignnone wp-image-1292 size-thumbnail\" src=\"https:\/\/tv-jugenheim.de\/wp-media\/2014\/12\/20141119_2027261-150x150.jpg\" alt=\"20141119_202726\" width=\"150\" height=\"150\" \/><\/a><a href=\"https:\/\/tv-jugenheim.de\/wp-media\/2014\/12\/20141119_2028401.jpg\"><img loading=\"lazy\" decoding=\"async\" class=\"alignnone wp-image-1293 size-thumbnail\" src=\"https:\/\/tv-jugenheim.de\/wp-media\/2014\/12\/20141119_2028401-150x150.jpg\" alt=\"20141119_202840\" width=\"150\" height=\"150\" \/><\/a><\/p>\n<p>Auf vielfachen Wunsch unserer Kursteilnehmerinnen, werden wir ab dem n\u00e4chsten Jahr zu den zwei Frauenselbstbehauptungskursen auch Aufbaukurse und ggf. ein regelm\u00e4\u00dfiges Aufbautraining im monatlichen Rhythmus anbieten.<\/p>\n<p><a href=\"https:\/\/tv-jugenheim.de\/wp-media\/2014\/12\/20141126_2110201.jpg\"><img loading=\"lazy\" decoding=\"async\" class=\"alignnone wp-image-1294 size-thumbnail\" src=\"https:\/\/tv-jugenheim.de\/wp-media\/2014\/12\/20141126_2110201-150x150.jpg\" alt=\"20141126_211020\" width=\"150\" height=\"150\" \/><\/a><\/p>\n","protected":false},"excerpt":{"rendered":"<p>Frauenselbstbehauptungskurs ab Oktober 2014 Im Herbst konnten wir erfreulicherweise unseren zweiten Frauenselbstbehauptungskurs anbieten. Mit diesmal 8 Teilnehmerinnen haben wir wieder sehr vielf\u00e4ltige und kurzweilige Stunden verbringen k\u00f6nnen. \u00a0Bei diesem Kurs kam auch erstmals unser neu erworbener Fist-Anzug (Schutzanzug) zum Einsatz, an dem sich die Frauen ausgiebig austoben konnten. Unser m\u00e4nnlicher <a class=\"more-link\" href=\"https:\/\/tv-jugenheim.de\/wp1\/abteilung\/jiu-jitsu\/trainingszeiten\/frauen-selbst-sicherheit\/herbst-2014\/\"><span class=\"screen-reader-text\">  Herbst 2014<\/span> weiterlesen<span class=\"meta-nav\">&rarr;<\/span><\/a><\/p>\n","protected":false},"author":10,"featured_media":0,"parent":554,"menu_order":1,"comment_status":"closed","ping_status":"closed","template":"","meta":{"footnotes":""},"class_list":["post-2172","page","type-page","status-publish","hentry"],"_links":{"self":[{"href":"https:\/\/tv-jugenheim.de\/wp1\/wp-json\/wp\/v2\/pages\/2172","targetHints":{"allow":["GET"]}}],"collection":[{"href":"https:\/\/tv-jugenheim.de\/wp1\/wp-json\/wp\/v2\/pages"}],"about":[{"href":"https:\/\/tv-jugenheim.de\/wp1\/wp-json\/wp\/v2\/types\/page"}],"author":[{"embeddable":true,"href":"https:\/\/tv-jugenheim.de\/wp1\/wp-json\/wp\/v2\/users\/10"}],"replies":[{"embeddable":true,"href":"https:\/\/tv-jugenheim.de\/wp1\/wp-json\/wp\/v2\/comments?post=2172"}],"version-history":[{"count":1,"href":"https:\/\/tv-jugenheim.de\/wp1\/wp-json\/wp\/v2\/pages\/2172\/revisions"}],"predecessor-version":[{"id":2173,"href":"https:\/\/tv-jugenheim.de\/wp1\/wp-json\/wp\/v2\/pages\/2172\/revisions\/2173"}],"up":[{"embeddable":true,"href":"https:\/\/tv-jugenheim.de\/wp1\/wp-json\/wp\/v2\/pages\/554"}],"wp:attachment":[{"href":"https:\/\/tv-jugenheim.de\/wp1\/wp-json\/wp\/v2\/media?parent=2172"}],"curies":[{"name":"wp","href":"https:\/\/api.w.org\/{rel}","templated":true}]}}